{"id":176,"date":"2016-01-04T09:46:01","date_gmt":"2016-01-04T12:46:01","guid":{"rendered":"http:\/\/www.qualinove.com.br\/site\/?page_id=176"},"modified":"2026-03-10T10:13:16","modified_gmt":"2026-03-10T13:13:16","slug":"clientes","status":"publish","type":"page","link":"http:\/\/www.qualinove.com.br\/site\/clientes\/","title":{"rendered":"Clientes"},"content":{"rendered":"<p>Veja abaixo alguns clientes que possuem parceria com a Qualinove<\/p>\n\n\t\t<style type=\"text\/css\">\n\t\t\t#gallery-1 {\n\t\t\t\tmargin: auto;\n\t\t\t}\n\t\t\t#gallery-1 .gallery-item {\n\t\t\t\tfloat: left;\n\t\t\t\tmargin-top: 10px;\n\t\t\t\ttext-align: center;\n\t\t\t\twidth: 25%;\n\t\t\t}\n\t\t\t#gallery-1 img {\n\t\t\t\tborder: 2px solid #cfcfcf;\n\t\t\t}\n\t\t\t#gallery-1 .gallery-caption {\n\t\t\t\tmargin-left: 0;\n\t\t\t}\n\t\t\t\/* see gallery_shortcode() in wp-includes\/media.php *\/\n\t\t<\/style>\n\t\t<div id='gallery-1' class='gallery galleryid-176 gallery-columns-4 gallery-size-medium'><dl class='gallery-item'>\n\t\t\t<dt class='gallery-icon landscape'>\n\t\t\t\t<img loading=\"lazy\" decoding=\"async\" width=\"172\" height=\"168\" src=\"http:\/\/www.qualinove.com.br\/site\/wp-content\/uploads\/2026\/02\/bvlp.jpg\" class=\"attachment-medium size-medium\" alt=\"\" \/>\n\t\t\t<\/dt><\/dl><dl class='gallery-item'>\n\t\t\t<dt class='gallery-icon landscape'>\n\t\t\t\t<img loading=\"lazy\" decoding=\"async\" width=\"151\" height=\"102\" src=\"http:\/\/www.qualinove.com.br\/site\/wp-content\/uploads\/2026\/02\/logo.png\" class=\"attachment-medium size-medium\" alt=\"\" \/>\n\t\t\t<\/dt><\/dl><dl class='gallery-item'>\n\t\t\t<dt class='gallery-icon landscape'>\n\t\t\t\t<img loading=\"lazy\" decoding=\"async\" width=\"171\" height=\"67\" src=\"http:\/\/www.qualinove.com.br\/site\/wp-content\/uploads\/2016\/01\/destra.jpg\" class=\"attachment-medium size-medium\" alt=\"Destra\" \/>\n\t\t\t<\/dt><\/dl><dl class='gallery-item'>\n\t\t\t<dt class='gallery-icon landscape'>\n\t\t\t\t<img loading=\"lazy\" decoding=\"async\" width=\"300\" height=\"66\" src=\"http:\/\/www.qualinove.com.br\/site\/wp-content\/uploads\/2026\/03\/logo-era-verde-2-300x66.png\" class=\"attachment-medium size-medium\" alt=\"\" srcset=\"http:\/\/www.qualinove.com.br\/site\/wp-content\/uploads\/2026\/03\/logo-era-verde-2-300x66.png 300w, http:\/\/www.qualinove.com.br\/site\/wp-content\/uploads\/2026\/03\/logo-era-verde-2-768x168.png 768w, http:\/\/www.qualinove.com.br\/site\/wp-content\/uploads\/2026\/03\/logo-era-verde-2.png 791w\" sizes=\"auto, (max-width: 300px) 100vw, 300px\" \/>\n\t\t\t<\/dt><\/dl><br style=\"clear: both\" \/><dl class='gallery-item'>\n\t\t\t<dt class='gallery-icon landscape'>\n\t\t\t\t<img loading=\"lazy\" decoding=\"async\" width=\"300\" height=\"75\" src=\"http:\/\/www.qualinove.com.br\/site\/wp-content\/uploads\/2026\/02\/er-300x75.jpg\" class=\"attachment-medium size-medium\" alt=\"\" srcset=\"http:\/\/www.qualinove.com.br\/site\/wp-content\/uploads\/2026\/02\/er-300x75.jpg 300w, http:\/\/www.qualinove.com.br\/site\/wp-content\/uploads\/2026\/02\/er.jpg 302w\" sizes=\"auto, (max-width: 300px) 100vw, 300px\" \/>\n\t\t\t<\/dt><\/dl><dl class='gallery-item'>\n\t\t\t<dt class='gallery-icon landscape'>\n\t\t\t\t<img loading=\"lazy\" decoding=\"async\" width=\"200\" height=\"120\" src=\"http:\/\/www.qualinove.com.br\/site\/wp-content\/uploads\/2026\/02\/download.png\" class=\"attachment-medium size-medium\" alt=\"Favero e Vaughan Advocacia\" \/>\n\t\t\t<\/dt><\/dl><dl class='gallery-item'>\n\t\t\t<dt class='gallery-icon landscape'>\n\t\t\t\t<img loading=\"lazy\" decoding=\"async\" width=\"300\" height=\"75\" src=\"http:\/\/www.qualinove.com.br\/site\/wp-content\/uploads\/2026\/02\/Galena-300x75.png\" class=\"attachment-medium size-medium\" alt=\"\" srcset=\"http:\/\/www.qualinove.com.br\/site\/wp-content\/uploads\/2026\/02\/Galena-300x75.png 300w, http:\/\/www.qualinove.com.br\/site\/wp-content\/uploads\/2026\/02\/Galena.png 450w\" sizes=\"auto, (max-width: 300px) 100vw, 300px\" \/>\n\t\t\t<\/dt><\/dl><dl class='gallery-item'>\n\t\t\t<dt class='gallery-icon landscape'>\n\t\t\t\t<img loading=\"lazy\" decoding=\"async\" width=\"225\" height=\"225\" src=\"http:\/\/www.qualinove.com.br\/site\/wp-content\/uploads\/2026\/02\/garbuio.png\" class=\"attachment-medium size-medium\" alt=\"Garbuio\" srcset=\"http:\/\/www.qualinove.com.br\/site\/wp-content\/uploads\/2026\/02\/garbuio.png 225w, http:\/\/www.qualinove.com.br\/site\/wp-content\/uploads\/2026\/02\/garbuio-150x150.png 150w, http:\/\/www.qualinove.com.br\/site\/wp-content\/uploads\/2026\/02\/garbuio-100x100.png 100w\" sizes=\"auto, (max-width: 225px) 100vw, 225px\" \/>\n\t\t\t<\/dt><\/dl><br style=\"clear: both\" \/><dl class='gallery-item'>\n\t\t\t<dt class='gallery-icon landscape'>\n\t\t\t\t<img loading=\"lazy\" decoding=\"async\" width=\"300\" height=\"137\" src=\"http:\/\/www.qualinove.com.br\/site\/wp-content\/uploads\/2026\/02\/logo-dark-300x137.png\" class=\"attachment-medium size-medium\" alt=\"\" srcset=\"http:\/\/www.qualinove.com.br\/site\/wp-content\/uploads\/2026\/02\/logo-dark-300x137.png 300w, http:\/\/www.qualinove.com.br\/site\/wp-content\/uploads\/2026\/02\/logo-dark-768x350.png 768w, http:\/\/www.qualinove.com.br\/site\/wp-content\/uploads\/2026\/02\/logo-dark.png 867w\" sizes=\"auto, (max-width: 300px) 100vw, 300px\" \/>\n\t\t\t<\/dt><\/dl><dl class='gallery-item'>\n\t\t\t<dt class='gallery-icon landscape'>\n\t\t\t\t<img loading=\"lazy\" decoding=\"async\" width=\"260\" height=\"79\" src=\"http:\/\/www.qualinove.com.br\/site\/wp-content\/uploads\/2026\/02\/LUCHI.jpg\" class=\"attachment-medium size-medium\" alt=\"LUCHI\" \/>\n\t\t\t<\/dt><\/dl><dl class='gallery-item'>\n\t\t\t<dt class='gallery-icon landscape'>\n\t\t\t\t<img loading=\"lazy\" decoding=\"async\" width=\"225\" height=\"225\" src=\"http:\/\/www.qualinove.com.br\/site\/wp-content\/uploads\/2026\/02\/magie.jpg\" class=\"attachment-medium size-medium\" alt=\"\" srcset=\"http:\/\/www.qualinove.com.br\/site\/wp-content\/uploads\/2026\/02\/magie.jpg 225w, http:\/\/www.qualinove.com.br\/site\/wp-content\/uploads\/2026\/02\/magie-150x150.jpg 150w, http:\/\/www.qualinove.com.br\/site\/wp-content\/uploads\/2026\/02\/magie-100x100.jpg 100w\" sizes=\"auto, (max-width: 225px) 100vw, 225px\" \/>\n\t\t\t<\/dt><\/dl><dl class='gallery-item'>\n\t\t\t<dt class='gallery-icon landscape'>\n\t\t\t\t<img loading=\"lazy\" decoding=\"async\" width=\"300\" height=\"59\" src=\"http:\/\/www.qualinove.com.br\/site\/wp-content\/uploads\/2026\/02\/WhatsApp-Image-2026-02-11-at-17.44.15-300x59.jpeg\" class=\"attachment-medium size-medium\" alt=\"\" srcset=\"http:\/\/www.qualinove.com.br\/site\/wp-content\/uploads\/2026\/02\/WhatsApp-Image-2026-02-11-at-17.44.15-300x59.jpeg 300w, http:\/\/www.qualinove.com.br\/site\/wp-content\/uploads\/2026\/02\/WhatsApp-Image-2026-02-11-at-17.44.15-768x150.jpeg 768w, http:\/\/www.qualinove.com.br\/site\/wp-content\/uploads\/2026\/02\/WhatsApp-Image-2026-02-11-at-17.44.15.jpeg 781w\" sizes=\"auto, (max-width: 300px) 100vw, 300px\" \/>\n\t\t\t<\/dt><\/dl><br style=\"clear: both\" \/><dl class='gallery-item'>\n\t\t\t<dt class='gallery-icon landscape'>\n\t\t\t\t<img loading=\"lazy\" decoding=\"async\" width=\"300\" height=\"300\" src=\"http:\/\/www.qualinove.com.br\/site\/wp-content\/uploads\/2026\/02\/WhatsApp-Image-2026-02-11-at-17.55.49-300x300.jpeg\" class=\"attachment-medium size-medium\" alt=\"\" srcset=\"http:\/\/www.qualinove.com.br\/site\/wp-content\/uploads\/2026\/02\/WhatsApp-Image-2026-02-11-at-17.55.49-300x300.jpeg 300w, http:\/\/www.qualinove.com.br\/site\/wp-content\/uploads\/2026\/02\/WhatsApp-Image-2026-02-11-at-17.55.49-150x150.jpeg 150w, http:\/\/www.qualinove.com.br\/site\/wp-content\/uploads\/2026\/02\/WhatsApp-Image-2026-02-11-at-17.55.49-100x100.jpeg 100w, http:\/\/www.qualinove.com.br\/site\/wp-content\/uploads\/2026\/02\/WhatsApp-Image-2026-02-11-at-17.55.49.jpeg 500w\" sizes=\"auto, (max-width: 300px) 100vw, 300px\" \/>\n\t\t\t<\/dt><\/dl><dl class='gallery-item'>\n\t\t\t<dt class='gallery-icon landscape'>\n\t\t\t\t<img loading=\"lazy\" decoding=\"async\" width=\"264\" height=\"107\" src=\"http:\/\/www.qualinove.com.br\/site\/wp-content\/uploads\/2026\/02\/WhatsApp-Image-2026-02-13-at-09.12.43.jpeg\" class=\"attachment-medium size-medium\" alt=\"\" \/>\n\t\t\t<\/dt><\/dl><dl class='gallery-item'>\n\t\t\t<dt class='gallery-icon landscape'>\n\t\t\t\t<img loading=\"lazy\" decoding=\"async\" width=\"300\" height=\"84\" src=\"http:\/\/www.qualinove.com.br\/site\/wp-content\/uploads\/2026\/02\/download-3-300x84.png\" class=\"attachment-medium size-medium\" alt=\"\" srcset=\"http:\/\/www.qualinove.com.br\/site\/wp-content\/uploads\/2026\/02\/download-3-300x84.png 300w, http:\/\/www.qualinove.com.br\/site\/wp-content\/uploads\/2026\/02\/download-3.png 424w\" sizes=\"auto, (max-width: 300px) 100vw, 300px\" \/>\n\t\t\t<\/dt><\/dl><dl class='gallery-item'>\n\t\t\t<dt class='gallery-icon landscape'>\n\t\t\t\t<img loading=\"lazy\" decoding=\"async\" width=\"287\" height=\"175\" src=\"http:\/\/www.qualinove.com.br\/site\/wp-content\/uploads\/2026\/02\/protdesc.jpg\" class=\"attachment-medium size-medium\" alt=\"\" \/>\n\t\t\t<\/dt><\/dl><br style=\"clear: both\" \/><dl class='gallery-item'>\n\t\t\t<dt class='gallery-icon landscape'>\n\t\t\t\t<img loading=\"lazy\" decoding=\"async\" width=\"259\" height=\"195\" src=\"http:\/\/www.qualinove.com.br\/site\/wp-content\/uploads\/2026\/02\/download-4.png\" class=\"attachment-medium size-medium\" alt=\"\" \/>\n\t\t\t<\/dt><\/dl><dl class='gallery-item'>\n\t\t\t<dt class='gallery-icon landscape'>\n\t\t\t\t<img loading=\"lazy\" decoding=\"async\" width=\"178\" height=\"74\" src=\"http:\/\/www.qualinove.com.br\/site\/wp-content\/uploads\/2016\/01\/rkm.jpg\" class=\"attachment-medium size-medium\" alt=\"RKM\" \/>\n\t\t\t<\/dt><\/dl><dl class='gallery-item'>\n\t\t\t<dt class='gallery-icon landscape'>\n\t\t\t\t<img loading=\"lazy\" decoding=\"async\" width=\"225\" height=\"225\" src=\"http:\/\/www.qualinove.com.br\/site\/wp-content\/uploads\/2026\/02\/download-2.png\" class=\"attachment-medium size-medium\" alt=\"\" srcset=\"http:\/\/www.qualinove.com.br\/site\/wp-content\/uploads\/2026\/02\/download-2.png 225w, http:\/\/www.qualinove.com.br\/site\/wp-content\/uploads\/2026\/02\/download-2-150x150.png 150w, http:\/\/www.qualinove.com.br\/site\/wp-content\/uploads\/2026\/02\/download-2-100x100.png 100w\" sizes=\"auto, (max-width: 225px) 100vw, 225px\" \/>\n\t\t\t<\/dt><\/dl><dl class='gallery-item'>\n\t\t\t<dt class='gallery-icon landscape'>\n\t\t\t\t<img loading=\"lazy\" decoding=\"async\" width=\"133\" height=\"75\" src=\"http:\/\/www.qualinove.com.br\/site\/wp-content\/uploads\/2026\/02\/logo21.png\" class=\"attachment-medium size-medium\" alt=\"\" \/>\n\t\t\t<\/dt><\/dl><br style=\"clear: both\" \/><dl class='gallery-item'>\n\t\t\t<dt class='gallery-icon landscape'>\n\t\t\t\t<img loading=\"lazy\" decoding=\"async\" width=\"205\" height=\"74\" src=\"http:\/\/www.qualinove.com.br\/site\/wp-content\/uploads\/2016\/01\/sao_joaquim.jpg\" class=\"attachment-medium size-medium\" alt=\"S\u00e3o Joaquim\" \/>\n\t\t\t<\/dt><\/dl><dl class='gallery-item'>\n\t\t\t<dt class='gallery-icon landscape'>\n\t\t\t\t<img loading=\"lazy\" decoding=\"async\" width=\"300\" height=\"89\" src=\"http:\/\/www.qualinove.com.br\/site\/wp-content\/uploads\/2026\/02\/download-1-300x89.png\" class=\"attachment-medium size-medium\" alt=\"\" srcset=\"http:\/\/www.qualinove.com.br\/site\/wp-content\/uploads\/2026\/02\/download-1-300x89.png 300w, http:\/\/www.qualinove.com.br\/site\/wp-content\/uploads\/2026\/02\/download-1.png 412w\" sizes=\"auto, (max-width: 300px) 100vw, 300px\" \/>\n\t\t\t<\/dt><\/dl><dl class='gallery-item'>\n\t\t\t<dt class='gallery-icon landscape'>\n\t\t\t\t<img loading=\"lazy\" decoding=\"async\" width=\"181\" height=\"84\" src=\"http:\/\/www.qualinove.com.br\/site\/wp-content\/uploads\/2026\/02\/TEMASA.jpg\" class=\"attachment-medium size-medium\" alt=\"TEMASA\" \/>\n\t\t\t<\/dt><\/dl><dl class='gallery-item'>\n\t\t\t<dt class='gallery-icon landscape'>\n\t\t\t\t<img loading=\"lazy\" decoding=\"async\" width=\"265\" height=\"63\" src=\"http:\/\/www.qualinove.com.br\/site\/wp-content\/uploads\/2026\/02\/Capturar-2.jpg\" class=\"attachment-medium size-medium\" alt=\"\" \/>\n\t\t\t<\/dt><\/dl><br style=\"clear: both\" \/><dl class='gallery-item'>\n\t\t\t<dt class='gallery-icon landscape'>\n\t\t\t\t<img loading=\"lazy\" decoding=\"async\" width=\"140\" height=\"140\" src=\"http:\/\/www.qualinove.com.br\/site\/wp-content\/uploads\/2026\/02\/logo-viabrasil-t0.png\" class=\"attachment-medium size-medium\" alt=\"Via brasil\" srcset=\"http:\/\/www.qualinove.com.br\/site\/wp-content\/uploads\/2026\/02\/logo-viabrasil-t0.png 140w, http:\/\/www.qualinove.com.br\/site\/wp-content\/uploads\/2026\/02\/logo-viabrasil-t0-100x100.png 100w\" sizes=\"auto, (max-width: 140px) 100vw, 140px\" \/>\n\t\t\t<\/dt><\/dl><dl class='gallery-item'>\n\t\t\t<dt class='gallery-icon landscape'>\n\t\t\t\t<img loading=\"lazy\" decoding=\"async\" width=\"134\" height=\"77\" src=\"http:\/\/www.qualinove.com.br\/site\/wp-content\/uploads\/2026\/02\/YANMAR.jpg\" class=\"attachment-medium size-medium\" alt=\"YANMAR\" \/>\n\t\t\t<\/dt><\/dl>\n\t\t\t<br style='clear: both' \/>\n\t\t<\/div>\n\n","protected":false},"excerpt":{"rendered":"<p>Veja abaixo alguns clientes que possuem parceria com a Qualinove<\/p>\n","protected":false},"author":1,"featured_media":0,"parent":0,"menu_order":0,"comment_status":"closed","ping_status":"closed","template":"","meta":{"footnotes":""},"class_list":["post-176","page","type-page","status-publish","hentry"],"yoast_head":"\n<title>Clientes - Qualinove<\/title>\n<meta name=\"robots\" content=\"index, follow, max-snippet:-1, max-image-preview:large, max-video-preview:-1\" \/>\n<link rel=\"canonical\" href=\"http:\/\/www.qualinove.com.br\/site\/clientes\/\" \/>\n<meta property=\"og:locale\" content=\"pt_BR\" \/>\n<meta property=\"og:type\" content=\"article\" \/>\n<meta property=\"og:title\" content=\"Clientes - Qualinove\" \/>\n<meta property=\"og:description\" content=\"Veja abaixo alguns clientes que possuem parceria com a Qualinove\" \/>\n<meta property=\"og:url\" content=\"http:\/\/www.qualinove.com.br\/site\/clientes\/\" \/>\n<meta property=\"og:site_name\" content=\"Qualinove\" \/>\n<meta property=\"article:modified_time\" content=\"2026-03-10T13:13:16+00:00\" \/>\n<meta property=\"og:image\" content=\"http:\/\/www.qualinove.com.br\/site\/wp-content\/uploads\/2026\/02\/bvlp.jpg\" \/>\n<meta name=\"twitter:card\" content=\"summary_large_image\" \/>\n<meta name=\"twitter:label1\" content=\"Est. reading time\" \/>\n\t<meta name=\"twitter:data1\" content=\"1 minuto\" \/>\n<script type=\"application\/ld+json\" class=\"yoast-schema-graph\">{\"@context\":\"https:\/\/schema.org\",\"@graph\":[{\"@type\":\"WebPage\",\"@id\":\"http:\/\/www.qualinove.com.br\/site\/clientes\/\",\"url\":\"http:\/\/www.qualinove.com.br\/site\/clientes\/\",\"name\":\"Clientes - Qualinove\",\"isPartOf\":{\"@id\":\"http:\/\/www.qualinove.com.br\/site\/#website\"},\"datePublished\":\"2016-01-04T12:46:01+00:00\",\"dateModified\":\"2026-03-10T13:13:16+00:00\",\"breadcrumb\":{\"@id\":\"http:\/\/www.qualinove.com.br\/site\/clientes\/#breadcrumb\"},\"inLanguage\":\"pt-BR\",\"potentialAction\":[{\"@type\":\"ReadAction\",\"target\":[\"http:\/\/www.qualinove.com.br\/site\/clientes\/\"]}]},{\"@type\":\"BreadcrumbList\",\"@id\":\"http:\/\/www.qualinove.com.br\/site\/clientes\/#breadcrumb\",\"itemListElement\":[{\"@type\":\"ListItem\",\"position\":1,\"name\":\"In\u00edcio\",\"item\":\"https:\/\/www.qualinove.com.br\/site\/\"},{\"@type\":\"ListItem\",\"position\":2,\"name\":\"Clientes\"}]},{\"@type\":\"WebSite\",\"@id\":\"http:\/\/www.qualinove.com.br\/site\/#website\",\"url\":\"http:\/\/www.qualinove.com.br\/site\/\",\"name\":\"Qualinove\",\"description\":\"Inova\u00e7\u00e3o e Qualidade em Sistemas de Gest\u00e3o\",\"publisher\":{\"@id\":\"http:\/\/www.qualinove.com.br\/site\/#organization\"},\"potentialAction\":[{\"@type\":\"SearchAction\",\"target\":{\"@type\":\"EntryPoint\",\"urlTemplate\":\"http:\/\/www.qualinove.com.br\/site\/?s={search_term_string}\"},\"query-input\":{\"@type\":\"PropertyValueSpecification\",\"valueRequired\":true,\"valueName\":\"search_term_string\"}}],\"inLanguage\":\"pt-BR\"},{\"@type\":\"Organization\",\"@id\":\"http:\/\/www.qualinove.com.br\/site\/#organization\",\"name\":\"Qualinove Assessoria Empresarial\",\"url\":\"http:\/\/www.qualinove.com.br\/site\/\",\"logo\":{\"@type\":\"ImageObject\",\"inLanguage\":\"pt-BR\",\"@id\":\"http:\/\/www.qualinove.com.br\/site\/#\/schema\/logo\/image\/\",\"url\":\"http:\/\/www.qualinove.com.br\/site\/wp-content\/uploads\/2016\/01\/logo_qualinove.png\",\"contentUrl\":\"http:\/\/www.qualinove.com.br\/site\/wp-content\/uploads\/2016\/01\/logo_qualinove.png\",\"width\":200,\"height\":100,\"caption\":\"Qualinove Assessoria Empresarial\"},\"image\":{\"@id\":\"http:\/\/www.qualinove.com.br\/site\/#\/schema\/logo\/image\/\"}}]}<\/script>\n","yoast_head_json":{"title":"Clientes - Qualinove","robots":{"index":"index","follow":"follow","max-snippet":"max-snippet:-1","max-image-preview":"max-image-preview:large","max-video-preview":"max-video-preview:-1"},"canonical":"http:\/\/www.qualinove.com.br\/site\/clientes\/","og_locale":"pt_BR","og_type":"article","og_title":"Clientes - Qualinove","og_description":"Veja abaixo alguns clientes que possuem parceria com a Qualinove","og_url":"http:\/\/www.qualinove.com.br\/site\/clientes\/","og_site_name":"Qualinove","article_modified_time":"2026-03-10T13:13:16+00:00","og_image":[{"url":"http:\/\/www.qualinove.com.br\/site\/wp-content\/uploads\/2026\/02\/bvlp.jpg","type":"","width":"","height":""}],"twitter_card":"summary_large_image","twitter_misc":{"Est. reading time":"1 minuto"},"schema":{"@context":"https:\/\/schema.org","@graph":[{"@type":"WebPage","@id":"http:\/\/www.qualinove.com.br\/site\/clientes\/","url":"http:\/\/www.qualinove.com.br\/site\/clientes\/","name":"Clientes - Qualinove","isPartOf":{"@id":"http:\/\/www.qualinove.com.br\/site\/#website"},"datePublished":"2016-01-04T12:46:01+00:00","dateModified":"2026-03-10T13:13:16+00:00","breadcrumb":{"@id":"http:\/\/www.qualinove.com.br\/site\/clientes\/#breadcrumb"},"inLanguage":"pt-BR","potentialAction":[{"@type":"ReadAction","target":["http:\/\/www.qualinove.com.br\/site\/clientes\/"]}]},{"@type":"BreadcrumbList","@id":"http:\/\/www.qualinove.com.br\/site\/clientes\/#breadcrumb","itemListElement":[{"@type":"ListItem","position":1,"name":"In\u00edcio","item":"https:\/\/www.qualinove.com.br\/site\/"},{"@type":"ListItem","position":2,"name":"Clientes"}]},{"@type":"WebSite","@id":"http:\/\/www.qualinove.com.br\/site\/#website","url":"http:\/\/www.qualinove.com.br\/site\/","name":"Qualinove","description":"Inova\u00e7\u00e3o e Qualidade em Sistemas de Gest\u00e3o","publisher":{"@id":"http:\/\/www.qualinove.com.br\/site\/#organization"},"potentialAction":[{"@type":"SearchAction","target":{"@type":"EntryPoint","urlTemplate":"http:\/\/www.qualinove.com.br\/site\/?s={search_term_string}"},"query-input":{"@type":"PropertyValueSpecification","valueRequired":true,"valueName":"search_term_string"}}],"inLanguage":"pt-BR"},{"@type":"Organization","@id":"http:\/\/www.qualinove.com.br\/site\/#organization","name":"Qualinove Assessoria Empresarial","url":"http:\/\/www.qualinove.com.br\/site\/","logo":{"@type":"ImageObject","inLanguage":"pt-BR","@id":"http:\/\/www.qualinove.com.br\/site\/#\/schema\/logo\/image\/","url":"http:\/\/www.qualinove.com.br\/site\/wp-content\/uploads\/2016\/01\/logo_qualinove.png","contentUrl":"http:\/\/www.qualinove.com.br\/site\/wp-content\/uploads\/2016\/01\/logo_qualinove.png","width":200,"height":100,"caption":"Qualinove Assessoria Empresarial"},"image":{"@id":"http:\/\/www.qualinove.com.br\/site\/#\/schema\/logo\/image\/"}}]}},"_links":{"self":[{"href":"http:\/\/www.qualinove.com.br\/site\/wp-json\/wp\/v2\/pages\/176","targetHints":{"allow":["GET"]}}],"collection":[{"href":"http:\/\/www.qualinove.com.br\/site\/wp-json\/wp\/v2\/pages"}],"about":[{"href":"http:\/\/www.qualinove.com.br\/site\/wp-json\/wp\/v2\/types\/page"}],"author":[{"embeddable":true,"href":"http:\/\/www.qualinove.com.br\/site\/wp-json\/wp\/v2\/users\/1"}],"replies":[{"embeddable":true,"href":"http:\/\/www.qualinove.com.br\/site\/wp-json\/wp\/v2\/comments?post=176"}],"version-history":[{"count":14,"href":"http:\/\/www.qualinove.com.br\/site\/wp-json\/wp\/v2\/pages\/176\/revisions"}],"predecessor-version":[{"id":5392,"href":"http:\/\/www.qualinove.com.br\/site\/wp-json\/wp\/v2\/pages\/176\/revisions\/5392"}],"wp:attachment":[{"href":"http:\/\/www.qualinove.com.br\/site\/wp-json\/wp\/v2\/media?parent=176"}],"curies":[{"name":"wp","href":"https:\/\/api.w.org\/{rel}","templated":true}]}}