{"id":24,"date":"2016-04-15T00:00:43","date_gmt":"2016-04-15T03:00:43","guid":{"rendered":"http:\/\/www.qualinove.com.br\/site\/?page_id=24"},"modified":"2026-02-12T17:33:24","modified_gmt":"2026-02-12T20:33:24","slug":"gestao-qualidade","status":"publish","type":"page","link":"http:\/\/www.qualinove.com.br\/site\/gestao-qualidade\/","title":{"rendered":"Gest\u00e3o da Qualidade"},"content":{"rendered":"<p><strong>Sistemas de Gest\u00e3o que Geram Valor Real<\/strong><\/p>\n<p>Empresas que estruturam seus Sistemas de Gest\u00e3o conquistam mais do que certifica\u00e7\u00f5es: ampliam mercados, fortalecem sua reputa\u00e7\u00e3o institucional e elevam sua competitividade de forma sustent\u00e1vel.<\/p>\n<p>A Qualinove atua de forma estrat\u00e9gica no desenvolvimento, implanta\u00e7\u00e3o, manuten\u00e7\u00e3o e reestrutura\u00e7\u00e3o de Sistemas de Gest\u00e3o, transformando requisitos normativos em efici\u00eancia operacional e resultados mensur\u00e1veis.<\/p>\n<p>Nosso foco vai al\u00e9m da conformidade: promovemos organiza\u00e7\u00e3o interna, redu\u00e7\u00e3o de riscos, fortalecimento de processos e preparo t\u00e9cnico para auditorias e grandes clientes.<\/p>\n<p>Trabalhamos com metodologia pr\u00e1tica, acompanhamento t\u00e9cnico especializado e alinhamento integral \u00e0s estrat\u00e9gias de crescimento de cada organiza\u00e7\u00e3o.<\/p>\n<p>Preparamos sua empresa para:<\/p>\n<ul>\n<li>Atender grandes clientes e cadeias produtivas exigentes<\/li>\n<li>Participar de novos mercados<\/li>\n<li>Superar auditorias com seguran\u00e7a<\/li>\n<li>Estruturar processos s\u00f3lidos e escal\u00e1veis<\/li>\n<\/ul>\n<p><strong>\u00c1reas de Atua\u00e7\u00e3o<\/strong><\/p>\n<ul>\n<li><strong>ISO 9001<\/strong> \u2013 Sistema de Gest\u00e3o da Qualidade<\/li>\n<li><strong>ISO 39001<\/strong> \u2013 Sistema de Gest\u00e3o da Seguran\u00e7a Vi\u00e1ria<\/li>\n<li><strong>ISO\/IEC 17025<\/strong> \u2013 Compet\u00eancia de Laborat\u00f3rios de Ensaio e Calibra\u00e7\u00e3o<\/li>\n<li><strong>ABVTEX<\/strong><\/li>\n<li><strong>SASSMAQ<\/strong> \u2013 Sistema de Avalia\u00e7\u00e3o de Sa\u00fade, Seguran\u00e7a, Meio Ambiente e Qualidade<\/li>\n<li>Auditorias Internas<\/li>\n<li>Treinamentos espec\u00edficos em Sistemas de Gest\u00e3o<\/li>\n<\/ul>\n","protected":false},"excerpt":{"rendered":"<p>Sistemas de Gest\u00e3o que Geram Valor Real Empresas que estruturam seus Sistemas de Gest\u00e3o conquistam mais do que certifica\u00e7\u00f5es: ampliam mercados, fortalecem sua reputa\u00e7\u00e3o institucional e elevam sua competitividade de forma sustent\u00e1vel. A Qualinove atua de forma estrat\u00e9gica no desenvolvimento, implanta\u00e7\u00e3o, manuten\u00e7\u00e3o e reestrutura\u00e7\u00e3o de Sistemas de Gest\u00e3o, transformando requisitos&hellip; <\/p>\n","protected":false},"author":1,"featured_media":269,"parent":0,"menu_order":0,"comment_status":"closed","ping_status":"closed","template":"","meta":{"footnotes":""},"class_list":["post-24","page","type-page","status-publish","has-post-thumbnail","hentry"],"yoast_head":"\n<title>Gest\u00e3o da Qualidade - Qualinove<\/title>\n<meta name=\"robots\" content=\"index, follow, max-snippet:-1, max-image-preview:large, max-video-preview:-1\" \/>\n<link rel=\"canonical\" href=\"http:\/\/www.qualinove.com.br\/site\/gestao-qualidade\/\" \/>\n<meta property=\"og:locale\" content=\"pt_BR\" \/>\n<meta property=\"og:type\" content=\"article\" \/>\n<meta property=\"og:title\" content=\"Gest\u00e3o da Qualidade - Qualinove\" \/>\n<meta property=\"og:description\" content=\"Sistemas de Gest\u00e3o que Geram Valor Real Empresas que estruturam seus Sistemas de Gest\u00e3o conquistam mais do que certifica\u00e7\u00f5es: ampliam mercados, fortalecem sua reputa\u00e7\u00e3o institucional e elevam sua competitividade de forma sustent\u00e1vel. A Qualinove atua de forma estrat\u00e9gica no desenvolvimento, implanta\u00e7\u00e3o, manuten\u00e7\u00e3o e reestrutura\u00e7\u00e3o de Sistemas de Gest\u00e3o, transformando requisitos&hellip;\" \/>\n<meta property=\"og:url\" content=\"http:\/\/www.qualinove.com.br\/site\/gestao-qualidade\/\" \/>\n<meta property=\"og:site_name\" content=\"Qualinove\" \/>\n<meta property=\"article:modified_time\" content=\"2026-02-12T20:33:24+00:00\" \/>\n<meta property=\"og:image\" content=\"http:\/\/www.qualinove.com.br\/site\/wp-content\/uploads\/2016\/01\/gestao-qualidade-icone.png\" \/>\n\t<meta property=\"og:image:width\" content=\"512\" \/>\n\t<meta property=\"og:image:height\" content=\"512\" \/>\n\t<meta property=\"og:image:type\" content=\"image\/png\" \/>\n<meta name=\"twitter:card\" content=\"summary_large_image\" \/>\n<meta name=\"twitter:label1\" content=\"Est. reading time\" \/>\n\t<meta name=\"twitter:data1\" content=\"2 minutos\" \/>\n<script type=\"application\/ld+json\" class=\"yoast-schema-graph\">{\"@context\":\"https:\/\/schema.org\",\"@graph\":[{\"@type\":\"WebPage\",\"@id\":\"http:\/\/www.qualinove.com.br\/site\/gestao-qualidade\/\",\"url\":\"http:\/\/www.qualinove.com.br\/site\/gestao-qualidade\/\",\"name\":\"Gest\u00e3o da Qualidade - Qualinove\",\"isPartOf\":{\"@id\":\"http:\/\/www.qualinove.com.br\/site\/#website\"},\"primaryImageOfPage\":{\"@id\":\"http:\/\/www.qualinove.com.br\/site\/gestao-qualidade\/#primaryimage\"},\"image\":{\"@id\":\"http:\/\/www.qualinove.com.br\/site\/gestao-qualidade\/#primaryimage\"},\"thumbnailUrl\":\"http:\/\/www.qualinove.com.br\/site\/wp-content\/uploads\/2016\/01\/gestao-qualidade-icone.png\",\"datePublished\":\"2016-04-15T03:00:43+00:00\",\"dateModified\":\"2026-02-12T20:33:24+00:00\",\"breadcrumb\":{\"@id\":\"http:\/\/www.qualinove.com.br\/site\/gestao-qualidade\/#breadcrumb\"},\"inLanguage\":\"pt-BR\",\"potentialAction\":[{\"@type\":\"ReadAction\",\"target\":[\"http:\/\/www.qualinove.com.br\/site\/gestao-qualidade\/\"]}]},{\"@type\":\"ImageObject\",\"inLanguage\":\"pt-BR\",\"@id\":\"http:\/\/www.qualinove.com.br\/site\/gestao-qualidade\/#primaryimage\",\"url\":\"http:\/\/www.qualinove.com.br\/site\/wp-content\/uploads\/2016\/01\/gestao-qualidade-icone.png\",\"contentUrl\":\"http:\/\/www.qualinove.com.br\/site\/wp-content\/uploads\/2016\/01\/gestao-qualidade-icone.png\",\"width\":512,\"height\":512,\"caption\":\"gestao qualidade\"},{\"@type\":\"BreadcrumbList\",\"@id\":\"http:\/\/www.qualinove.com.br\/site\/gestao-qualidade\/#breadcrumb\",\"itemListElement\":[{\"@type\":\"ListItem\",\"position\":1,\"name\":\"In\u00edcio\",\"item\":\"https:\/\/www.qualinove.com.br\/site\/\"},{\"@type\":\"ListItem\",\"position\":2,\"name\":\"Gest\u00e3o da Qualidade\"}]},{\"@type\":\"WebSite\",\"@id\":\"http:\/\/www.qualinove.com.br\/site\/#website\",\"url\":\"http:\/\/www.qualinove.com.br\/site\/\",\"name\":\"Qualinove\",\"description\":\"Inova\u00e7\u00e3o e Qualidade em Sistemas de Gest\u00e3o\",\"publisher\":{\"@id\":\"http:\/\/www.qualinove.com.br\/site\/#organization\"},\"potentialAction\":[{\"@type\":\"SearchAction\",\"target\":{\"@type\":\"EntryPoint\",\"urlTemplate\":\"http:\/\/www.qualinove.com.br\/site\/?s={search_term_string}\"},\"query-input\":{\"@type\":\"PropertyValueSpecification\",\"valueRequired\":true,\"valueName\":\"search_term_string\"}}],\"inLanguage\":\"pt-BR\"},{\"@type\":\"Organization\",\"@id\":\"http:\/\/www.qualinove.com.br\/site\/#organization\",\"name\":\"Qualinove Assessoria Empresarial\",\"url\":\"http:\/\/www.qualinove.com.br\/site\/\",\"logo\":{\"@type\":\"ImageObject\",\"inLanguage\":\"pt-BR\",\"@id\":\"http:\/\/www.qualinove.com.br\/site\/#\/schema\/logo\/image\/\",\"url\":\"http:\/\/www.qualinove.com.br\/site\/wp-content\/uploads\/2016\/01\/logo_qualinove.png\",\"contentUrl\":\"http:\/\/www.qualinove.com.br\/site\/wp-content\/uploads\/2016\/01\/logo_qualinove.png\",\"width\":200,\"height\":100,\"caption\":\"Qualinove Assessoria Empresarial\"},\"image\":{\"@id\":\"http:\/\/www.qualinove.com.br\/site\/#\/schema\/logo\/image\/\"}}]}<\/script>\n","yoast_head_json":{"title":"Gest\u00e3o da Qualidade - Qualinove","robots":{"index":"index","follow":"follow","max-snippet":"max-snippet:-1","max-image-preview":"max-image-preview:large","max-video-preview":"max-video-preview:-1"},"canonical":"http:\/\/www.qualinove.com.br\/site\/gestao-qualidade\/","og_locale":"pt_BR","og_type":"article","og_title":"Gest\u00e3o da Qualidade - Qualinove","og_description":"Sistemas de Gest\u00e3o que Geram Valor Real Empresas que estruturam seus Sistemas de Gest\u00e3o conquistam mais do que certifica\u00e7\u00f5es: ampliam mercados, fortalecem sua reputa\u00e7\u00e3o institucional e elevam sua competitividade de forma sustent\u00e1vel. A Qualinove atua de forma estrat\u00e9gica no desenvolvimento, implanta\u00e7\u00e3o, manuten\u00e7\u00e3o e reestrutura\u00e7\u00e3o de Sistemas de Gest\u00e3o, transformando requisitos&hellip;","og_url":"http:\/\/www.qualinove.com.br\/site\/gestao-qualidade\/","og_site_name":"Qualinove","article_modified_time":"2026-02-12T20:33:24+00:00","og_image":[{"width":512,"height":512,"url":"http:\/\/www.qualinove.com.br\/site\/wp-content\/uploads\/2016\/01\/gestao-qualidade-icone.png","type":"image\/png"}],"twitter_card":"summary_large_image","twitter_misc":{"Est. reading time":"2 minutos"},"schema":{"@context":"https:\/\/schema.org","@graph":[{"@type":"WebPage","@id":"http:\/\/www.qualinove.com.br\/site\/gestao-qualidade\/","url":"http:\/\/www.qualinove.com.br\/site\/gestao-qualidade\/","name":"Gest\u00e3o da Qualidade - Qualinove","isPartOf":{"@id":"http:\/\/www.qualinove.com.br\/site\/#website"},"primaryImageOfPage":{"@id":"http:\/\/www.qualinove.com.br\/site\/gestao-qualidade\/#primaryimage"},"image":{"@id":"http:\/\/www.qualinove.com.br\/site\/gestao-qualidade\/#primaryimage"},"thumbnailUrl":"http:\/\/www.qualinove.com.br\/site\/wp-content\/uploads\/2016\/01\/gestao-qualidade-icone.png","datePublished":"2016-04-15T03:00:43+00:00","dateModified":"2026-02-12T20:33:24+00:00","breadcrumb":{"@id":"http:\/\/www.qualinove.com.br\/site\/gestao-qualidade\/#breadcrumb"},"inLanguage":"pt-BR","potentialAction":[{"@type":"ReadAction","target":["http:\/\/www.qualinove.com.br\/site\/gestao-qualidade\/"]}]},{"@type":"ImageObject","inLanguage":"pt-BR","@id":"http:\/\/www.qualinove.com.br\/site\/gestao-qualidade\/#primaryimage","url":"http:\/\/www.qualinove.com.br\/site\/wp-content\/uploads\/2016\/01\/gestao-qualidade-icone.png","contentUrl":"http:\/\/www.qualinove.com.br\/site\/wp-content\/uploads\/2016\/01\/gestao-qualidade-icone.png","width":512,"height":512,"caption":"gestao qualidade"},{"@type":"BreadcrumbList","@id":"http:\/\/www.qualinove.com.br\/site\/gestao-qualidade\/#breadcrumb","itemListElement":[{"@type":"ListItem","position":1,"name":"In\u00edcio","item":"https:\/\/www.qualinove.com.br\/site\/"},{"@type":"ListItem","position":2,"name":"Gest\u00e3o da Qualidade"}]},{"@type":"WebSite","@id":"http:\/\/www.qualinove.com.br\/site\/#website","url":"http:\/\/www.qualinove.com.br\/site\/","name":"Qualinove","description":"Inova\u00e7\u00e3o e Qualidade em Sistemas de Gest\u00e3o","publisher":{"@id":"http:\/\/www.qualinove.com.br\/site\/#organization"},"potentialAction":[{"@type":"SearchAction","target":{"@type":"EntryPoint","urlTemplate":"http:\/\/www.qualinove.com.br\/site\/?s={search_term_string}"},"query-input":{"@type":"PropertyValueSpecification","valueRequired":true,"valueName":"search_term_string"}}],"inLanguage":"pt-BR"},{"@type":"Organization","@id":"http:\/\/www.qualinove.com.br\/site\/#organization","name":"Qualinove Assessoria Empresarial","url":"http:\/\/www.qualinove.com.br\/site\/","logo":{"@type":"ImageObject","inLanguage":"pt-BR","@id":"http:\/\/www.qualinove.com.br\/site\/#\/schema\/logo\/image\/","url":"http:\/\/www.qualinove.com.br\/site\/wp-content\/uploads\/2016\/01\/logo_qualinove.png","contentUrl":"http:\/\/www.qualinove.com.br\/site\/wp-content\/uploads\/2016\/01\/logo_qualinove.png","width":200,"height":100,"caption":"Qualinove Assessoria Empresarial"},"image":{"@id":"http:\/\/www.qualinove.com.br\/site\/#\/schema\/logo\/image\/"}}]}},"_links":{"self":[{"href":"http:\/\/www.qualinove.com.br\/site\/wp-json\/wp\/v2\/pages\/24","targetHints":{"allow":["GET"]}}],"collection":[{"href":"http:\/\/www.qualinove.com.br\/site\/wp-json\/wp\/v2\/pages"}],"about":[{"href":"http:\/\/www.qualinove.com.br\/site\/wp-json\/wp\/v2\/types\/page"}],"author":[{"embeddable":true,"href":"http:\/\/www.qualinove.com.br\/site\/wp-json\/wp\/v2\/users\/1"}],"replies":[{"embeddable":true,"href":"http:\/\/www.qualinove.com.br\/site\/wp-json\/wp\/v2\/comments?post=24"}],"version-history":[{"count":13,"href":"http:\/\/www.qualinove.com.br\/site\/wp-json\/wp\/v2\/pages\/24\/revisions"}],"predecessor-version":[{"id":5272,"href":"http:\/\/www.qualinove.com.br\/site\/wp-json\/wp\/v2\/pages\/24\/revisions\/5272"}],"wp:featuredmedia":[{"embeddable":true,"href":"http:\/\/www.qualinove.com.br\/site\/wp-json\/wp\/v2\/media\/269"}],"wp:attachment":[{"href":"http:\/\/www.qualinove.com.br\/site\/wp-json\/wp\/v2\/media?parent=24"}],"curies":[{"name":"wp","href":"https:\/\/api.w.org\/{rel}","templated":true}]}}