{"id":26,"date":"2016-04-15T00:00:58","date_gmt":"2016-04-15T03:00:58","guid":{"rendered":"http:\/\/www.qualinove.com.br\/site\/?page_id=26"},"modified":"2026-02-12T17:43:09","modified_gmt":"2026-02-12T20:43:09","slug":"gestao-pessoas","status":"publish","type":"page","link":"http:\/\/www.qualinove.com.br\/site\/gestao-pessoas\/","title":{"rendered":"Gest\u00e3o de Pessoas"},"content":{"rendered":"<p><strong>Pessoas e Processos Alinhados \u00e0 Estrat\u00e9gia<\/strong><\/p>\n<p>A gest\u00e3o estrat\u00e9gica de pessoas exige integra\u00e7\u00e3o entre cultura organizacional, desempenho e estrutura de processos. Organiza\u00e7\u00f5es que estruturam suas pr\u00e1ticas de gest\u00e3o alcan\u00e7am maior previsibilidade de resultados, redu\u00e7\u00e3o de conflitos internos e fortalecimento da governan\u00e7a corporativa.<\/p>\n<p>A Qualinove atua na implementa\u00e7\u00e3o e no aprimoramento de Pol\u00edticas de Gest\u00e3o de Pessoas e Processos, estruturando ferramentas que promovem clareza de responsabilidades, indicadores de desempenho e alinhamento entre equipes e objetivos institucionais.<\/p>\n<p>Nossa abordagem integra desenvolvimento humano e organiza\u00e7\u00e3o de processos, assegurando que compet\u00eancias individuais estejam conectadas \u00e0s metas estrat\u00e9gicas da empresa.<\/p>\n<p>Trabalhamos com metodologias pr\u00e1ticas e instrumentos de diagn\u00f3stico que permitem:<\/p>\n<ul>\n<li>Mapear responsabilidades e fluxos internos<\/li>\n<li>Estruturar avalia\u00e7\u00f5es t\u00e9cnicas e comportamentais<\/li>\n<li>Fortalecer lideran\u00e7as e equipes<\/li>\n<li>Reduzir riscos trabalhistas e organizacionais<\/li>\n<li>Integrar gest\u00e3o de pessoas aos sistemas de qualidade e seguran\u00e7a<\/li>\n<\/ul>\n<p><strong>Principais Servi\u00e7os<\/strong><\/p>\n<ul>\n<li>Avalia\u00e7\u00e3o de Clima Organizacional<\/li>\n<li>Avalia\u00e7\u00e3o de Desempenho<\/li>\n<li>Diagn\u00f3stico e Mapeamento de Responsabilidades<\/li>\n<li>Treinamento de Lideran\u00e7a<\/li>\n<li>Treinamento de Trabalho em Equipe<\/li>\n<li>Seguran\u00e7a do Trabalho<\/li>\n<li>Treinamentos Espec\u00edficos<\/li>\n<\/ul>\n","protected":false},"excerpt":{"rendered":"<p>Pessoas e Processos Alinhados \u00e0 Estrat\u00e9gia A gest\u00e3o estrat\u00e9gica de pessoas exige integra\u00e7\u00e3o entre cultura organizacional, desempenho e estrutura de processos. Organiza\u00e7\u00f5es que estruturam suas pr\u00e1ticas de gest\u00e3o alcan\u00e7am maior previsibilidade de resultados, redu\u00e7\u00e3o de conflitos internos e fortalecimento da governan\u00e7a corporativa. A Qualinove atua na implementa\u00e7\u00e3o e no aprimoramento&hellip; <\/p>\n","protected":false},"author":1,"featured_media":267,"parent":0,"menu_order":0,"comment_status":"closed","ping_status":"closed","template":"","meta":{"footnotes":""},"class_list":["post-26","page","type-page","status-publish","has-post-thumbnail","hentry"],"yoast_head":"\n<title>Gest\u00e3o de Pessoas - Qualinove<\/title>\n<meta name=\"robots\" content=\"index, follow, max-snippet:-1, max-image-preview:large, max-video-preview:-1\" \/>\n<link rel=\"canonical\" href=\"http:\/\/www.qualinove.com.br\/site\/gestao-pessoas\/\" \/>\n<meta property=\"og:locale\" content=\"pt_BR\" \/>\n<meta property=\"og:type\" content=\"article\" \/>\n<meta property=\"og:title\" content=\"Gest\u00e3o de Pessoas - Qualinove\" \/>\n<meta property=\"og:description\" content=\"Pessoas e Processos Alinhados \u00e0 Estrat\u00e9gia A gest\u00e3o estrat\u00e9gica de pessoas exige integra\u00e7\u00e3o entre cultura organizacional, desempenho e estrutura de processos. Organiza\u00e7\u00f5es que estruturam suas pr\u00e1ticas de gest\u00e3o alcan\u00e7am maior previsibilidade de resultados, redu\u00e7\u00e3o de conflitos internos e fortalecimento da governan\u00e7a corporativa. A Qualinove atua na implementa\u00e7\u00e3o e no aprimoramento&hellip;\" \/>\n<meta property=\"og:url\" content=\"http:\/\/www.qualinove.com.br\/site\/gestao-pessoas\/\" \/>\n<meta property=\"og:site_name\" content=\"Qualinove\" \/>\n<meta property=\"article:modified_time\" content=\"2026-02-12T20:43:09+00:00\" \/>\n<meta property=\"og:image\" content=\"http:\/\/www.qualinove.com.br\/site\/wp-content\/uploads\/2016\/01\/gestao-pessoas-icone.png\" \/>\n\t<meta property=\"og:image:width\" content=\"256\" \/>\n\t<meta property=\"og:image:height\" content=\"256\" \/>\n\t<meta property=\"og:image:type\" content=\"image\/png\" \/>\n<meta name=\"twitter:card\" content=\"summary_large_image\" \/>\n<meta name=\"twitter:label1\" content=\"Est. reading time\" \/>\n\t<meta name=\"twitter:data1\" content=\"1 minuto\" \/>\n<script type=\"application\/ld+json\" class=\"yoast-schema-graph\">{\"@context\":\"https:\/\/schema.org\",\"@graph\":[{\"@type\":\"WebPage\",\"@id\":\"http:\/\/www.qualinove.com.br\/site\/gestao-pessoas\/\",\"url\":\"http:\/\/www.qualinove.com.br\/site\/gestao-pessoas\/\",\"name\":\"Gest\u00e3o de Pessoas - Qualinove\",\"isPartOf\":{\"@id\":\"http:\/\/www.qualinove.com.br\/site\/#website\"},\"primaryImageOfPage\":{\"@id\":\"http:\/\/www.qualinove.com.br\/site\/gestao-pessoas\/#primaryimage\"},\"image\":{\"@id\":\"http:\/\/www.qualinove.com.br\/site\/gestao-pessoas\/#primaryimage\"},\"thumbnailUrl\":\"http:\/\/www.qualinove.com.br\/site\/wp-content\/uploads\/2016\/01\/gestao-pessoas-icone.png\",\"datePublished\":\"2016-04-15T03:00:58+00:00\",\"dateModified\":\"2026-02-12T20:43:09+00:00\",\"breadcrumb\":{\"@id\":\"http:\/\/www.qualinove.com.br\/site\/gestao-pessoas\/#breadcrumb\"},\"inLanguage\":\"pt-BR\",\"potentialAction\":[{\"@type\":\"ReadAction\",\"target\":[\"http:\/\/www.qualinove.com.br\/site\/gestao-pessoas\/\"]}]},{\"@type\":\"ImageObject\",\"inLanguage\":\"pt-BR\",\"@id\":\"http:\/\/www.qualinove.com.br\/site\/gestao-pessoas\/#primaryimage\",\"url\":\"http:\/\/www.qualinove.com.br\/site\/wp-content\/uploads\/2016\/01\/gestao-pessoas-icone.png\",\"contentUrl\":\"http:\/\/www.qualinove.com.br\/site\/wp-content\/uploads\/2016\/01\/gestao-pessoas-icone.png\",\"width\":256,\"height\":256,\"caption\":\"gestao pessoas\"},{\"@type\":\"BreadcrumbList\",\"@id\":\"http:\/\/www.qualinove.com.br\/site\/gestao-pessoas\/#breadcrumb\",\"itemListElement\":[{\"@type\":\"ListItem\",\"position\":1,\"name\":\"In\u00edcio\",\"item\":\"https:\/\/www.qualinove.com.br\/site\/\"},{\"@type\":\"ListItem\",\"position\":2,\"name\":\"Gest\u00e3o de Pessoas\"}]},{\"@type\":\"WebSite\",\"@id\":\"http:\/\/www.qualinove.com.br\/site\/#website\",\"url\":\"http:\/\/www.qualinove.com.br\/site\/\",\"name\":\"Qualinove\",\"description\":\"Inova\u00e7\u00e3o e Qualidade em Sistemas de Gest\u00e3o\",\"publisher\":{\"@id\":\"http:\/\/www.qualinove.com.br\/site\/#organization\"},\"potentialAction\":[{\"@type\":\"SearchAction\",\"target\":{\"@type\":\"EntryPoint\",\"urlTemplate\":\"http:\/\/www.qualinove.com.br\/site\/?s={search_term_string}\"},\"query-input\":{\"@type\":\"PropertyValueSpecification\",\"valueRequired\":true,\"valueName\":\"search_term_string\"}}],\"inLanguage\":\"pt-BR\"},{\"@type\":\"Organization\",\"@id\":\"http:\/\/www.qualinove.com.br\/site\/#organization\",\"name\":\"Qualinove Assessoria Empresarial\",\"url\":\"http:\/\/www.qualinove.com.br\/site\/\",\"logo\":{\"@type\":\"ImageObject\",\"inLanguage\":\"pt-BR\",\"@id\":\"http:\/\/www.qualinove.com.br\/site\/#\/schema\/logo\/image\/\",\"url\":\"http:\/\/www.qualinove.com.br\/site\/wp-content\/uploads\/2016\/01\/logo_qualinove.png\",\"contentUrl\":\"http:\/\/www.qualinove.com.br\/site\/wp-content\/uploads\/2016\/01\/logo_qualinove.png\",\"width\":200,\"height\":100,\"caption\":\"Qualinove Assessoria Empresarial\"},\"image\":{\"@id\":\"http:\/\/www.qualinove.com.br\/site\/#\/schema\/logo\/image\/\"}}]}<\/script>\n","yoast_head_json":{"title":"Gest\u00e3o de Pessoas - Qualinove","robots":{"index":"index","follow":"follow","max-snippet":"max-snippet:-1","max-image-preview":"max-image-preview:large","max-video-preview":"max-video-preview:-1"},"canonical":"http:\/\/www.qualinove.com.br\/site\/gestao-pessoas\/","og_locale":"pt_BR","og_type":"article","og_title":"Gest\u00e3o de Pessoas - Qualinove","og_description":"Pessoas e Processos Alinhados \u00e0 Estrat\u00e9gia A gest\u00e3o estrat\u00e9gica de pessoas exige integra\u00e7\u00e3o entre cultura organizacional, desempenho e estrutura de processos. Organiza\u00e7\u00f5es que estruturam suas pr\u00e1ticas de gest\u00e3o alcan\u00e7am maior previsibilidade de resultados, redu\u00e7\u00e3o de conflitos internos e fortalecimento da governan\u00e7a corporativa. A Qualinove atua na implementa\u00e7\u00e3o e no aprimoramento&hellip;","og_url":"http:\/\/www.qualinove.com.br\/site\/gestao-pessoas\/","og_site_name":"Qualinove","article_modified_time":"2026-02-12T20:43:09+00:00","og_image":[{"width":256,"height":256,"url":"http:\/\/www.qualinove.com.br\/site\/wp-content\/uploads\/2016\/01\/gestao-pessoas-icone.png","type":"image\/png"}],"twitter_card":"summary_large_image","twitter_misc":{"Est. reading time":"1 minuto"},"schema":{"@context":"https:\/\/schema.org","@graph":[{"@type":"WebPage","@id":"http:\/\/www.qualinove.com.br\/site\/gestao-pessoas\/","url":"http:\/\/www.qualinove.com.br\/site\/gestao-pessoas\/","name":"Gest\u00e3o de Pessoas - Qualinove","isPartOf":{"@id":"http:\/\/www.qualinove.com.br\/site\/#website"},"primaryImageOfPage":{"@id":"http:\/\/www.qualinove.com.br\/site\/gestao-pessoas\/#primaryimage"},"image":{"@id":"http:\/\/www.qualinove.com.br\/site\/gestao-pessoas\/#primaryimage"},"thumbnailUrl":"http:\/\/www.qualinove.com.br\/site\/wp-content\/uploads\/2016\/01\/gestao-pessoas-icone.png","datePublished":"2016-04-15T03:00:58+00:00","dateModified":"2026-02-12T20:43:09+00:00","breadcrumb":{"@id":"http:\/\/www.qualinove.com.br\/site\/gestao-pessoas\/#breadcrumb"},"inLanguage":"pt-BR","potentialAction":[{"@type":"ReadAction","target":["http:\/\/www.qualinove.com.br\/site\/gestao-pessoas\/"]}]},{"@type":"ImageObject","inLanguage":"pt-BR","@id":"http:\/\/www.qualinove.com.br\/site\/gestao-pessoas\/#primaryimage","url":"http:\/\/www.qualinove.com.br\/site\/wp-content\/uploads\/2016\/01\/gestao-pessoas-icone.png","contentUrl":"http:\/\/www.qualinove.com.br\/site\/wp-content\/uploads\/2016\/01\/gestao-pessoas-icone.png","width":256,"height":256,"caption":"gestao pessoas"},{"@type":"BreadcrumbList","@id":"http:\/\/www.qualinove.com.br\/site\/gestao-pessoas\/#breadcrumb","itemListElement":[{"@type":"ListItem","position":1,"name":"In\u00edcio","item":"https:\/\/www.qualinove.com.br\/site\/"},{"@type":"ListItem","position":2,"name":"Gest\u00e3o de Pessoas"}]},{"@type":"WebSite","@id":"http:\/\/www.qualinove.com.br\/site\/#website","url":"http:\/\/www.qualinove.com.br\/site\/","name":"Qualinove","description":"Inova\u00e7\u00e3o e Qualidade em Sistemas de Gest\u00e3o","publisher":{"@id":"http:\/\/www.qualinove.com.br\/site\/#organization"},"potentialAction":[{"@type":"SearchAction","target":{"@type":"EntryPoint","urlTemplate":"http:\/\/www.qualinove.com.br\/site\/?s={search_term_string}"},"query-input":{"@type":"PropertyValueSpecification","valueRequired":true,"valueName":"search_term_string"}}],"inLanguage":"pt-BR"},{"@type":"Organization","@id":"http:\/\/www.qualinove.com.br\/site\/#organization","name":"Qualinove Assessoria Empresarial","url":"http:\/\/www.qualinove.com.br\/site\/","logo":{"@type":"ImageObject","inLanguage":"pt-BR","@id":"http:\/\/www.qualinove.com.br\/site\/#\/schema\/logo\/image\/","url":"http:\/\/www.qualinove.com.br\/site\/wp-content\/uploads\/2016\/01\/logo_qualinove.png","contentUrl":"http:\/\/www.qualinove.com.br\/site\/wp-content\/uploads\/2016\/01\/logo_qualinove.png","width":200,"height":100,"caption":"Qualinove Assessoria Empresarial"},"image":{"@id":"http:\/\/www.qualinove.com.br\/site\/#\/schema\/logo\/image\/"}}]}},"_links":{"self":[{"href":"http:\/\/www.qualinove.com.br\/site\/wp-json\/wp\/v2\/pages\/26","targetHints":{"allow":["GET"]}}],"collection":[{"href":"http:\/\/www.qualinove.com.br\/site\/wp-json\/wp\/v2\/pages"}],"about":[{"href":"http:\/\/www.qualinove.com.br\/site\/wp-json\/wp\/v2\/types\/page"}],"author":[{"embeddable":true,"href":"http:\/\/www.qualinove.com.br\/site\/wp-json\/wp\/v2\/users\/1"}],"replies":[{"embeddable":true,"href":"http:\/\/www.qualinove.com.br\/site\/wp-json\/wp\/v2\/comments?post=26"}],"version-history":[{"count":13,"href":"http:\/\/www.qualinove.com.br\/site\/wp-json\/wp\/v2\/pages\/26\/revisions"}],"predecessor-version":[{"id":5275,"href":"http:\/\/www.qualinove.com.br\/site\/wp-json\/wp\/v2\/pages\/26\/revisions\/5275"}],"wp:featuredmedia":[{"embeddable":true,"href":"http:\/\/www.qualinove.com.br\/site\/wp-json\/wp\/v2\/media\/267"}],"wp:attachment":[{"href":"http:\/\/www.qualinove.com.br\/site\/wp-json\/wp\/v2\/media?parent=26"}],"curies":[{"name":"wp","href":"https:\/\/api.w.org\/{rel}","templated":true}]}}