{"id":28,"date":"2016-04-15T00:00:33","date_gmt":"2016-04-15T03:00:33","guid":{"rendered":"http:\/\/www.qualinove.com.br\/site\/?page_id=28"},"modified":"2026-02-11T17:46:19","modified_gmt":"2026-02-11T20:46:19","slug":"treinamentos","status":"publish","type":"page","link":"http:\/\/www.qualinove.com.br\/site\/treinamentos\/","title":{"rendered":"Treinamentos"},"content":{"rendered":"<p><img loading=\"lazy\" decoding=\"async\" class=\"alignnone size-full wp-image-278\" src=\"http:\/\/www.qualinove.com.br\/site\/wp-content\/uploads\/2016\/01\/treinamentos.jpg\" alt=\"treinamentos\" width=\"1440\" height=\"400\" srcset=\"http:\/\/www.qualinove.com.br\/site\/wp-content\/uploads\/2016\/01\/treinamentos.jpg 1440w, http:\/\/www.qualinove.com.br\/site\/wp-content\/uploads\/2016\/01\/treinamentos-300x83.jpg 300w, http:\/\/www.qualinove.com.br\/site\/wp-content\/uploads\/2016\/01\/treinamentos-768x213.jpg 768w, http:\/\/www.qualinove.com.br\/site\/wp-content\/uploads\/2016\/01\/treinamentos-1024x284.jpg 1024w\" sizes=\"auto, (max-width: 1440px) 100vw, 1440px\" \/><\/p>\n<p>Investir na capacita\u00e7\u00e3o dos colaboradores \u2014 seja para adquirir novos conhecimentos ou aprimorar compet\u00eancias \u2014 aumenta a produtividade, fortalece a efici\u00eancia operacional e contribui para melhores resultados organizacionais.<\/p>\n<h2>Turma Aberta:<\/h2>\n<h3><strong>ABVTEX 6.0<\/strong><\/h3>\n<p><img loading=\"lazy\" decoding=\"async\" class=\"alignnone size-medium wp-image-5197\" src=\"http:\/\/www.qualinove.com.br\/site\/wp-content\/uploads\/2026\/02\/Curso-ABVTEX-6.0-Marco--212x300.jpg\" alt=\"\" width=\"212\" height=\"300\" srcset=\"http:\/\/www.qualinove.com.br\/site\/wp-content\/uploads\/2026\/02\/Curso-ABVTEX-6.0-Marco--212x300.jpg 212w, http:\/\/www.qualinove.com.br\/site\/wp-content\/uploads\/2026\/02\/Curso-ABVTEX-6.0-Marco--724x1024.jpg 724w, http:\/\/www.qualinove.com.br\/site\/wp-content\/uploads\/2026\/02\/Curso-ABVTEX-6.0-Marco--768x1086.jpg 768w, http:\/\/www.qualinove.com.br\/site\/wp-content\/uploads\/2026\/02\/Curso-ABVTEX-6.0-Marco--1086x1536.jpg 1086w, http:\/\/www.qualinove.com.br\/site\/wp-content\/uploads\/2026\/02\/Curso-ABVTEX-6.0-Marco-.jpg 1414w\" sizes=\"auto, (max-width: 212px) 100vw, 212px\" \/><\/p>\n<p><strong>Treinamentos Oferecidos<\/strong><\/p>\n<p>A Qualinove oferece treinamentos t\u00e9cnicos e normativos nas seguintes \u00e1reas:<\/p>\n<p><strong>Sistemas de Gest\u00e3o e Normas ISO<\/strong><\/p>\n<ul>\n<li>Interpreta\u00e7\u00e3o da ISO 9001:2015<\/li>\n<li>Interpreta\u00e7\u00e3o da ISO 14001:2015<\/li>\n<li>Interpreta\u00e7\u00e3o da ISO\/IEC 17025:2017<\/li>\n<li>Forma\u00e7\u00e3o de Auditor Interno ISO 9001:2015<\/li>\n<li>Forma\u00e7\u00e3o de Auditor Interno ISO 14001:2015<\/li>\n<li>Forma\u00e7\u00e3o de Auditor Interno SASSMAQ<\/li>\n<li>Tratamento de N\u00e3o Conformidades<\/li>\n<\/ul>\n<p><strong>Seguran\u00e7a do Trabalho e Normas Regulamentadoras<\/strong><\/p>\n<ul>\n<li>EPI \u2013 Equipamento de Prote\u00e7\u00e3o Individual (NR 06 \u2013 Atualizada)<\/li>\n<li>Brigada de Inc\u00eandio (NR 23)<\/li>\n<li>Trabalho em Altura (NR 35)<\/li>\n<li>Prote\u00e7\u00e3o Auditiva e Respirat\u00f3ria<\/li>\n<li>Levantamento Manual de Cargas e Preven\u00e7\u00e3o de Acidentes<\/li>\n<\/ul>\n<p><strong>Transporte e Produtos Perigosos<\/strong><\/p>\n<ul>\n<li>Manipula\u00e7\u00e3o de Produtos Perigosos<\/li>\n<li>Legisla\u00e7\u00e3o para Transporte de Produtos Perigosos<\/li>\n<\/ul>\n<p><strong>Gest\u00e3o Ambiental e Res\u00edduos<\/strong><\/p>\n<ul>\n<li>Gerenciamento de Res\u00edduos Laboratoriais<\/li>\n<li>Elabora\u00e7\u00e3o de Plano de Gerenciamento de Res\u00edduos S\u00f3lidos Industriais (PGRS)<\/li>\n<\/ul>\n","protected":false},"excerpt":{"rendered":"<p>Investir na capacita\u00e7\u00e3o dos colaboradores \u2014 seja para adquirir novos conhecimentos ou aprimorar compet\u00eancias \u2014 aumenta a produtividade, fortalece a efici\u00eancia operacional e contribui para melhores resultados organizacionais. Turma Aberta: ABVTEX 6.0 Treinamentos Oferecidos A Qualinove oferece treinamentos t\u00e9cnicos e normativos nas seguintes \u00e1reas: Sistemas de Gest\u00e3o e Normas ISO&hellip; <\/p>\n","protected":false},"author":1,"featured_media":279,"parent":0,"menu_order":0,"comment_status":"closed","ping_status":"closed","template":"","meta":{"footnotes":""},"class_list":["post-28","page","type-page","status-publish","has-post-thumbnail","hentry"],"yoast_head":"\n<title>Treinamentos - Qualinove<\/title>\n<meta name=\"robots\" content=\"index, follow, max-snippet:-1, max-image-preview:large, max-video-preview:-1\" \/>\n<link rel=\"canonical\" href=\"http:\/\/www.qualinove.com.br\/site\/treinamentos\/\" \/>\n<meta property=\"og:locale\" content=\"pt_BR\" \/>\n<meta property=\"og:type\" content=\"article\" \/>\n<meta property=\"og:title\" content=\"Treinamentos - Qualinove\" \/>\n<meta property=\"og:description\" content=\"Investir na capacita\u00e7\u00e3o dos colaboradores \u2014 seja para adquirir novos conhecimentos ou aprimorar compet\u00eancias \u2014 aumenta a produtividade, fortalece a efici\u00eancia operacional e contribui para melhores resultados organizacionais. Turma Aberta: ABVTEX 6.0 Treinamentos Oferecidos A Qualinove oferece treinamentos t\u00e9cnicos e normativos nas seguintes \u00e1reas: Sistemas de Gest\u00e3o e Normas ISO&hellip;\" \/>\n<meta property=\"og:url\" content=\"http:\/\/www.qualinove.com.br\/site\/treinamentos\/\" \/>\n<meta property=\"og:site_name\" content=\"Qualinove\" \/>\n<meta property=\"article:modified_time\" content=\"2026-02-11T20:46:19+00:00\" \/>\n<meta property=\"og:image\" content=\"http:\/\/www.qualinove.com.br\/site\/wp-content\/uploads\/2016\/01\/treinamentos-icone.png\" \/>\n\t<meta property=\"og:image:width\" content=\"242\" \/>\n\t<meta property=\"og:image:height\" content=\"245\" \/>\n\t<meta property=\"og:image:type\" content=\"image\/png\" \/>\n<meta name=\"twitter:card\" content=\"summary_large_image\" \/>\n<meta name=\"twitter:label1\" content=\"Est. reading time\" \/>\n\t<meta name=\"twitter:data1\" content=\"2 minutos\" \/>\n<script type=\"application\/ld+json\" class=\"yoast-schema-graph\">{\"@context\":\"https:\/\/schema.org\",\"@graph\":[{\"@type\":\"WebPage\",\"@id\":\"http:\/\/www.qualinove.com.br\/site\/treinamentos\/\",\"url\":\"http:\/\/www.qualinove.com.br\/site\/treinamentos\/\",\"name\":\"Treinamentos - Qualinove\",\"isPartOf\":{\"@id\":\"http:\/\/www.qualinove.com.br\/site\/#website\"},\"primaryImageOfPage\":{\"@id\":\"http:\/\/www.qualinove.com.br\/site\/treinamentos\/#primaryimage\"},\"image\":{\"@id\":\"http:\/\/www.qualinove.com.br\/site\/treinamentos\/#primaryimage\"},\"thumbnailUrl\":\"http:\/\/www.qualinove.com.br\/site\/wp-content\/uploads\/2016\/01\/treinamentos-icone.png\",\"datePublished\":\"2016-04-15T03:00:33+00:00\",\"dateModified\":\"2026-02-11T20:46:19+00:00\",\"breadcrumb\":{\"@id\":\"http:\/\/www.qualinove.com.br\/site\/treinamentos\/#breadcrumb\"},\"inLanguage\":\"pt-BR\",\"potentialAction\":[{\"@type\":\"ReadAction\",\"target\":[\"http:\/\/www.qualinove.com.br\/site\/treinamentos\/\"]}]},{\"@type\":\"ImageObject\",\"inLanguage\":\"pt-BR\",\"@id\":\"http:\/\/www.qualinove.com.br\/site\/treinamentos\/#primaryimage\",\"url\":\"http:\/\/www.qualinove.com.br\/site\/wp-content\/uploads\/2016\/01\/treinamentos-icone.png\",\"contentUrl\":\"http:\/\/www.qualinove.com.br\/site\/wp-content\/uploads\/2016\/01\/treinamentos-icone.png\",\"width\":242,\"height\":245,\"caption\":\"treinamentos\"},{\"@type\":\"BreadcrumbList\",\"@id\":\"http:\/\/www.qualinove.com.br\/site\/treinamentos\/#breadcrumb\",\"itemListElement\":[{\"@type\":\"ListItem\",\"position\":1,\"name\":\"In\u00edcio\",\"item\":\"https:\/\/www.qualinove.com.br\/site\/\"},{\"@type\":\"ListItem\",\"position\":2,\"name\":\"Treinamentos\"}]},{\"@type\":\"WebSite\",\"@id\":\"http:\/\/www.qualinove.com.br\/site\/#website\",\"url\":\"http:\/\/www.qualinove.com.br\/site\/\",\"name\":\"Qualinove\",\"description\":\"Inova\u00e7\u00e3o e Qualidade em Sistemas de Gest\u00e3o\",\"publisher\":{\"@id\":\"http:\/\/www.qualinove.com.br\/site\/#organization\"},\"potentialAction\":[{\"@type\":\"SearchAction\",\"target\":{\"@type\":\"EntryPoint\",\"urlTemplate\":\"http:\/\/www.qualinove.com.br\/site\/?s={search_term_string}\"},\"query-input\":{\"@type\":\"PropertyValueSpecification\",\"valueRequired\":true,\"valueName\":\"search_term_string\"}}],\"inLanguage\":\"pt-BR\"},{\"@type\":\"Organization\",\"@id\":\"http:\/\/www.qualinove.com.br\/site\/#organization\",\"name\":\"Qualinove Assessoria Empresarial\",\"url\":\"http:\/\/www.qualinove.com.br\/site\/\",\"logo\":{\"@type\":\"ImageObject\",\"inLanguage\":\"pt-BR\",\"@id\":\"http:\/\/www.qualinove.com.br\/site\/#\/schema\/logo\/image\/\",\"url\":\"http:\/\/www.qualinove.com.br\/site\/wp-content\/uploads\/2016\/01\/logo_qualinove.png\",\"contentUrl\":\"http:\/\/www.qualinove.com.br\/site\/wp-content\/uploads\/2016\/01\/logo_qualinove.png\",\"width\":200,\"height\":100,\"caption\":\"Qualinove Assessoria Empresarial\"},\"image\":{\"@id\":\"http:\/\/www.qualinove.com.br\/site\/#\/schema\/logo\/image\/\"}}]}<\/script>\n","yoast_head_json":{"title":"Treinamentos - Qualinove","robots":{"index":"index","follow":"follow","max-snippet":"max-snippet:-1","max-image-preview":"max-image-preview:large","max-video-preview":"max-video-preview:-1"},"canonical":"http:\/\/www.qualinove.com.br\/site\/treinamentos\/","og_locale":"pt_BR","og_type":"article","og_title":"Treinamentos - Qualinove","og_description":"Investir na capacita\u00e7\u00e3o dos colaboradores \u2014 seja para adquirir novos conhecimentos ou aprimorar compet\u00eancias \u2014 aumenta a produtividade, fortalece a efici\u00eancia operacional e contribui para melhores resultados organizacionais. Turma Aberta: ABVTEX 6.0 Treinamentos Oferecidos A Qualinove oferece treinamentos t\u00e9cnicos e normativos nas seguintes \u00e1reas: Sistemas de Gest\u00e3o e Normas ISO&hellip;","og_url":"http:\/\/www.qualinove.com.br\/site\/treinamentos\/","og_site_name":"Qualinove","article_modified_time":"2026-02-11T20:46:19+00:00","og_image":[{"width":242,"height":245,"url":"http:\/\/www.qualinove.com.br\/site\/wp-content\/uploads\/2016\/01\/treinamentos-icone.png","type":"image\/png"}],"twitter_card":"summary_large_image","twitter_misc":{"Est. reading time":"2 minutos"},"schema":{"@context":"https:\/\/schema.org","@graph":[{"@type":"WebPage","@id":"http:\/\/www.qualinove.com.br\/site\/treinamentos\/","url":"http:\/\/www.qualinove.com.br\/site\/treinamentos\/","name":"Treinamentos - Qualinove","isPartOf":{"@id":"http:\/\/www.qualinove.com.br\/site\/#website"},"primaryImageOfPage":{"@id":"http:\/\/www.qualinove.com.br\/site\/treinamentos\/#primaryimage"},"image":{"@id":"http:\/\/www.qualinove.com.br\/site\/treinamentos\/#primaryimage"},"thumbnailUrl":"http:\/\/www.qualinove.com.br\/site\/wp-content\/uploads\/2016\/01\/treinamentos-icone.png","datePublished":"2016-04-15T03:00:33+00:00","dateModified":"2026-02-11T20:46:19+00:00","breadcrumb":{"@id":"http:\/\/www.qualinove.com.br\/site\/treinamentos\/#breadcrumb"},"inLanguage":"pt-BR","potentialAction":[{"@type":"ReadAction","target":["http:\/\/www.qualinove.com.br\/site\/treinamentos\/"]}]},{"@type":"ImageObject","inLanguage":"pt-BR","@id":"http:\/\/www.qualinove.com.br\/site\/treinamentos\/#primaryimage","url":"http:\/\/www.qualinove.com.br\/site\/wp-content\/uploads\/2016\/01\/treinamentos-icone.png","contentUrl":"http:\/\/www.qualinove.com.br\/site\/wp-content\/uploads\/2016\/01\/treinamentos-icone.png","width":242,"height":245,"caption":"treinamentos"},{"@type":"BreadcrumbList","@id":"http:\/\/www.qualinove.com.br\/site\/treinamentos\/#breadcrumb","itemListElement":[{"@type":"ListItem","position":1,"name":"In\u00edcio","item":"https:\/\/www.qualinove.com.br\/site\/"},{"@type":"ListItem","position":2,"name":"Treinamentos"}]},{"@type":"WebSite","@id":"http:\/\/www.qualinove.com.br\/site\/#website","url":"http:\/\/www.qualinove.com.br\/site\/","name":"Qualinove","description":"Inova\u00e7\u00e3o e Qualidade em Sistemas de Gest\u00e3o","publisher":{"@id":"http:\/\/www.qualinove.com.br\/site\/#organization"},"potentialAction":[{"@type":"SearchAction","target":{"@type":"EntryPoint","urlTemplate":"http:\/\/www.qualinove.com.br\/site\/?s={search_term_string}"},"query-input":{"@type":"PropertyValueSpecification","valueRequired":true,"valueName":"search_term_string"}}],"inLanguage":"pt-BR"},{"@type":"Organization","@id":"http:\/\/www.qualinove.com.br\/site\/#organization","name":"Qualinove Assessoria Empresarial","url":"http:\/\/www.qualinove.com.br\/site\/","logo":{"@type":"ImageObject","inLanguage":"pt-BR","@id":"http:\/\/www.qualinove.com.br\/site\/#\/schema\/logo\/image\/","url":"http:\/\/www.qualinove.com.br\/site\/wp-content\/uploads\/2016\/01\/logo_qualinove.png","contentUrl":"http:\/\/www.qualinove.com.br\/site\/wp-content\/uploads\/2016\/01\/logo_qualinove.png","width":200,"height":100,"caption":"Qualinove Assessoria Empresarial"},"image":{"@id":"http:\/\/www.qualinove.com.br\/site\/#\/schema\/logo\/image\/"}}]}},"_links":{"self":[{"href":"http:\/\/www.qualinove.com.br\/site\/wp-json\/wp\/v2\/pages\/28","targetHints":{"allow":["GET"]}}],"collection":[{"href":"http:\/\/www.qualinove.com.br\/site\/wp-json\/wp\/v2\/pages"}],"about":[{"href":"http:\/\/www.qualinove.com.br\/site\/wp-json\/wp\/v2\/types\/page"}],"author":[{"embeddable":true,"href":"http:\/\/www.qualinove.com.br\/site\/wp-json\/wp\/v2\/users\/1"}],"replies":[{"embeddable":true,"href":"http:\/\/www.qualinove.com.br\/site\/wp-json\/wp\/v2\/comments?post=28"}],"version-history":[{"count":12,"href":"http:\/\/www.qualinove.com.br\/site\/wp-json\/wp\/v2\/pages\/28\/revisions"}],"predecessor-version":[{"id":5222,"href":"http:\/\/www.qualinove.com.br\/site\/wp-json\/wp\/v2\/pages\/28\/revisions\/5222"}],"wp:featuredmedia":[{"embeddable":true,"href":"http:\/\/www.qualinove.com.br\/site\/wp-json\/wp\/v2\/media\/279"}],"wp:attachment":[{"href":"http:\/\/www.qualinove.com.br\/site\/wp-json\/wp\/v2\/media?parent=28"}],"curies":[{"name":"wp","href":"https:\/\/api.w.org\/{rel}","templated":true}]}}