{"id":33,"date":"2016-04-15T00:00:16","date_gmt":"2016-04-15T03:00:16","guid":{"rendered":"http:\/\/www.qualinove.com.br\/site\/?page_id=33"},"modified":"2026-02-11T18:02:38","modified_gmt":"2026-02-11T21:02:38","slug":"qualificacao-profissional","status":"publish","type":"page","link":"http:\/\/www.qualinove.com.br\/site\/qualificacao-profissional\/","title":{"rendered":"Qualifica\u00e7\u00e3o Profissional"},"content":{"rendered":"<p><img loading=\"lazy\" decoding=\"async\" class=\"alignnone size-full wp-image-275\" src=\"http:\/\/www.qualinove.com.br\/site\/wp-content\/uploads\/2016\/01\/qualificacao-profissional.jpg\" alt=\"qualificacao profissional\" width=\"1440\" height=\"400\" srcset=\"http:\/\/www.qualinove.com.br\/site\/wp-content\/uploads\/2016\/01\/qualificacao-profissional.jpg 1440w, http:\/\/www.qualinove.com.br\/site\/wp-content\/uploads\/2016\/01\/qualificacao-profissional-300x83.jpg 300w, http:\/\/www.qualinove.com.br\/site\/wp-content\/uploads\/2016\/01\/qualificacao-profissional-768x213.jpg 768w, http:\/\/www.qualinove.com.br\/site\/wp-content\/uploads\/2016\/01\/qualificacao-profissional-1024x284.jpg 1024w\" sizes=\"auto, (max-width: 1440px) 100vw, 1440px\" \/><\/p>\n<h2>Preparamos profissionais para o Mercado de Trabalho<\/h2>\n<p data-start=\"201\" data-end=\"349\">A Qualinove Assessoria capacita profissionais para atuar em \u00e1reas espec\u00edficas, de acordo com as necessidades t\u00e9cnicas e operacionais da sua empresa.<\/p>\n<p data-start=\"351\" data-end=\"468\">Informe sua demanda por meio do formul\u00e1rio abaixo e nossa equipe entrar\u00e1 em contato para apresentar a melhor solu\u00e7\u00e3o.<\/p>\n\n<div class=\"wpcf7 no-js\" id=\"wpcf7-f160-o1\" lang=\"pt-BR\" dir=\"ltr\" data-wpcf7-id=\"160\">\n<div class=\"screen-reader-response\"><p role=\"status\" aria-live=\"polite\" aria-atomic=\"true\"><\/p><ul><\/ul><\/div>\n<form action=\"\/site\/wp-json\/wp\/v2\/pages\/33#wpcf7-f160-o1\" method=\"post\" class=\"wpcf7-form init\" aria-label=\"Contact form\" novalidate=\"novalidate\" data-status=\"init\">\n<div style=\"display: none;\">\n<input type=\"hidden\" name=\"_wpcf7\" value=\"160\" \/>\n<input type=\"hidden\" name=\"_wpcf7_version\" value=\"6.0.6\" \/>\n<input type=\"hidden\" name=\"_wpcf7_locale\" value=\"pt_BR\" \/>\n<input type=\"hidden\" name=\"_wpcf7_unit_tag\" value=\"wpcf7-f160-o1\" \/>\n<input type=\"hidden\" name=\"_wpcf7_container_post\" value=\"0\" \/>\n<input type=\"hidden\" name=\"_wpcf7_posted_data_hash\" value=\"\" \/>\n<\/div>\n<p>Nome *\n<\/p>\n<p><span class=\"wpcf7-form-control-wrap\" data-name=\"your-name\"><input size=\"40\" maxlength=\"400\" class=\"wpcf7-form-control wpcf7-text wpcf7-validates-as-required\" aria-required=\"true\" aria-invalid=\"false\" value=\"\" type=\"text\" name=\"your-name\" \/><\/span>\n<\/p>\n<p>Empresa *\n<\/p>\n<p><span class=\"wpcf7-form-control-wrap\" data-name=\"your-company\"><input size=\"40\" maxlength=\"400\" class=\"wpcf7-form-control wpcf7-text wpcf7-validates-as-required\" aria-required=\"true\" aria-invalid=\"false\" value=\"\" type=\"text\" name=\"your-company\" \/><\/span>\n<\/p>\n<p>\u00c1rea de Atua\u00e7\u00e3o *\n<\/p>\n<p><span class=\"wpcf7-form-control-wrap\" data-name=\"your-area\"><input size=\"40\" maxlength=\"400\" class=\"wpcf7-form-control wpcf7-text wpcf7-validates-as-required\" aria-required=\"true\" aria-invalid=\"false\" value=\"\" type=\"text\" name=\"your-area\" \/><\/span>\n<\/p>\n<p>E-mail *\n<\/p>\n<p><span class=\"wpcf7-form-control-wrap\" data-name=\"your-email\"><input size=\"40\" maxlength=\"400\" class=\"wpcf7-form-control wpcf7-email wpcf7-validates-as-required wpcf7-text wpcf7-validates-as-email\" aria-required=\"true\" aria-invalid=\"false\" value=\"\" type=\"email\" name=\"your-email\" \/><\/span>\n<\/p>\n<p>Telefone *\n<\/p>\n<p><span class=\"wpcf7-form-control-wrap\" data-name=\"your-phone\"><input size=\"40\" maxlength=\"400\" class=\"wpcf7-form-control wpcf7-tel wpcf7-validates-as-required wpcf7-text wpcf7-validates-as-tel\" aria-required=\"true\" aria-invalid=\"false\" value=\"\" type=\"tel\" name=\"your-phone\" \/><\/span>\n<\/p>\n<p>Cidade *\n<\/p>\n<p><span class=\"wpcf7-form-control-wrap\" data-name=\"your-city\"><input size=\"40\" maxlength=\"400\" class=\"wpcf7-form-control wpcf7-text wpcf7-validates-as-required\" aria-required=\"true\" aria-invalid=\"false\" value=\"\" type=\"text\" name=\"your-city\" \/><\/span>\n<\/p>\n<p>Data da Visita *\n<\/p>\n<p><span class=\"wpcf7-form-control-wrap event-date\"><input size=\"40\" maxlength=\"10\" class=\"wpcf7-form-control wpcf7-date wpcf7-validates-as-required\" type=\"text\" aria-required=\"true\" value=\"\" name=\"event-date\" \/> <\/span>\n<\/p>\n<p>Servi\u00e7o(s) *\n<\/p>\n<p><span class=\"wpcf7-form-control-wrap\" data-name=\"services\"><span class=\"wpcf7-form-control wpcf7-checkbox wpcf7-validates-as-required\"><span class=\"wpcf7-list-item first\"><label><input type=\"checkbox\" name=\"services[]\" value=\"Assuntos Regulat\u00f3rios\" \/><span class=\"wpcf7-list-item-label\">Assuntos Regulat\u00f3rios<\/span><\/label><\/span><span class=\"wpcf7-list-item\"><label><input type=\"checkbox\" name=\"services[]\" value=\"Gest\u00e3o Pessoas\" \/><span class=\"wpcf7-list-item-label\">Gest\u00e3o Pessoas<\/span><\/label><\/span><span class=\"wpcf7-list-item\"><label><input type=\"checkbox\" name=\"services[]\" value=\"Meio Ambiente\" \/><span class=\"wpcf7-list-item-label\">Meio Ambiente<\/span><\/label><\/span><span class=\"wpcf7-list-item\"><label><input type=\"checkbox\" name=\"services[]\" value=\"Qualidade\" \/><span class=\"wpcf7-list-item-label\">Qualidade<\/span><\/label><\/span><span class=\"wpcf7-list-item\"><label><input type=\"checkbox\" name=\"services[]\" value=\"Qualifica\u00e7\u00e3o Profissional\" \/><span class=\"wpcf7-list-item-label\">Qualifica\u00e7\u00e3o Profissional<\/span><\/label><\/span><span class=\"wpcf7-list-item\"><label><input type=\"checkbox\" name=\"services[]\" value=\"Treinamentos\" \/><span class=\"wpcf7-list-item-label\">Treinamentos<\/span><\/label><\/span><span class=\"wpcf7-list-item last\"><label><input type=\"checkbox\" name=\"services[]\" value=\"Outros\" \/><span class=\"wpcf7-list-item-label\">Outros<\/span><\/label><\/span><\/span><\/span>\n<\/p>\n<p>Descri\u00e7\u00e3o *\n<\/p>\n<p><span class=\"wpcf7-form-control-wrap\" data-name=\"message\"><textarea cols=\"40\" rows=\"10\" maxlength=\"2000\" class=\"wpcf7-form-control wpcf7-textarea wpcf7-validates-as-required\" aria-required=\"true\" aria-invalid=\"false\" name=\"message\"><\/textarea><\/span>\n<\/p>\n<p>* Campos Obrigat\u00f3rios\n<\/p>\n<p><input class=\"wpcf7-form-control wpcf7-submit has-spinner\" type=\"submit\" value=\"Enviar\" \/>\n<\/p>\n<p style=\"display:none\" <span class=\"wpcf7-form-control-wrap\" data-name=\"your-subject\"><input size=\"40\" maxlength=\"400\" class=\"wpcf7-form-control wpcf7-text\" aria-invalid=\"false\" value=\"Agenda de visita\" type=\"text\" name=\"your-subject\" \/><\/span> >\n<\/p><div class=\"wpcf7-response-output\" aria-hidden=\"true\"><\/div>\n<\/form>\n<\/div>\n\n","protected":false},"excerpt":{"rendered":"<p>Preparamos profissionais para o Mercado de Trabalho A Qualinove Assessoria capacita profissionais para atuar em \u00e1reas espec\u00edficas, de acordo com as necessidades t\u00e9cnicas e operacionais da sua empresa. Informe sua demanda por meio do formul\u00e1rio abaixo e nossa equipe entrar\u00e1 em contato para apresentar a melhor solu\u00e7\u00e3o.<\/p>\n","protected":false},"author":1,"featured_media":0,"parent":0,"menu_order":0,"comment_status":"closed","ping_status":"closed","template":"","meta":{"footnotes":""},"class_list":["post-33","page","type-page","status-publish","hentry"],"yoast_head":"\n<title>Qualifica\u00e7\u00e3o Profissional - Qualinove<\/title>\n<meta name=\"robots\" content=\"index, follow, max-snippet:-1, max-image-preview:large, max-video-preview:-1\" \/>\n<link rel=\"canonical\" href=\"http:\/\/www.qualinove.com.br\/site\/qualificacao-profissional\/\" \/>\n<meta property=\"og:locale\" content=\"pt_BR\" \/>\n<meta property=\"og:type\" content=\"article\" \/>\n<meta property=\"og:title\" content=\"Qualifica\u00e7\u00e3o Profissional - Qualinove\" \/>\n<meta property=\"og:description\" content=\"Preparamos profissionais para o Mercado de Trabalho A Qualinove Assessoria capacita profissionais para atuar em \u00e1reas espec\u00edficas, de acordo com as necessidades t\u00e9cnicas e operacionais da sua empresa. Informe sua demanda por meio do formul\u00e1rio abaixo e nossa equipe entrar\u00e1 em contato para apresentar a melhor solu\u00e7\u00e3o.\" \/>\n<meta property=\"og:url\" content=\"http:\/\/www.qualinove.com.br\/site\/qualificacao-profissional\/\" \/>\n<meta property=\"og:site_name\" content=\"Qualinove\" \/>\n<meta property=\"article:modified_time\" content=\"2026-02-11T21:02:38+00:00\" \/>\n<meta property=\"og:image\" content=\"http:\/\/www.qualinove.com.br\/site\/wp-content\/uploads\/2016\/01\/qualificacao-profissional.jpg\" \/>\n<meta name=\"twitter:card\" content=\"summary_large_image\" \/>\n<meta name=\"twitter:label1\" content=\"Est. reading time\" \/>\n\t<meta name=\"twitter:data1\" content=\"1 minuto\" \/>\n<script type=\"application\/ld+json\" class=\"yoast-schema-graph\">{\"@context\":\"https:\/\/schema.org\",\"@graph\":[{\"@type\":\"WebPage\",\"@id\":\"http:\/\/www.qualinove.com.br\/site\/qualificacao-profissional\/\",\"url\":\"http:\/\/www.qualinove.com.br\/site\/qualificacao-profissional\/\",\"name\":\"Qualifica\u00e7\u00e3o Profissional - Qualinove\",\"isPartOf\":{\"@id\":\"http:\/\/www.qualinove.com.br\/site\/#website\"},\"primaryImageOfPage\":{\"@id\":\"http:\/\/www.qualinove.com.br\/site\/qualificacao-profissional\/#primaryimage\"},\"image\":{\"@id\":\"http:\/\/www.qualinove.com.br\/site\/qualificacao-profissional\/#primaryimage\"},\"thumbnailUrl\":\"http:\/\/www.qualinove.com.br\/site\/wp-content\/uploads\/2016\/01\/qualificacao-profissional.jpg\",\"datePublished\":\"2016-04-15T03:00:16+00:00\",\"dateModified\":\"2026-02-11T21:02:38+00:00\",\"breadcrumb\":{\"@id\":\"http:\/\/www.qualinove.com.br\/site\/qualificacao-profissional\/#breadcrumb\"},\"inLanguage\":\"pt-BR\",\"potentialAction\":[{\"@type\":\"ReadAction\",\"target\":[\"http:\/\/www.qualinove.com.br\/site\/qualificacao-profissional\/\"]}]},{\"@type\":\"ImageObject\",\"inLanguage\":\"pt-BR\",\"@id\":\"http:\/\/www.qualinove.com.br\/site\/qualificacao-profissional\/#primaryimage\",\"url\":\"http:\/\/www.qualinove.com.br\/site\/wp-content\/uploads\/2016\/01\/qualificacao-profissional.jpg\",\"contentUrl\":\"http:\/\/www.qualinove.com.br\/site\/wp-content\/uploads\/2016\/01\/qualificacao-profissional.jpg\",\"width\":1440,\"height\":400,\"caption\":\"qualificacao profissional\"},{\"@type\":\"BreadcrumbList\",\"@id\":\"http:\/\/www.qualinove.com.br\/site\/qualificacao-profissional\/#breadcrumb\",\"itemListElement\":[{\"@type\":\"ListItem\",\"position\":1,\"name\":\"In\u00edcio\",\"item\":\"https:\/\/www.qualinove.com.br\/site\/\"},{\"@type\":\"ListItem\",\"position\":2,\"name\":\"Qualifica\u00e7\u00e3o Profissional\"}]},{\"@type\":\"WebSite\",\"@id\":\"http:\/\/www.qualinove.com.br\/site\/#website\",\"url\":\"http:\/\/www.qualinove.com.br\/site\/\",\"name\":\"Qualinove\",\"description\":\"Inova\u00e7\u00e3o e Qualidade em Sistemas de Gest\u00e3o\",\"publisher\":{\"@id\":\"http:\/\/www.qualinove.com.br\/site\/#organization\"},\"potentialAction\":[{\"@type\":\"SearchAction\",\"target\":{\"@type\":\"EntryPoint\",\"urlTemplate\":\"http:\/\/www.qualinove.com.br\/site\/?s={search_term_string}\"},\"query-input\":{\"@type\":\"PropertyValueSpecification\",\"valueRequired\":true,\"valueName\":\"search_term_string\"}}],\"inLanguage\":\"pt-BR\"},{\"@type\":\"Organization\",\"@id\":\"http:\/\/www.qualinove.com.br\/site\/#organization\",\"name\":\"Qualinove Assessoria Empresarial\",\"url\":\"http:\/\/www.qualinove.com.br\/site\/\",\"logo\":{\"@type\":\"ImageObject\",\"inLanguage\":\"pt-BR\",\"@id\":\"http:\/\/www.qualinove.com.br\/site\/#\/schema\/logo\/image\/\",\"url\":\"http:\/\/www.qualinove.com.br\/site\/wp-content\/uploads\/2016\/01\/logo_qualinove.png\",\"contentUrl\":\"http:\/\/www.qualinove.com.br\/site\/wp-content\/uploads\/2016\/01\/logo_qualinove.png\",\"width\":200,\"height\":100,\"caption\":\"Qualinove Assessoria Empresarial\"},\"image\":{\"@id\":\"http:\/\/www.qualinove.com.br\/site\/#\/schema\/logo\/image\/\"}}]}<\/script>\n","yoast_head_json":{"title":"Qualifica\u00e7\u00e3o Profissional - Qualinove","robots":{"index":"index","follow":"follow","max-snippet":"max-snippet:-1","max-image-preview":"max-image-preview:large","max-video-preview":"max-video-preview:-1"},"canonical":"http:\/\/www.qualinove.com.br\/site\/qualificacao-profissional\/","og_locale":"pt_BR","og_type":"article","og_title":"Qualifica\u00e7\u00e3o Profissional - Qualinove","og_description":"Preparamos profissionais para o Mercado de Trabalho A Qualinove Assessoria capacita profissionais para atuar em \u00e1reas espec\u00edficas, de acordo com as necessidades t\u00e9cnicas e operacionais da sua empresa. Informe sua demanda por meio do formul\u00e1rio abaixo e nossa equipe entrar\u00e1 em contato para apresentar a melhor solu\u00e7\u00e3o.","og_url":"http:\/\/www.qualinove.com.br\/site\/qualificacao-profissional\/","og_site_name":"Qualinove","article_modified_time":"2026-02-11T21:02:38+00:00","og_image":[{"url":"http:\/\/www.qualinove.com.br\/site\/wp-content\/uploads\/2016\/01\/qualificacao-profissional.jpg","type":"","width":"","height":""}],"twitter_card":"summary_large_image","twitter_misc":{"Est. reading time":"1 minuto"},"schema":{"@context":"https:\/\/schema.org","@graph":[{"@type":"WebPage","@id":"http:\/\/www.qualinove.com.br\/site\/qualificacao-profissional\/","url":"http:\/\/www.qualinove.com.br\/site\/qualificacao-profissional\/","name":"Qualifica\u00e7\u00e3o Profissional - Qualinove","isPartOf":{"@id":"http:\/\/www.qualinove.com.br\/site\/#website"},"primaryImageOfPage":{"@id":"http:\/\/www.qualinove.com.br\/site\/qualificacao-profissional\/#primaryimage"},"image":{"@id":"http:\/\/www.qualinove.com.br\/site\/qualificacao-profissional\/#primaryimage"},"thumbnailUrl":"http:\/\/www.qualinove.com.br\/site\/wp-content\/uploads\/2016\/01\/qualificacao-profissional.jpg","datePublished":"2016-04-15T03:00:16+00:00","dateModified":"2026-02-11T21:02:38+00:00","breadcrumb":{"@id":"http:\/\/www.qualinove.com.br\/site\/qualificacao-profissional\/#breadcrumb"},"inLanguage":"pt-BR","potentialAction":[{"@type":"ReadAction","target":["http:\/\/www.qualinove.com.br\/site\/qualificacao-profissional\/"]}]},{"@type":"ImageObject","inLanguage":"pt-BR","@id":"http:\/\/www.qualinove.com.br\/site\/qualificacao-profissional\/#primaryimage","url":"http:\/\/www.qualinove.com.br\/site\/wp-content\/uploads\/2016\/01\/qualificacao-profissional.jpg","contentUrl":"http:\/\/www.qualinove.com.br\/site\/wp-content\/uploads\/2016\/01\/qualificacao-profissional.jpg","width":1440,"height":400,"caption":"qualificacao profissional"},{"@type":"BreadcrumbList","@id":"http:\/\/www.qualinove.com.br\/site\/qualificacao-profissional\/#breadcrumb","itemListElement":[{"@type":"ListItem","position":1,"name":"In\u00edcio","item":"https:\/\/www.qualinove.com.br\/site\/"},{"@type":"ListItem","position":2,"name":"Qualifica\u00e7\u00e3o Profissional"}]},{"@type":"WebSite","@id":"http:\/\/www.qualinove.com.br\/site\/#website","url":"http:\/\/www.qualinove.com.br\/site\/","name":"Qualinove","description":"Inova\u00e7\u00e3o e Qualidade em Sistemas de Gest\u00e3o","publisher":{"@id":"http:\/\/www.qualinove.com.br\/site\/#organization"},"potentialAction":[{"@type":"SearchAction","target":{"@type":"EntryPoint","urlTemplate":"http:\/\/www.qualinove.com.br\/site\/?s={search_term_string}"},"query-input":{"@type":"PropertyValueSpecification","valueRequired":true,"valueName":"search_term_string"}}],"inLanguage":"pt-BR"},{"@type":"Organization","@id":"http:\/\/www.qualinove.com.br\/site\/#organization","name":"Qualinove Assessoria Empresarial","url":"http:\/\/www.qualinove.com.br\/site\/","logo":{"@type":"ImageObject","inLanguage":"pt-BR","@id":"http:\/\/www.qualinove.com.br\/site\/#\/schema\/logo\/image\/","url":"http:\/\/www.qualinove.com.br\/site\/wp-content\/uploads\/2016\/01\/logo_qualinove.png","contentUrl":"http:\/\/www.qualinove.com.br\/site\/wp-content\/uploads\/2016\/01\/logo_qualinove.png","width":200,"height":100,"caption":"Qualinove Assessoria Empresarial"},"image":{"@id":"http:\/\/www.qualinove.com.br\/site\/#\/schema\/logo\/image\/"}}]}},"_links":{"self":[{"href":"http:\/\/www.qualinove.com.br\/site\/wp-json\/wp\/v2\/pages\/33","targetHints":{"allow":["GET"]}}],"collection":[{"href":"http:\/\/www.qualinove.com.br\/site\/wp-json\/wp\/v2\/pages"}],"about":[{"href":"http:\/\/www.qualinove.com.br\/site\/wp-json\/wp\/v2\/types\/page"}],"author":[{"embeddable":true,"href":"http:\/\/www.qualinove.com.br\/site\/wp-json\/wp\/v2\/users\/1"}],"replies":[{"embeddable":true,"href":"http:\/\/www.qualinove.com.br\/site\/wp-json\/wp\/v2\/comments?post=33"}],"version-history":[{"count":7,"href":"http:\/\/www.qualinove.com.br\/site\/wp-json\/wp\/v2\/pages\/33\/revisions"}],"predecessor-version":[{"id":5234,"href":"http:\/\/www.qualinove.com.br\/site\/wp-json\/wp\/v2\/pages\/33\/revisions\/5234"}],"wp:attachment":[{"href":"http:\/\/www.qualinove.com.br\/site\/wp-json\/wp\/v2\/media?parent=33"}],"curies":[{"name":"wp","href":"https:\/\/api.w.org\/{rel}","templated":true}]}}