{"id":39,"date":"2016-04-15T00:00:51","date_gmt":"2016-04-15T03:00:51","guid":{"rendered":"http:\/\/www.qualinove.com.br\/site\/?page_id=39"},"modified":"2026-02-12T17:46:13","modified_gmt":"2026-02-12T20:46:13","slug":"treinamento","status":"publish","type":"page","link":"http:\/\/www.qualinove.com.br\/site\/trabalhos-realizados\/treinamento\/","title":{"rendered":"Treinamentos"},"content":{"rendered":"<p><strong>Palestras e Conte\u00fados J\u00e1 Desenvolvidos<\/strong><\/p>\n<p>Ao longo de nossa atua\u00e7\u00e3o, conduzimos palestras e encontros corporativos voltados ao fortalecimento da cultura de qualidade, \u00e0 melhoria de processos e \u00e0 gest\u00e3o orientada a resultados.<\/p>\n<p>Entre os temas j\u00e1 trabalhados, destacam-se:<\/p>\n<ul>\n<li>Fazer Certo na Primeira Vez<\/li>\n<li>Preven\u00e7\u00e3o x Corre\u00e7\u00e3o e o Custo da N\u00e3o Qualidade<\/li>\n<li>Melhoria Cont\u00ednua (Kaizen e Ciclo PDCA)<\/li>\n<li>Qualidade como Valor Organizacional<\/li>\n<li>Qualidade como Responsabilidade Compartilhada<\/li>\n<li>Rentabilidade de Risco<\/li>\n<li>Semanas da Qualidade, com programa\u00e7\u00e3o tem\u00e1tica voltada \u00e0 cultura organizacional, padroniza\u00e7\u00e3o de processos e melhoria cont\u00ednua<\/li>\n<\/ul>\n<p>Cada palestra \u00e9 <strong>adaptada \u00e0 realidade da empresa<\/strong>, considerando seu n\u00edvel de maturidade em gest\u00e3o, desafios operacionais e objetivos estrat\u00e9gicos.<\/p>\n","protected":false},"excerpt":{"rendered":"<p>Palestras e Conte\u00fados J\u00e1 Desenvolvidos Ao longo de nossa atua\u00e7\u00e3o, conduzimos palestras e encontros corporativos voltados ao fortalecimento da cultura de qualidade, \u00e0 melhoria de processos e \u00e0 gest\u00e3o orientada a resultados. Entre os temas j\u00e1 trabalhados, destacam-se: Fazer Certo na Primeira Vez Preven\u00e7\u00e3o x Corre\u00e7\u00e3o e o Custo da&hellip; <\/p>\n","protected":false},"author":1,"featured_media":314,"parent":308,"menu_order":0,"comment_status":"closed","ping_status":"closed","template":"","meta":{"footnotes":""},"class_list":["post-39","page","type-page","status-publish","has-post-thumbnail","hentry"],"yoast_head":"\n<title>Treinamentos - Qualinove<\/title>\n<meta name=\"robots\" content=\"index, follow, max-snippet:-1, max-image-preview:large, max-video-preview:-1\" \/>\n<link rel=\"canonical\" href=\"http:\/\/www.qualinove.com.br\/site\/trabalhos-realizados\/treinamento\/\" \/>\n<meta property=\"og:locale\" content=\"pt_BR\" \/>\n<meta property=\"og:type\" content=\"article\" \/>\n<meta property=\"og:title\" content=\"Treinamentos - Qualinove\" \/>\n<meta property=\"og:description\" content=\"Palestras e Conte\u00fados J\u00e1 Desenvolvidos Ao longo de nossa atua\u00e7\u00e3o, conduzimos palestras e encontros corporativos voltados ao fortalecimento da cultura de qualidade, \u00e0 melhoria de processos e \u00e0 gest\u00e3o orientada a resultados. Entre os temas j\u00e1 trabalhados, destacam-se: Fazer Certo na Primeira Vez Preven\u00e7\u00e3o x Corre\u00e7\u00e3o e o Custo da&hellip;\" \/>\n<meta property=\"og:url\" content=\"http:\/\/www.qualinove.com.br\/site\/trabalhos-realizados\/treinamento\/\" \/>\n<meta property=\"og:site_name\" content=\"Qualinove\" \/>\n<meta property=\"article:modified_time\" content=\"2026-02-12T20:46:13+00:00\" \/>\n<meta property=\"og:image\" content=\"http:\/\/www.qualinove.com.br\/site\/wp-content\/uploads\/2015\/12\/trabalho-treinamento.png\" \/>\n\t<meta property=\"og:image:width\" content=\"42\" \/>\n\t<meta property=\"og:image:height\" content=\"50\" \/>\n\t<meta property=\"og:image:type\" content=\"image\/png\" \/>\n<meta name=\"twitter:card\" content=\"summary_large_image\" \/>\n<meta name=\"twitter:label1\" content=\"Est. reading time\" \/>\n\t<meta name=\"twitter:data1\" content=\"1 minuto\" \/>\n<script type=\"application\/ld+json\" class=\"yoast-schema-graph\">{\"@context\":\"https:\/\/schema.org\",\"@graph\":[{\"@type\":\"WebPage\",\"@id\":\"http:\/\/www.qualinove.com.br\/site\/trabalhos-realizados\/treinamento\/\",\"url\":\"http:\/\/www.qualinove.com.br\/site\/trabalhos-realizados\/treinamento\/\",\"name\":\"Treinamentos - Qualinove\",\"isPartOf\":{\"@id\":\"http:\/\/www.qualinove.com.br\/site\/#website\"},\"primaryImageOfPage\":{\"@id\":\"http:\/\/www.qualinove.com.br\/site\/trabalhos-realizados\/treinamento\/#primaryimage\"},\"image\":{\"@id\":\"http:\/\/www.qualinove.com.br\/site\/trabalhos-realizados\/treinamento\/#primaryimage\"},\"thumbnailUrl\":\"http:\/\/www.qualinove.com.br\/site\/wp-content\/uploads\/2015\/12\/trabalho-treinamento.png\",\"datePublished\":\"2016-04-15T03:00:51+00:00\",\"dateModified\":\"2026-02-12T20:46:13+00:00\",\"breadcrumb\":{\"@id\":\"http:\/\/www.qualinove.com.br\/site\/trabalhos-realizados\/treinamento\/#breadcrumb\"},\"inLanguage\":\"pt-BR\",\"potentialAction\":[{\"@type\":\"ReadAction\",\"target\":[\"http:\/\/www.qualinove.com.br\/site\/trabalhos-realizados\/treinamento\/\"]}]},{\"@type\":\"ImageObject\",\"inLanguage\":\"pt-BR\",\"@id\":\"http:\/\/www.qualinove.com.br\/site\/trabalhos-realizados\/treinamento\/#primaryimage\",\"url\":\"http:\/\/www.qualinove.com.br\/site\/wp-content\/uploads\/2015\/12\/trabalho-treinamento.png\",\"contentUrl\":\"http:\/\/www.qualinove.com.br\/site\/wp-content\/uploads\/2015\/12\/trabalho-treinamento.png\",\"width\":42,\"height\":50,\"caption\":\"Treinamento\"},{\"@type\":\"BreadcrumbList\",\"@id\":\"http:\/\/www.qualinove.com.br\/site\/trabalhos-realizados\/treinamento\/#breadcrumb\",\"itemListElement\":[{\"@type\":\"ListItem\",\"position\":1,\"name\":\"In\u00edcio\",\"item\":\"https:\/\/www.qualinove.com.br\/site\/\"},{\"@type\":\"ListItem\",\"position\":2,\"name\":\"Trabalhos Realizados\",\"item\":\"http:\/\/www.qualinove.com.br\/site\/trabalhos-realizados\/\"},{\"@type\":\"ListItem\",\"position\":3,\"name\":\"Treinamentos\"}]},{\"@type\":\"WebSite\",\"@id\":\"http:\/\/www.qualinove.com.br\/site\/#website\",\"url\":\"http:\/\/www.qualinove.com.br\/site\/\",\"name\":\"Qualinove\",\"description\":\"Inova\u00e7\u00e3o e Qualidade em Sistemas de Gest\u00e3o\",\"publisher\":{\"@id\":\"http:\/\/www.qualinove.com.br\/site\/#organization\"},\"potentialAction\":[{\"@type\":\"SearchAction\",\"target\":{\"@type\":\"EntryPoint\",\"urlTemplate\":\"http:\/\/www.qualinove.com.br\/site\/?s={search_term_string}\"},\"query-input\":{\"@type\":\"PropertyValueSpecification\",\"valueRequired\":true,\"valueName\":\"search_term_string\"}}],\"inLanguage\":\"pt-BR\"},{\"@type\":\"Organization\",\"@id\":\"http:\/\/www.qualinove.com.br\/site\/#organization\",\"name\":\"Qualinove Assessoria Empresarial\",\"url\":\"http:\/\/www.qualinove.com.br\/site\/\",\"logo\":{\"@type\":\"ImageObject\",\"inLanguage\":\"pt-BR\",\"@id\":\"http:\/\/www.qualinove.com.br\/site\/#\/schema\/logo\/image\/\",\"url\":\"http:\/\/www.qualinove.com.br\/site\/wp-content\/uploads\/2016\/01\/logo_qualinove.png\",\"contentUrl\":\"http:\/\/www.qualinove.com.br\/site\/wp-content\/uploads\/2016\/01\/logo_qualinove.png\",\"width\":200,\"height\":100,\"caption\":\"Qualinove Assessoria Empresarial\"},\"image\":{\"@id\":\"http:\/\/www.qualinove.com.br\/site\/#\/schema\/logo\/image\/\"}}]}<\/script>\n","yoast_head_json":{"title":"Treinamentos - Qualinove","robots":{"index":"index","follow":"follow","max-snippet":"max-snippet:-1","max-image-preview":"max-image-preview:large","max-video-preview":"max-video-preview:-1"},"canonical":"http:\/\/www.qualinove.com.br\/site\/trabalhos-realizados\/treinamento\/","og_locale":"pt_BR","og_type":"article","og_title":"Treinamentos - Qualinove","og_description":"Palestras e Conte\u00fados J\u00e1 Desenvolvidos Ao longo de nossa atua\u00e7\u00e3o, conduzimos palestras e encontros corporativos voltados ao fortalecimento da cultura de qualidade, \u00e0 melhoria de processos e \u00e0 gest\u00e3o orientada a resultados. Entre os temas j\u00e1 trabalhados, destacam-se: Fazer Certo na Primeira Vez Preven\u00e7\u00e3o x Corre\u00e7\u00e3o e o Custo da&hellip;","og_url":"http:\/\/www.qualinove.com.br\/site\/trabalhos-realizados\/treinamento\/","og_site_name":"Qualinove","article_modified_time":"2026-02-12T20:46:13+00:00","og_image":[{"width":42,"height":50,"url":"http:\/\/www.qualinove.com.br\/site\/wp-content\/uploads\/2015\/12\/trabalho-treinamento.png","type":"image\/png"}],"twitter_card":"summary_large_image","twitter_misc":{"Est. reading time":"1 minuto"},"schema":{"@context":"https:\/\/schema.org","@graph":[{"@type":"WebPage","@id":"http:\/\/www.qualinove.com.br\/site\/trabalhos-realizados\/treinamento\/","url":"http:\/\/www.qualinove.com.br\/site\/trabalhos-realizados\/treinamento\/","name":"Treinamentos - Qualinove","isPartOf":{"@id":"http:\/\/www.qualinove.com.br\/site\/#website"},"primaryImageOfPage":{"@id":"http:\/\/www.qualinove.com.br\/site\/trabalhos-realizados\/treinamento\/#primaryimage"},"image":{"@id":"http:\/\/www.qualinove.com.br\/site\/trabalhos-realizados\/treinamento\/#primaryimage"},"thumbnailUrl":"http:\/\/www.qualinove.com.br\/site\/wp-content\/uploads\/2015\/12\/trabalho-treinamento.png","datePublished":"2016-04-15T03:00:51+00:00","dateModified":"2026-02-12T20:46:13+00:00","breadcrumb":{"@id":"http:\/\/www.qualinove.com.br\/site\/trabalhos-realizados\/treinamento\/#breadcrumb"},"inLanguage":"pt-BR","potentialAction":[{"@type":"ReadAction","target":["http:\/\/www.qualinove.com.br\/site\/trabalhos-realizados\/treinamento\/"]}]},{"@type":"ImageObject","inLanguage":"pt-BR","@id":"http:\/\/www.qualinove.com.br\/site\/trabalhos-realizados\/treinamento\/#primaryimage","url":"http:\/\/www.qualinove.com.br\/site\/wp-content\/uploads\/2015\/12\/trabalho-treinamento.png","contentUrl":"http:\/\/www.qualinove.com.br\/site\/wp-content\/uploads\/2015\/12\/trabalho-treinamento.png","width":42,"height":50,"caption":"Treinamento"},{"@type":"BreadcrumbList","@id":"http:\/\/www.qualinove.com.br\/site\/trabalhos-realizados\/treinamento\/#breadcrumb","itemListElement":[{"@type":"ListItem","position":1,"name":"In\u00edcio","item":"https:\/\/www.qualinove.com.br\/site\/"},{"@type":"ListItem","position":2,"name":"Trabalhos Realizados","item":"http:\/\/www.qualinove.com.br\/site\/trabalhos-realizados\/"},{"@type":"ListItem","position":3,"name":"Treinamentos"}]},{"@type":"WebSite","@id":"http:\/\/www.qualinove.com.br\/site\/#website","url":"http:\/\/www.qualinove.com.br\/site\/","name":"Qualinove","description":"Inova\u00e7\u00e3o e Qualidade em Sistemas de Gest\u00e3o","publisher":{"@id":"http:\/\/www.qualinove.com.br\/site\/#organization"},"potentialAction":[{"@type":"SearchAction","target":{"@type":"EntryPoint","urlTemplate":"http:\/\/www.qualinove.com.br\/site\/?s={search_term_string}"},"query-input":{"@type":"PropertyValueSpecification","valueRequired":true,"valueName":"search_term_string"}}],"inLanguage":"pt-BR"},{"@type":"Organization","@id":"http:\/\/www.qualinove.com.br\/site\/#organization","name":"Qualinove Assessoria Empresarial","url":"http:\/\/www.qualinove.com.br\/site\/","logo":{"@type":"ImageObject","inLanguage":"pt-BR","@id":"http:\/\/www.qualinove.com.br\/site\/#\/schema\/logo\/image\/","url":"http:\/\/www.qualinove.com.br\/site\/wp-content\/uploads\/2016\/01\/logo_qualinove.png","contentUrl":"http:\/\/www.qualinove.com.br\/site\/wp-content\/uploads\/2016\/01\/logo_qualinove.png","width":200,"height":100,"caption":"Qualinove Assessoria Empresarial"},"image":{"@id":"http:\/\/www.qualinove.com.br\/site\/#\/schema\/logo\/image\/"}}]}},"_links":{"self":[{"href":"http:\/\/www.qualinove.com.br\/site\/wp-json\/wp\/v2\/pages\/39","targetHints":{"allow":["GET"]}}],"collection":[{"href":"http:\/\/www.qualinove.com.br\/site\/wp-json\/wp\/v2\/pages"}],"about":[{"href":"http:\/\/www.qualinove.com.br\/site\/wp-json\/wp\/v2\/types\/page"}],"author":[{"embeddable":true,"href":"http:\/\/www.qualinove.com.br\/site\/wp-json\/wp\/v2\/users\/1"}],"replies":[{"embeddable":true,"href":"http:\/\/www.qualinove.com.br\/site\/wp-json\/wp\/v2\/comments?post=39"}],"version-history":[{"count":6,"href":"http:\/\/www.qualinove.com.br\/site\/wp-json\/wp\/v2\/pages\/39\/revisions"}],"predecessor-version":[{"id":5277,"href":"http:\/\/www.qualinove.com.br\/site\/wp-json\/wp\/v2\/pages\/39\/revisions\/5277"}],"up":[{"embeddable":true,"href":"http:\/\/www.qualinove.com.br\/site\/wp-json\/wp\/v2\/pages\/308"}],"wp:featuredmedia":[{"embeddable":true,"href":"http:\/\/www.qualinove.com.br\/site\/wp-json\/wp\/v2\/media\/314"}],"wp:attachment":[{"href":"http:\/\/www.qualinove.com.br\/site\/wp-json\/wp\/v2\/media?parent=39"}],"curies":[{"name":"wp","href":"https:\/\/api.w.org\/{rel}","templated":true}]}}