{"id":45,"date":"2016-04-15T00:00:03","date_gmt":"2016-04-15T03:00:03","guid":{"rendered":"http:\/\/www.qualinove.com.br\/site\/?page_id=45"},"modified":"2026-02-11T18:01:36","modified_gmt":"2026-02-11T21:01:36","slug":"trabalhe-conosco","status":"publish","type":"page","link":"http:\/\/www.qualinove.com.br\/site\/trabalhe-conosco\/","title":{"rendered":"Trabalhe Conosco"},"content":{"rendered":"<h2>Fa\u00e7a parte da equipe!<\/h2>\n<p>A Qualinove conta com profissionais especializados nas \u00e1reas de Qu\u00edmica, Gest\u00e3o da Qualidade, Meio Ambiente, Sa\u00fade e Seguran\u00e7a do Trabalho e Gest\u00e3o de Pessoas.<\/p>\n<p>Se voc\u00ea possui experi\u00eancia ou forma\u00e7\u00e3o alinhada \u00e0s nossas \u00e1reas de atua\u00e7\u00e3o, cadastre seu perfil no formul\u00e1rio abaixo e fa\u00e7a parte de um time comprometido com excel\u00eancia t\u00e9cnica, conformidade e resultados.<\/p>\n\n<div class=\"wpcf7 no-js\" id=\"wpcf7-f152-o1\" lang=\"pt-BR\" dir=\"ltr\" data-wpcf7-id=\"152\">\n<div class=\"screen-reader-response\"><p role=\"status\" aria-live=\"polite\" aria-atomic=\"true\"><\/p><ul><\/ul><\/div>\n<form action=\"\/site\/wp-json\/wp\/v2\/pages\/45#wpcf7-f152-o1\" method=\"post\" class=\"wpcf7-form init\" aria-label=\"Contact form\" enctype=\"multipart\/form-data\" novalidate=\"novalidate\" data-status=\"init\">\n<div style=\"display: none;\">\n<input type=\"hidden\" name=\"_wpcf7\" value=\"152\" \/>\n<input type=\"hidden\" name=\"_wpcf7_version\" value=\"6.0.6\" \/>\n<input type=\"hidden\" name=\"_wpcf7_locale\" value=\"pt_BR\" \/>\n<input type=\"hidden\" name=\"_wpcf7_unit_tag\" value=\"wpcf7-f152-o1\" \/>\n<input type=\"hidden\" name=\"_wpcf7_container_post\" value=\"0\" \/>\n<input type=\"hidden\" name=\"_wpcf7_posted_data_hash\" value=\"\" \/>\n<\/div>\n<p>Nome *\n<\/p>\n<p><span class=\"wpcf7-form-control-wrap\" data-name=\"your-name\"><input size=\"40\" maxlength=\"400\" class=\"wpcf7-form-control wpcf7-text wpcf7-validates-as-required\" aria-required=\"true\" aria-invalid=\"false\" value=\"\" type=\"text\" name=\"your-name\" \/><\/span>\n<\/p>\n<p>E-mail *\n<\/p>\n<p><span class=\"wpcf7-form-control-wrap\" data-name=\"your-email\"><input size=\"40\" maxlength=\"400\" class=\"wpcf7-form-control wpcf7-email wpcf7-validates-as-required wpcf7-text wpcf7-validates-as-email\" aria-required=\"true\" aria-invalid=\"false\" value=\"\" type=\"email\" name=\"your-email\" \/><\/span>\n<\/p>\n<p>Telefone Residencial*\n<\/p>\n<p><span class=\"wpcf7-form-control-wrap\" data-name=\"your-phone\"><input size=\"40\" maxlength=\"400\" class=\"wpcf7-form-control wpcf7-tel wpcf7-validates-as-required wpcf7-text wpcf7-validates-as-tel\" aria-required=\"true\" aria-invalid=\"false\" value=\"\" type=\"tel\" name=\"your-phone\" \/><\/span>\n<\/p>\n<p>Telefone Celular*\n<\/p>\n<p><span class=\"wpcf7-form-control-wrap\" data-name=\"your-celphone\"><input size=\"40\" maxlength=\"400\" class=\"wpcf7-form-control wpcf7-tel wpcf7-validates-as-required wpcf7-text wpcf7-validates-as-tel\" aria-required=\"true\" aria-invalid=\"false\" value=\"\" type=\"tel\" name=\"your-celphone\" \/><\/span>\n<\/p>\n<p>Cidade *\n<\/p>\n<p><span class=\"wpcf7-form-control-wrap\" data-name=\"your-city\"><input size=\"40\" maxlength=\"400\" class=\"wpcf7-form-control wpcf7-text wpcf7-validates-as-required\" aria-required=\"true\" aria-invalid=\"false\" value=\"\" type=\"text\" name=\"your-city\" \/><\/span>\n<\/p>\n<p>Linked-in (link)\n<\/p>\n<p><span class=\"wpcf7-form-control-wrap\" data-name=\"your-linkedin\"><input size=\"40\" maxlength=\"400\" class=\"wpcf7-form-control wpcf7-url wpcf7-text wpcf7-validates-as-url\" aria-invalid=\"false\" value=\"\" type=\"url\" name=\"your-linkedin\" \/><\/span>\n<\/p>\n<p>Resumo das Qualifica\u00e7\u00f5es *\n<\/p>\n<p><span class=\"wpcf7-form-control-wrap\" data-name=\"your-skills\"><textarea cols=\"40\" rows=\"10\" maxlength=\"2000\" class=\"wpcf7-form-control wpcf7-textarea wpcf7-validates-as-required\" aria-required=\"true\" aria-invalid=\"false\" name=\"your-skills\"><\/textarea><\/span>\n<\/p>\n<p>Curr\u00edculo (DOC ou PDF)\n<\/p>\n<p><span class=\"wpcf7-form-control-wrap\" data-name=\"anexo\"><input size=\"40\" class=\"wpcf7-form-control wpcf7-file\" accept=\".doc,.docx,.pdf\" aria-invalid=\"false\" type=\"file\" name=\"anexo\" \/><\/span>\n<\/p>\n<p>* Campos Obrigat\u00f3rios\n<\/p>\n<p><input class=\"wpcf7-form-control wpcf7-submit has-spinner\" type=\"submit\" value=\"Enviar\" \/>\n<\/p>\n<p style=\"display:none\" <span class=\"wpcf7-form-control-wrap\" data-name=\"your-subject\"><input size=\"40\" maxlength=\"400\" class=\"wpcf7-form-control wpcf7-text\" aria-invalid=\"false\" value=\"Trabalhe Conosco\" type=\"text\" name=\"your-subject\" \/><\/span> >\n<\/p><div class=\"wpcf7-response-output\" aria-hidden=\"true\"><\/div>\n<\/form>\n<\/div>\n\n","protected":false},"excerpt":{"rendered":"<p>Fa\u00e7a parte da equipe! A Qualinove conta com profissionais especializados nas \u00e1reas de Qu\u00edmica, Gest\u00e3o da Qualidade, Meio Ambiente, Sa\u00fade e Seguran\u00e7a do Trabalho e Gest\u00e3o de Pessoas. Se voc\u00ea possui experi\u00eancia ou forma\u00e7\u00e3o alinhada \u00e0s nossas \u00e1reas de atua\u00e7\u00e3o, cadastre seu perfil no formul\u00e1rio abaixo e fa\u00e7a parte de&hellip; <\/p>\n","protected":false},"author":1,"featured_media":0,"parent":0,"menu_order":0,"comment_status":"closed","ping_status":"closed","template":"","meta":{"footnotes":""},"class_list":["post-45","page","type-page","status-publish","hentry"],"yoast_head":"\n<title>Trabalhe Conosco - Qualinove<\/title>\n<meta name=\"robots\" content=\"index, follow, max-snippet:-1, max-image-preview:large, max-video-preview:-1\" \/>\n<link rel=\"canonical\" href=\"http:\/\/www.qualinove.com.br\/site\/trabalhe-conosco\/\" \/>\n<meta property=\"og:locale\" content=\"pt_BR\" \/>\n<meta property=\"og:type\" content=\"article\" \/>\n<meta property=\"og:title\" content=\"Trabalhe Conosco - Qualinove\" \/>\n<meta property=\"og:description\" content=\"Fa\u00e7a parte da equipe! A Qualinove conta com profissionais especializados nas \u00e1reas de Qu\u00edmica, Gest\u00e3o da Qualidade, Meio Ambiente, Sa\u00fade e Seguran\u00e7a do Trabalho e Gest\u00e3o de Pessoas. Se voc\u00ea possui experi\u00eancia ou forma\u00e7\u00e3o alinhada \u00e0s nossas \u00e1reas de atua\u00e7\u00e3o, cadastre seu perfil no formul\u00e1rio abaixo e fa\u00e7a parte de&hellip;\" \/>\n<meta property=\"og:url\" content=\"http:\/\/www.qualinove.com.br\/site\/trabalhe-conosco\/\" \/>\n<meta property=\"og:site_name\" content=\"Qualinove\" \/>\n<meta property=\"article:modified_time\" content=\"2026-02-11T21:01:36+00:00\" \/>\n<meta name=\"twitter:card\" content=\"summary_large_image\" \/>\n<meta name=\"twitter:label1\" content=\"Est. reading time\" \/>\n\t<meta name=\"twitter:data1\" content=\"1 minuto\" \/>\n<script type=\"application\/ld+json\" class=\"yoast-schema-graph\">{\"@context\":\"https:\/\/schema.org\",\"@graph\":[{\"@type\":\"WebPage\",\"@id\":\"http:\/\/www.qualinove.com.br\/site\/trabalhe-conosco\/\",\"url\":\"http:\/\/www.qualinove.com.br\/site\/trabalhe-conosco\/\",\"name\":\"Trabalhe Conosco - Qualinove\",\"isPartOf\":{\"@id\":\"http:\/\/www.qualinove.com.br\/site\/#website\"},\"datePublished\":\"2016-04-15T03:00:03+00:00\",\"dateModified\":\"2026-02-11T21:01:36+00:00\",\"breadcrumb\":{\"@id\":\"http:\/\/www.qualinove.com.br\/site\/trabalhe-conosco\/#breadcrumb\"},\"inLanguage\":\"pt-BR\",\"potentialAction\":[{\"@type\":\"ReadAction\",\"target\":[\"http:\/\/www.qualinove.com.br\/site\/trabalhe-conosco\/\"]}]},{\"@type\":\"BreadcrumbList\",\"@id\":\"http:\/\/www.qualinove.com.br\/site\/trabalhe-conosco\/#breadcrumb\",\"itemListElement\":[{\"@type\":\"ListItem\",\"position\":1,\"name\":\"In\u00edcio\",\"item\":\"https:\/\/www.qualinove.com.br\/site\/\"},{\"@type\":\"ListItem\",\"position\":2,\"name\":\"Trabalhe Conosco\"}]},{\"@type\":\"WebSite\",\"@id\":\"http:\/\/www.qualinove.com.br\/site\/#website\",\"url\":\"http:\/\/www.qualinove.com.br\/site\/\",\"name\":\"Qualinove\",\"description\":\"Inova\u00e7\u00e3o e Qualidade em Sistemas de Gest\u00e3o\",\"publisher\":{\"@id\":\"http:\/\/www.qualinove.com.br\/site\/#organization\"},\"potentialAction\":[{\"@type\":\"SearchAction\",\"target\":{\"@type\":\"EntryPoint\",\"urlTemplate\":\"http:\/\/www.qualinove.com.br\/site\/?s={search_term_string}\"},\"query-input\":{\"@type\":\"PropertyValueSpecification\",\"valueRequired\":true,\"valueName\":\"search_term_string\"}}],\"inLanguage\":\"pt-BR\"},{\"@type\":\"Organization\",\"@id\":\"http:\/\/www.qualinove.com.br\/site\/#organization\",\"name\":\"Qualinove Assessoria Empresarial\",\"url\":\"http:\/\/www.qualinove.com.br\/site\/\",\"logo\":{\"@type\":\"ImageObject\",\"inLanguage\":\"pt-BR\",\"@id\":\"http:\/\/www.qualinove.com.br\/site\/#\/schema\/logo\/image\/\",\"url\":\"http:\/\/www.qualinove.com.br\/site\/wp-content\/uploads\/2016\/01\/logo_qualinove.png\",\"contentUrl\":\"http:\/\/www.qualinove.com.br\/site\/wp-content\/uploads\/2016\/01\/logo_qualinove.png\",\"width\":200,\"height\":100,\"caption\":\"Qualinove Assessoria Empresarial\"},\"image\":{\"@id\":\"http:\/\/www.qualinove.com.br\/site\/#\/schema\/logo\/image\/\"}}]}<\/script>\n","yoast_head_json":{"title":"Trabalhe Conosco - Qualinove","robots":{"index":"index","follow":"follow","max-snippet":"max-snippet:-1","max-image-preview":"max-image-preview:large","max-video-preview":"max-video-preview:-1"},"canonical":"http:\/\/www.qualinove.com.br\/site\/trabalhe-conosco\/","og_locale":"pt_BR","og_type":"article","og_title":"Trabalhe Conosco - Qualinove","og_description":"Fa\u00e7a parte da equipe! A Qualinove conta com profissionais especializados nas \u00e1reas de Qu\u00edmica, Gest\u00e3o da Qualidade, Meio Ambiente, Sa\u00fade e Seguran\u00e7a do Trabalho e Gest\u00e3o de Pessoas. Se voc\u00ea possui experi\u00eancia ou forma\u00e7\u00e3o alinhada \u00e0s nossas \u00e1reas de atua\u00e7\u00e3o, cadastre seu perfil no formul\u00e1rio abaixo e fa\u00e7a parte de&hellip;","og_url":"http:\/\/www.qualinove.com.br\/site\/trabalhe-conosco\/","og_site_name":"Qualinove","article_modified_time":"2026-02-11T21:01:36+00:00","twitter_card":"summary_large_image","twitter_misc":{"Est. reading time":"1 minuto"},"schema":{"@context":"https:\/\/schema.org","@graph":[{"@type":"WebPage","@id":"http:\/\/www.qualinove.com.br\/site\/trabalhe-conosco\/","url":"http:\/\/www.qualinove.com.br\/site\/trabalhe-conosco\/","name":"Trabalhe Conosco - Qualinove","isPartOf":{"@id":"http:\/\/www.qualinove.com.br\/site\/#website"},"datePublished":"2016-04-15T03:00:03+00:00","dateModified":"2026-02-11T21:01:36+00:00","breadcrumb":{"@id":"http:\/\/www.qualinove.com.br\/site\/trabalhe-conosco\/#breadcrumb"},"inLanguage":"pt-BR","potentialAction":[{"@type":"ReadAction","target":["http:\/\/www.qualinove.com.br\/site\/trabalhe-conosco\/"]}]},{"@type":"BreadcrumbList","@id":"http:\/\/www.qualinove.com.br\/site\/trabalhe-conosco\/#breadcrumb","itemListElement":[{"@type":"ListItem","position":1,"name":"In\u00edcio","item":"https:\/\/www.qualinove.com.br\/site\/"},{"@type":"ListItem","position":2,"name":"Trabalhe Conosco"}]},{"@type":"WebSite","@id":"http:\/\/www.qualinove.com.br\/site\/#website","url":"http:\/\/www.qualinove.com.br\/site\/","name":"Qualinove","description":"Inova\u00e7\u00e3o e Qualidade em Sistemas de Gest\u00e3o","publisher":{"@id":"http:\/\/www.qualinove.com.br\/site\/#organization"},"potentialAction":[{"@type":"SearchAction","target":{"@type":"EntryPoint","urlTemplate":"http:\/\/www.qualinove.com.br\/site\/?s={search_term_string}"},"query-input":{"@type":"PropertyValueSpecification","valueRequired":true,"valueName":"search_term_string"}}],"inLanguage":"pt-BR"},{"@type":"Organization","@id":"http:\/\/www.qualinove.com.br\/site\/#organization","name":"Qualinove Assessoria Empresarial","url":"http:\/\/www.qualinove.com.br\/site\/","logo":{"@type":"ImageObject","inLanguage":"pt-BR","@id":"http:\/\/www.qualinove.com.br\/site\/#\/schema\/logo\/image\/","url":"http:\/\/www.qualinove.com.br\/site\/wp-content\/uploads\/2016\/01\/logo_qualinove.png","contentUrl":"http:\/\/www.qualinove.com.br\/site\/wp-content\/uploads\/2016\/01\/logo_qualinove.png","width":200,"height":100,"caption":"Qualinove Assessoria Empresarial"},"image":{"@id":"http:\/\/www.qualinove.com.br\/site\/#\/schema\/logo\/image\/"}}]}},"_links":{"self":[{"href":"http:\/\/www.qualinove.com.br\/site\/wp-json\/wp\/v2\/pages\/45","targetHints":{"allow":["GET"]}}],"collection":[{"href":"http:\/\/www.qualinove.com.br\/site\/wp-json\/wp\/v2\/pages"}],"about":[{"href":"http:\/\/www.qualinove.com.br\/site\/wp-json\/wp\/v2\/types\/page"}],"author":[{"embeddable":true,"href":"http:\/\/www.qualinove.com.br\/site\/wp-json\/wp\/v2\/users\/1"}],"replies":[{"embeddable":true,"href":"http:\/\/www.qualinove.com.br\/site\/wp-json\/wp\/v2\/comments?post=45"}],"version-history":[{"count":14,"href":"http:\/\/www.qualinove.com.br\/site\/wp-json\/wp\/v2\/pages\/45\/revisions"}],"predecessor-version":[{"id":5233,"href":"http:\/\/www.qualinove.com.br\/site\/wp-json\/wp\/v2\/pages\/45\/revisions\/5233"}],"wp:attachment":[{"href":"http:\/\/www.qualinove.com.br\/site\/wp-json\/wp\/v2\/media?parent=45"}],"curies":[{"name":"wp","href":"https:\/\/api.w.org\/{rel}","templated":true}]}}