{"id":49,"date":"2016-04-15T00:00:27","date_gmt":"2016-04-15T03:00:27","guid":{"rendered":"http:\/\/www.qualinove.com.br\/site\/?page_id=49"},"modified":"2016-04-16T13:30:11","modified_gmt":"2016-04-16T16:30:11","slug":"pergunte-a-qualinove","status":"publish","type":"page","link":"http:\/\/www.qualinove.com.br\/site\/pergunte-a-qualinove\/","title":{"rendered":"Pergunte a Qualinove"},"content":{"rendered":"<p><img loading=\"lazy\" decoding=\"async\" class=\"alignnone size-full wp-image-324\" src=\"http:\/\/www.qualinove.com.br\/site\/wp-content\/uploads\/2015\/12\/pergunte-a-qualinove.jpg\" alt=\"Pergunte a Qualinove\" width=\"1440\" height=\"400\" srcset=\"http:\/\/www.qualinove.com.br\/site\/wp-content\/uploads\/2015\/12\/pergunte-a-qualinove.jpg 1440w, http:\/\/www.qualinove.com.br\/site\/wp-content\/uploads\/2015\/12\/pergunte-a-qualinove-300x83.jpg 300w, http:\/\/www.qualinove.com.br\/site\/wp-content\/uploads\/2015\/12\/pergunte-a-qualinove-768x213.jpg 768w, http:\/\/www.qualinove.com.br\/site\/wp-content\/uploads\/2015\/12\/pergunte-a-qualinove-1024x284.jpg 1024w\" sizes=\"auto, (max-width: 1440px) 100vw, 1440px\" \/><\/p>\n<h2>N\u00f3s podemos ajudar!<\/h2>\n<p>Se a sua empresa j\u00e1 possui certifica\u00e7\u00f5es, est\u00e1 em fase de implanta\u00e7\u00e3o ou pretende implantar, podemos auxiliar em suas d\u00favidas gratuitamente.<\/p>\n<p>Pergunte a Qualinove!<\/p>\n\n<div class=\"wpcf7 no-js\" id=\"wpcf7-f157-o1\" lang=\"pt-BR\" dir=\"ltr\" data-wpcf7-id=\"157\">\n<div class=\"screen-reader-response\"><p role=\"status\" aria-live=\"polite\" aria-atomic=\"true\"><\/p><ul><\/ul><\/div>\n<form action=\"\/site\/wp-json\/wp\/v2\/pages\/49#wpcf7-f157-o1\" method=\"post\" class=\"wpcf7-form init\" aria-label=\"Contact form\" novalidate=\"novalidate\" data-status=\"init\">\n<div style=\"display: none;\">\n<input type=\"hidden\" name=\"_wpcf7\" value=\"157\" \/>\n<input type=\"hidden\" name=\"_wpcf7_version\" value=\"6.0.6\" \/>\n<input type=\"hidden\" name=\"_wpcf7_locale\" value=\"pt_BR\" \/>\n<input type=\"hidden\" name=\"_wpcf7_unit_tag\" value=\"wpcf7-f157-o1\" \/>\n<input type=\"hidden\" name=\"_wpcf7_container_post\" value=\"0\" \/>\n<input type=\"hidden\" name=\"_wpcf7_posted_data_hash\" value=\"\" \/>\n<\/div>\n<p>Empresa *\n<\/p>\n<p><span class=\"wpcf7-form-control-wrap\" data-name=\"your-company\"><input size=\"40\" maxlength=\"400\" class=\"wpcf7-form-control wpcf7-text wpcf7-validates-as-required\" aria-required=\"true\" aria-invalid=\"false\" value=\"\" type=\"text\" name=\"your-company\" \/><\/span>\n<\/p>\n<p>Nome *\n<\/p>\n<p><span class=\"wpcf7-form-control-wrap\" data-name=\"your-name\"><input size=\"40\" maxlength=\"400\" class=\"wpcf7-form-control wpcf7-text wpcf7-validates-as-required\" aria-required=\"true\" aria-invalid=\"false\" value=\"\" type=\"text\" name=\"your-name\" \/><\/span>\n<\/p>\n<p>E-mail *\n<\/p>\n<p><span class=\"wpcf7-form-control-wrap\" data-name=\"your-email\"><input size=\"40\" maxlength=\"400\" class=\"wpcf7-form-control wpcf7-email wpcf7-validates-as-required wpcf7-text wpcf7-validates-as-email\" aria-required=\"true\" aria-invalid=\"false\" value=\"\" type=\"email\" name=\"your-email\" \/><\/span>\n<\/p>\n<p>Telefone *\n<\/p>\n<p><span class=\"wpcf7-form-control-wrap\" data-name=\"your-phone\"><input size=\"40\" maxlength=\"400\" class=\"wpcf7-form-control wpcf7-tel wpcf7-validates-as-required wpcf7-text wpcf7-validates-as-tel\" aria-required=\"true\" aria-invalid=\"false\" value=\"\" type=\"tel\" name=\"your-phone\" \/><\/span>\n<\/p>\n<p>Cidade *\n<\/p>\n<p><span class=\"wpcf7-form-control-wrap\" data-name=\"your-city\"><input size=\"40\" maxlength=\"400\" class=\"wpcf7-form-control wpcf7-text wpcf7-validates-as-required\" aria-required=\"true\" aria-invalid=\"false\" value=\"\" type=\"text\" name=\"your-city\" \/><\/span>\n<\/p>\n<p>Assunto *\n<\/p>\n<p><span class=\"wpcf7-form-control-wrap\" data-name=\"your-subject\"><input size=\"40\" maxlength=\"400\" class=\"wpcf7-form-control wpcf7-text wpcf7-validates-as-required\" aria-required=\"true\" aria-invalid=\"false\" value=\"\" type=\"text\" name=\"your-subject\" \/><\/span>\n<\/p>\n<p>Descri\u00e7\u00e3o *\n<\/p>\n<p><span class=\"wpcf7-form-control-wrap\" data-name=\"message\"><textarea cols=\"40\" rows=\"10\" maxlength=\"2000\" class=\"wpcf7-form-control wpcf7-textarea wpcf7-validates-as-required\" aria-required=\"true\" aria-invalid=\"false\" name=\"message\"><\/textarea><\/span>\n<\/p>\n<p>* Campos Obrigat\u00f3rios\n<\/p>\n<p><input class=\"wpcf7-form-control wpcf7-submit has-spinner\" type=\"submit\" value=\"Enviar\" \/>\n<\/p><div class=\"wpcf7-response-output\" aria-hidden=\"true\"><\/div>\n<\/form>\n<\/div>\n\n","protected":false},"excerpt":{"rendered":"<p>N\u00f3s podemos ajudar! Se a sua empresa j\u00e1 possui certifica\u00e7\u00f5es, est\u00e1 em fase de implanta\u00e7\u00e3o ou pretende implantar, podemos auxiliar em suas d\u00favidas gratuitamente. Pergunte a Qualinove!<\/p>\n","protected":false},"author":1,"featured_media":322,"parent":0,"menu_order":0,"comment_status":"closed","ping_status":"closed","template":"","meta":{"footnotes":""},"class_list":["post-49","page","type-page","status-publish","has-post-thumbnail","hentry"],"yoast_head":"\n<title>Pergunte a Qualinove - Qualinove<\/title>\n<meta name=\"robots\" content=\"index, follow, max-snippet:-1, max-image-preview:large, max-video-preview:-1\" \/>\n<link rel=\"canonical\" href=\"http:\/\/www.qualinove.com.br\/site\/pergunte-a-qualinove\/\" \/>\n<meta property=\"og:locale\" content=\"pt_BR\" \/>\n<meta property=\"og:type\" content=\"article\" \/>\n<meta property=\"og:title\" content=\"Pergunte a Qualinove - Qualinove\" \/>\n<meta property=\"og:description\" content=\"N\u00f3s podemos ajudar! Se a sua empresa j\u00e1 possui certifica\u00e7\u00f5es, est\u00e1 em fase de implanta\u00e7\u00e3o ou pretende implantar, podemos auxiliar em suas d\u00favidas gratuitamente. Pergunte a Qualinove!\" \/>\n<meta property=\"og:url\" content=\"http:\/\/www.qualinove.com.br\/site\/pergunte-a-qualinove\/\" \/>\n<meta property=\"og:site_name\" content=\"Qualinove\" \/>\n<meta property=\"article:modified_time\" content=\"2016-04-16T16:30:11+00:00\" \/>\n<meta property=\"og:image\" content=\"http:\/\/www.qualinove.com.br\/site\/wp-content\/uploads\/2015\/12\/pergunte-a-qualinove.png\" \/>\n\t<meta property=\"og:image:width\" content=\"93\" \/>\n\t<meta property=\"og:image:height\" content=\"100\" \/>\n\t<meta property=\"og:image:type\" content=\"image\/png\" \/>\n<meta name=\"twitter:card\" content=\"summary_large_image\" \/>\n<script type=\"application\/ld+json\" class=\"yoast-schema-graph\">{\"@context\":\"https:\/\/schema.org\",\"@graph\":[{\"@type\":\"WebPage\",\"@id\":\"http:\/\/www.qualinove.com.br\/site\/pergunte-a-qualinove\/\",\"url\":\"http:\/\/www.qualinove.com.br\/site\/pergunte-a-qualinove\/\",\"name\":\"Pergunte a Qualinove - Qualinove\",\"isPartOf\":{\"@id\":\"http:\/\/www.qualinove.com.br\/site\/#website\"},\"primaryImageOfPage\":{\"@id\":\"http:\/\/www.qualinove.com.br\/site\/pergunte-a-qualinove\/#primaryimage\"},\"image\":{\"@id\":\"http:\/\/www.qualinove.com.br\/site\/pergunte-a-qualinove\/#primaryimage\"},\"thumbnailUrl\":\"http:\/\/www.qualinove.com.br\/site\/wp-content\/uploads\/2015\/12\/pergunte-a-qualinove.png\",\"datePublished\":\"2016-04-15T03:00:27+00:00\",\"dateModified\":\"2016-04-16T16:30:11+00:00\",\"breadcrumb\":{\"@id\":\"http:\/\/www.qualinove.com.br\/site\/pergunte-a-qualinove\/#breadcrumb\"},\"inLanguage\":\"pt-BR\",\"potentialAction\":[{\"@type\":\"ReadAction\",\"target\":[\"http:\/\/www.qualinove.com.br\/site\/pergunte-a-qualinove\/\"]}]},{\"@type\":\"ImageObject\",\"inLanguage\":\"pt-BR\",\"@id\":\"http:\/\/www.qualinove.com.br\/site\/pergunte-a-qualinove\/#primaryimage\",\"url\":\"http:\/\/www.qualinove.com.br\/site\/wp-content\/uploads\/2015\/12\/pergunte-a-qualinove.png\",\"contentUrl\":\"http:\/\/www.qualinove.com.br\/site\/wp-content\/uploads\/2015\/12\/pergunte-a-qualinove.png\",\"width\":93,\"height\":100,\"caption\":\"Pergunte a Qualinove\"},{\"@type\":\"BreadcrumbList\",\"@id\":\"http:\/\/www.qualinove.com.br\/site\/pergunte-a-qualinove\/#breadcrumb\",\"itemListElement\":[{\"@type\":\"ListItem\",\"position\":1,\"name\":\"In\u00edcio\",\"item\":\"https:\/\/www.qualinove.com.br\/site\/\"},{\"@type\":\"ListItem\",\"position\":2,\"name\":\"Pergunte a Qualinove\"}]},{\"@type\":\"WebSite\",\"@id\":\"http:\/\/www.qualinove.com.br\/site\/#website\",\"url\":\"http:\/\/www.qualinove.com.br\/site\/\",\"name\":\"Qualinove\",\"description\":\"Inova\u00e7\u00e3o e Qualidade em Sistemas de Gest\u00e3o\",\"publisher\":{\"@id\":\"http:\/\/www.qualinove.com.br\/site\/#organization\"},\"potentialAction\":[{\"@type\":\"SearchAction\",\"target\":{\"@type\":\"EntryPoint\",\"urlTemplate\":\"http:\/\/www.qualinove.com.br\/site\/?s={search_term_string}\"},\"query-input\":{\"@type\":\"PropertyValueSpecification\",\"valueRequired\":true,\"valueName\":\"search_term_string\"}}],\"inLanguage\":\"pt-BR\"},{\"@type\":\"Organization\",\"@id\":\"http:\/\/www.qualinove.com.br\/site\/#organization\",\"name\":\"Qualinove Assessoria Empresarial\",\"url\":\"http:\/\/www.qualinove.com.br\/site\/\",\"logo\":{\"@type\":\"ImageObject\",\"inLanguage\":\"pt-BR\",\"@id\":\"http:\/\/www.qualinove.com.br\/site\/#\/schema\/logo\/image\/\",\"url\":\"http:\/\/www.qualinove.com.br\/site\/wp-content\/uploads\/2016\/01\/logo_qualinove.png\",\"contentUrl\":\"http:\/\/www.qualinove.com.br\/site\/wp-content\/uploads\/2016\/01\/logo_qualinove.png\",\"width\":200,\"height\":100,\"caption\":\"Qualinove Assessoria Empresarial\"},\"image\":{\"@id\":\"http:\/\/www.qualinove.com.br\/site\/#\/schema\/logo\/image\/\"}}]}<\/script>\n","yoast_head_json":{"title":"Pergunte a Qualinove - Qualinove","robots":{"index":"index","follow":"follow","max-snippet":"max-snippet:-1","max-image-preview":"max-image-preview:large","max-video-preview":"max-video-preview:-1"},"canonical":"http:\/\/www.qualinove.com.br\/site\/pergunte-a-qualinove\/","og_locale":"pt_BR","og_type":"article","og_title":"Pergunte a Qualinove - Qualinove","og_description":"N\u00f3s podemos ajudar! Se a sua empresa j\u00e1 possui certifica\u00e7\u00f5es, est\u00e1 em fase de implanta\u00e7\u00e3o ou pretende implantar, podemos auxiliar em suas d\u00favidas gratuitamente. Pergunte a Qualinove!","og_url":"http:\/\/www.qualinove.com.br\/site\/pergunte-a-qualinove\/","og_site_name":"Qualinove","article_modified_time":"2016-04-16T16:30:11+00:00","og_image":[{"width":93,"height":100,"url":"http:\/\/www.qualinove.com.br\/site\/wp-content\/uploads\/2015\/12\/pergunte-a-qualinove.png","type":"image\/png"}],"twitter_card":"summary_large_image","schema":{"@context":"https:\/\/schema.org","@graph":[{"@type":"WebPage","@id":"http:\/\/www.qualinove.com.br\/site\/pergunte-a-qualinove\/","url":"http:\/\/www.qualinove.com.br\/site\/pergunte-a-qualinove\/","name":"Pergunte a Qualinove - Qualinove","isPartOf":{"@id":"http:\/\/www.qualinove.com.br\/site\/#website"},"primaryImageOfPage":{"@id":"http:\/\/www.qualinove.com.br\/site\/pergunte-a-qualinove\/#primaryimage"},"image":{"@id":"http:\/\/www.qualinove.com.br\/site\/pergunte-a-qualinove\/#primaryimage"},"thumbnailUrl":"http:\/\/www.qualinove.com.br\/site\/wp-content\/uploads\/2015\/12\/pergunte-a-qualinove.png","datePublished":"2016-04-15T03:00:27+00:00","dateModified":"2016-04-16T16:30:11+00:00","breadcrumb":{"@id":"http:\/\/www.qualinove.com.br\/site\/pergunte-a-qualinove\/#breadcrumb"},"inLanguage":"pt-BR","potentialAction":[{"@type":"ReadAction","target":["http:\/\/www.qualinove.com.br\/site\/pergunte-a-qualinove\/"]}]},{"@type":"ImageObject","inLanguage":"pt-BR","@id":"http:\/\/www.qualinove.com.br\/site\/pergunte-a-qualinove\/#primaryimage","url":"http:\/\/www.qualinove.com.br\/site\/wp-content\/uploads\/2015\/12\/pergunte-a-qualinove.png","contentUrl":"http:\/\/www.qualinove.com.br\/site\/wp-content\/uploads\/2015\/12\/pergunte-a-qualinove.png","width":93,"height":100,"caption":"Pergunte a Qualinove"},{"@type":"BreadcrumbList","@id":"http:\/\/www.qualinove.com.br\/site\/pergunte-a-qualinove\/#breadcrumb","itemListElement":[{"@type":"ListItem","position":1,"name":"In\u00edcio","item":"https:\/\/www.qualinove.com.br\/site\/"},{"@type":"ListItem","position":2,"name":"Pergunte a Qualinove"}]},{"@type":"WebSite","@id":"http:\/\/www.qualinove.com.br\/site\/#website","url":"http:\/\/www.qualinove.com.br\/site\/","name":"Qualinove","description":"Inova\u00e7\u00e3o e Qualidade em Sistemas de Gest\u00e3o","publisher":{"@id":"http:\/\/www.qualinove.com.br\/site\/#organization"},"potentialAction":[{"@type":"SearchAction","target":{"@type":"EntryPoint","urlTemplate":"http:\/\/www.qualinove.com.br\/site\/?s={search_term_string}"},"query-input":{"@type":"PropertyValueSpecification","valueRequired":true,"valueName":"search_term_string"}}],"inLanguage":"pt-BR"},{"@type":"Organization","@id":"http:\/\/www.qualinove.com.br\/site\/#organization","name":"Qualinove Assessoria Empresarial","url":"http:\/\/www.qualinove.com.br\/site\/","logo":{"@type":"ImageObject","inLanguage":"pt-BR","@id":"http:\/\/www.qualinove.com.br\/site\/#\/schema\/logo\/image\/","url":"http:\/\/www.qualinove.com.br\/site\/wp-content\/uploads\/2016\/01\/logo_qualinove.png","contentUrl":"http:\/\/www.qualinove.com.br\/site\/wp-content\/uploads\/2016\/01\/logo_qualinove.png","width":200,"height":100,"caption":"Qualinove Assessoria Empresarial"},"image":{"@id":"http:\/\/www.qualinove.com.br\/site\/#\/schema\/logo\/image\/"}}]}},"_links":{"self":[{"href":"http:\/\/www.qualinove.com.br\/site\/wp-json\/wp\/v2\/pages\/49","targetHints":{"allow":["GET"]}}],"collection":[{"href":"http:\/\/www.qualinove.com.br\/site\/wp-json\/wp\/v2\/pages"}],"about":[{"href":"http:\/\/www.qualinove.com.br\/site\/wp-json\/wp\/v2\/types\/page"}],"author":[{"embeddable":true,"href":"http:\/\/www.qualinove.com.br\/site\/wp-json\/wp\/v2\/users\/1"}],"replies":[{"embeddable":true,"href":"http:\/\/www.qualinove.com.br\/site\/wp-json\/wp\/v2\/comments?post=49"}],"version-history":[{"count":6,"href":"http:\/\/www.qualinove.com.br\/site\/wp-json\/wp\/v2\/pages\/49\/revisions"}],"predecessor-version":[{"id":325,"href":"http:\/\/www.qualinove.com.br\/site\/wp-json\/wp\/v2\/pages\/49\/revisions\/325"}],"wp:featuredmedia":[{"embeddable":true,"href":"http:\/\/www.qualinove.com.br\/site\/wp-json\/wp\/v2\/media\/322"}],"wp:attachment":[{"href":"http:\/\/www.qualinove.com.br\/site\/wp-json\/wp\/v2\/media?parent=49"}],"curies":[{"name":"wp","href":"https:\/\/api.w.org\/{rel}","templated":true}]}}