{"id":518,"date":"2020-08-26T13:42:03","date_gmt":"2020-08-26T16:42:03","guid":{"rendered":"http:\/\/www.qualinove.com.br\/site\/?page_id=518"},"modified":"2026-02-12T15:39:19","modified_gmt":"2026-02-12T18:39:19","slug":"seguranca-do-trabalho","status":"publish","type":"page","link":"http:\/\/www.qualinove.com.br\/site\/seguranca-do-trabalho\/","title":{"rendered":"Gest\u00e3o Financeira e Empresarial"},"content":{"rendered":"<p>Atuamos na organiza\u00e7\u00e3o, reestrutura\u00e7\u00e3o e profissionaliza\u00e7\u00e3o da gest\u00e3o financeira empresarial, promovendo controle, efici\u00eancia operacional e sustentabilidade econ\u00f4mica.<\/p>\n<p>Realizamos diagn\u00f3stico econ\u00f4mico-financeiro aprofundado, identificando fragilidades, oportunidades de melhoria e pontos cr\u00edticos de desempenho. Desenvolvemos planejamento or\u00e7ament\u00e1rio estruturado, an\u00e1lise de custos, margens e resultados, al\u00e9m da defini\u00e7\u00e3o de indicadores estrat\u00e9gicos para suporte \u00e0 tomada de decis\u00e3o.<\/p>\n<p>Oferecemos <strong>BPO Financeiro completo<\/strong>, assegurando padroniza\u00e7\u00e3o de processos e confiabilidade das informa\u00e7\u00f5es, incluindo:<\/p>\n<ul>\n<li>Gest\u00e3o de contas a pagar e a receber<\/li>\n<li>Concilia\u00e7\u00f5es banc\u00e1rias<\/li>\n<li>Emiss\u00e3o e controle de notas fiscais<\/li>\n<li>Fluxo de caixa projetado<\/li>\n<li>Relat\u00f3rios gerenciais e demonstrativos de desempenho<\/li>\n<\/ul>\n<p>Transformamos dados financeiros em intelig\u00eancia estrat\u00e9gica, fortalecendo a governan\u00e7a, a previsibilidade e a solidez das organiza\u00e7\u00f5es.<\/p>\n<p><strong>Objetivo:<\/strong> converter informa\u00e7\u00f5es financeiras em decis\u00f5es assertivas, impulsionando crescimento estruturado e estabilidade empresarial.<\/p>\n","protected":false},"excerpt":{"rendered":"<p>Atuamos na organiza\u00e7\u00e3o, reestrutura\u00e7\u00e3o e profissionaliza\u00e7\u00e3o da gest\u00e3o financeira empresarial, promovendo controle, efici\u00eancia operacional e sustentabilidade econ\u00f4mica. Realizamos diagn\u00f3stico econ\u00f4mico-financeiro aprofundado, identificando fragilidades, oportunidades de melhoria e pontos cr\u00edticos de desempenho. Desenvolvemos planejamento or\u00e7ament\u00e1rio estruturado, an\u00e1lise de custos, margens e resultados, al\u00e9m da defini\u00e7\u00e3o de indicadores estrat\u00e9gicos para suporte \u00e0&hellip; <\/p>\n","protected":false},"author":1,"featured_media":519,"parent":0,"menu_order":0,"comment_status":"closed","ping_status":"closed","template":"","meta":{"footnotes":""},"class_list":["post-518","page","type-page","status-publish","has-post-thumbnail","hentry"],"yoast_head":"\n<title>Gest\u00e3o Financeira e Empresarial - Qualinove<\/title>\n<meta name=\"robots\" content=\"index, follow, max-snippet:-1, max-image-preview:large, max-video-preview:-1\" \/>\n<link rel=\"canonical\" href=\"http:\/\/www.qualinove.com.br\/site\/seguranca-do-trabalho\/\" \/>\n<meta property=\"og:locale\" content=\"pt_BR\" \/>\n<meta property=\"og:type\" content=\"article\" \/>\n<meta property=\"og:title\" content=\"Gest\u00e3o Financeira e Empresarial - Qualinove\" \/>\n<meta property=\"og:description\" content=\"Atuamos na organiza\u00e7\u00e3o, reestrutura\u00e7\u00e3o e profissionaliza\u00e7\u00e3o da gest\u00e3o financeira empresarial, promovendo controle, efici\u00eancia operacional e sustentabilidade econ\u00f4mica. Realizamos diagn\u00f3stico econ\u00f4mico-financeiro aprofundado, identificando fragilidades, oportunidades de melhoria e pontos cr\u00edticos de desempenho. Desenvolvemos planejamento or\u00e7ament\u00e1rio estruturado, an\u00e1lise de custos, margens e resultados, al\u00e9m da defini\u00e7\u00e3o de indicadores estrat\u00e9gicos para suporte \u00e0&hellip;\" \/>\n<meta property=\"og:url\" content=\"http:\/\/www.qualinove.com.br\/site\/seguranca-do-trabalho\/\" \/>\n<meta property=\"og:site_name\" content=\"Qualinove\" \/>\n<meta property=\"article:modified_time\" content=\"2026-02-12T18:39:19+00:00\" \/>\n<meta property=\"og:image\" content=\"http:\/\/www.qualinove.com.br\/site\/wp-content\/uploads\/2020\/08\/seguranca_trabalho.png\" \/>\n\t<meta property=\"og:image:width\" content=\"100\" \/>\n\t<meta property=\"og:image:height\" content=\"100\" \/>\n\t<meta property=\"og:image:type\" content=\"image\/png\" \/>\n<meta name=\"twitter:card\" content=\"summary_large_image\" \/>\n<meta name=\"twitter:label1\" content=\"Est. reading time\" \/>\n\t<meta name=\"twitter:data1\" content=\"1 minuto\" \/>\n<script type=\"application\/ld+json\" class=\"yoast-schema-graph\">{\"@context\":\"https:\/\/schema.org\",\"@graph\":[{\"@type\":\"WebPage\",\"@id\":\"http:\/\/www.qualinove.com.br\/site\/seguranca-do-trabalho\/\",\"url\":\"http:\/\/www.qualinove.com.br\/site\/seguranca-do-trabalho\/\",\"name\":\"Gest\u00e3o Financeira e Empresarial - Qualinove\",\"isPartOf\":{\"@id\":\"http:\/\/www.qualinove.com.br\/site\/#website\"},\"primaryImageOfPage\":{\"@id\":\"http:\/\/www.qualinove.com.br\/site\/seguranca-do-trabalho\/#primaryimage\"},\"image\":{\"@id\":\"http:\/\/www.qualinove.com.br\/site\/seguranca-do-trabalho\/#primaryimage\"},\"thumbnailUrl\":\"http:\/\/www.qualinove.com.br\/site\/wp-content\/uploads\/2020\/08\/seguranca_trabalho.png\",\"datePublished\":\"2020-08-26T16:42:03+00:00\",\"dateModified\":\"2026-02-12T18:39:19+00:00\",\"breadcrumb\":{\"@id\":\"http:\/\/www.qualinove.com.br\/site\/seguranca-do-trabalho\/#breadcrumb\"},\"inLanguage\":\"pt-BR\",\"potentialAction\":[{\"@type\":\"ReadAction\",\"target\":[\"http:\/\/www.qualinove.com.br\/site\/seguranca-do-trabalho\/\"]}]},{\"@type\":\"ImageObject\",\"inLanguage\":\"pt-BR\",\"@id\":\"http:\/\/www.qualinove.com.br\/site\/seguranca-do-trabalho\/#primaryimage\",\"url\":\"http:\/\/www.qualinove.com.br\/site\/wp-content\/uploads\/2020\/08\/seguranca_trabalho.png\",\"contentUrl\":\"http:\/\/www.qualinove.com.br\/site\/wp-content\/uploads\/2020\/08\/seguranca_trabalho.png\",\"width\":100,\"height\":100},{\"@type\":\"BreadcrumbList\",\"@id\":\"http:\/\/www.qualinove.com.br\/site\/seguranca-do-trabalho\/#breadcrumb\",\"itemListElement\":[{\"@type\":\"ListItem\",\"position\":1,\"name\":\"In\u00edcio\",\"item\":\"https:\/\/www.qualinove.com.br\/site\/\"},{\"@type\":\"ListItem\",\"position\":2,\"name\":\"Gest\u00e3o Financeira e Empresarial\"}]},{\"@type\":\"WebSite\",\"@id\":\"http:\/\/www.qualinove.com.br\/site\/#website\",\"url\":\"http:\/\/www.qualinove.com.br\/site\/\",\"name\":\"Qualinove\",\"description\":\"Inova\u00e7\u00e3o e Qualidade em Sistemas de Gest\u00e3o\",\"publisher\":{\"@id\":\"http:\/\/www.qualinove.com.br\/site\/#organization\"},\"potentialAction\":[{\"@type\":\"SearchAction\",\"target\":{\"@type\":\"EntryPoint\",\"urlTemplate\":\"http:\/\/www.qualinove.com.br\/site\/?s={search_term_string}\"},\"query-input\":{\"@type\":\"PropertyValueSpecification\",\"valueRequired\":true,\"valueName\":\"search_term_string\"}}],\"inLanguage\":\"pt-BR\"},{\"@type\":\"Organization\",\"@id\":\"http:\/\/www.qualinove.com.br\/site\/#organization\",\"name\":\"Qualinove Assessoria Empresarial\",\"url\":\"http:\/\/www.qualinove.com.br\/site\/\",\"logo\":{\"@type\":\"ImageObject\",\"inLanguage\":\"pt-BR\",\"@id\":\"http:\/\/www.qualinove.com.br\/site\/#\/schema\/logo\/image\/\",\"url\":\"http:\/\/www.qualinove.com.br\/site\/wp-content\/uploads\/2016\/01\/logo_qualinove.png\",\"contentUrl\":\"http:\/\/www.qualinove.com.br\/site\/wp-content\/uploads\/2016\/01\/logo_qualinove.png\",\"width\":200,\"height\":100,\"caption\":\"Qualinove Assessoria Empresarial\"},\"image\":{\"@id\":\"http:\/\/www.qualinove.com.br\/site\/#\/schema\/logo\/image\/\"}}]}<\/script>\n","yoast_head_json":{"title":"Gest\u00e3o Financeira e Empresarial - Qualinove","robots":{"index":"index","follow":"follow","max-snippet":"max-snippet:-1","max-image-preview":"max-image-preview:large","max-video-preview":"max-video-preview:-1"},"canonical":"http:\/\/www.qualinove.com.br\/site\/seguranca-do-trabalho\/","og_locale":"pt_BR","og_type":"article","og_title":"Gest\u00e3o Financeira e Empresarial - Qualinove","og_description":"Atuamos na organiza\u00e7\u00e3o, reestrutura\u00e7\u00e3o e profissionaliza\u00e7\u00e3o da gest\u00e3o financeira empresarial, promovendo controle, efici\u00eancia operacional e sustentabilidade econ\u00f4mica. Realizamos diagn\u00f3stico econ\u00f4mico-financeiro aprofundado, identificando fragilidades, oportunidades de melhoria e pontos cr\u00edticos de desempenho. Desenvolvemos planejamento or\u00e7ament\u00e1rio estruturado, an\u00e1lise de custos, margens e resultados, al\u00e9m da defini\u00e7\u00e3o de indicadores estrat\u00e9gicos para suporte \u00e0&hellip;","og_url":"http:\/\/www.qualinove.com.br\/site\/seguranca-do-trabalho\/","og_site_name":"Qualinove","article_modified_time":"2026-02-12T18:39:19+00:00","og_image":[{"width":100,"height":100,"url":"http:\/\/www.qualinove.com.br\/site\/wp-content\/uploads\/2020\/08\/seguranca_trabalho.png","type":"image\/png"}],"twitter_card":"summary_large_image","twitter_misc":{"Est. reading time":"1 minuto"},"schema":{"@context":"https:\/\/schema.org","@graph":[{"@type":"WebPage","@id":"http:\/\/www.qualinove.com.br\/site\/seguranca-do-trabalho\/","url":"http:\/\/www.qualinove.com.br\/site\/seguranca-do-trabalho\/","name":"Gest\u00e3o Financeira e Empresarial - Qualinove","isPartOf":{"@id":"http:\/\/www.qualinove.com.br\/site\/#website"},"primaryImageOfPage":{"@id":"http:\/\/www.qualinove.com.br\/site\/seguranca-do-trabalho\/#primaryimage"},"image":{"@id":"http:\/\/www.qualinove.com.br\/site\/seguranca-do-trabalho\/#primaryimage"},"thumbnailUrl":"http:\/\/www.qualinove.com.br\/site\/wp-content\/uploads\/2020\/08\/seguranca_trabalho.png","datePublished":"2020-08-26T16:42:03+00:00","dateModified":"2026-02-12T18:39:19+00:00","breadcrumb":{"@id":"http:\/\/www.qualinove.com.br\/site\/seguranca-do-trabalho\/#breadcrumb"},"inLanguage":"pt-BR","potentialAction":[{"@type":"ReadAction","target":["http:\/\/www.qualinove.com.br\/site\/seguranca-do-trabalho\/"]}]},{"@type":"ImageObject","inLanguage":"pt-BR","@id":"http:\/\/www.qualinove.com.br\/site\/seguranca-do-trabalho\/#primaryimage","url":"http:\/\/www.qualinove.com.br\/site\/wp-content\/uploads\/2020\/08\/seguranca_trabalho.png","contentUrl":"http:\/\/www.qualinove.com.br\/site\/wp-content\/uploads\/2020\/08\/seguranca_trabalho.png","width":100,"height":100},{"@type":"BreadcrumbList","@id":"http:\/\/www.qualinove.com.br\/site\/seguranca-do-trabalho\/#breadcrumb","itemListElement":[{"@type":"ListItem","position":1,"name":"In\u00edcio","item":"https:\/\/www.qualinove.com.br\/site\/"},{"@type":"ListItem","position":2,"name":"Gest\u00e3o Financeira e Empresarial"}]},{"@type":"WebSite","@id":"http:\/\/www.qualinove.com.br\/site\/#website","url":"http:\/\/www.qualinove.com.br\/site\/","name":"Qualinove","description":"Inova\u00e7\u00e3o e Qualidade em Sistemas de Gest\u00e3o","publisher":{"@id":"http:\/\/www.qualinove.com.br\/site\/#organization"},"potentialAction":[{"@type":"SearchAction","target":{"@type":"EntryPoint","urlTemplate":"http:\/\/www.qualinove.com.br\/site\/?s={search_term_string}"},"query-input":{"@type":"PropertyValueSpecification","valueRequired":true,"valueName":"search_term_string"}}],"inLanguage":"pt-BR"},{"@type":"Organization","@id":"http:\/\/www.qualinove.com.br\/site\/#organization","name":"Qualinove Assessoria Empresarial","url":"http:\/\/www.qualinove.com.br\/site\/","logo":{"@type":"ImageObject","inLanguage":"pt-BR","@id":"http:\/\/www.qualinove.com.br\/site\/#\/schema\/logo\/image\/","url":"http:\/\/www.qualinove.com.br\/site\/wp-content\/uploads\/2016\/01\/logo_qualinove.png","contentUrl":"http:\/\/www.qualinove.com.br\/site\/wp-content\/uploads\/2016\/01\/logo_qualinove.png","width":200,"height":100,"caption":"Qualinove Assessoria Empresarial"},"image":{"@id":"http:\/\/www.qualinove.com.br\/site\/#\/schema\/logo\/image\/"}}]}},"_links":{"self":[{"href":"http:\/\/www.qualinove.com.br\/site\/wp-json\/wp\/v2\/pages\/518","targetHints":{"allow":["GET"]}}],"collection":[{"href":"http:\/\/www.qualinove.com.br\/site\/wp-json\/wp\/v2\/pages"}],"about":[{"href":"http:\/\/www.qualinove.com.br\/site\/wp-json\/wp\/v2\/types\/page"}],"author":[{"embeddable":true,"href":"http:\/\/www.qualinove.com.br\/site\/wp-json\/wp\/v2\/users\/1"}],"replies":[{"embeddable":true,"href":"http:\/\/www.qualinove.com.br\/site\/wp-json\/wp\/v2\/comments?post=518"}],"version-history":[{"count":5,"href":"http:\/\/www.qualinove.com.br\/site\/wp-json\/wp\/v2\/pages\/518\/revisions"}],"predecessor-version":[{"id":5262,"href":"http:\/\/www.qualinove.com.br\/site\/wp-json\/wp\/v2\/pages\/518\/revisions\/5262"}],"wp:featuredmedia":[{"embeddable":true,"href":"http:\/\/www.qualinove.com.br\/site\/wp-json\/wp\/v2\/media\/519"}],"wp:attachment":[{"href":"http:\/\/www.qualinove.com.br\/site\/wp-json\/wp\/v2\/media?parent=518"}],"curies":[{"name":"wp","href":"https:\/\/api.w.org\/{rel}","templated":true}]}}