{"id":5265,"date":"2026-02-12T16:00:01","date_gmt":"2026-02-12T19:00:01","guid":{"rendered":"https:\/\/www.qualinove.com.br\/site\/?page_id=5265"},"modified":"2026-02-13T10:44:23","modified_gmt":"2026-02-13T13:44:23","slug":"prodir-processo-de-distribuicao-responsavel","status":"publish","type":"page","link":"http:\/\/www.qualinove.com.br\/site\/prodir-processo-de-distribuicao-responsavel\/","title":{"rendered":"PRODIR (Processo de Distribui\u00e7\u00e3o Respons\u00e1vel)"},"content":{"rendered":"\n<figure class=\"wp-block-image size-full is-style-default\"><img loading=\"lazy\" decoding=\"async\" width=\"581\" height=\"458\" src=\"https:\/\/www.qualinove.com.br\/site\/wp-content\/uploads\/2026\/02\/Capturar-1.jpg\" alt=\"\" class=\"wp-image-5269\" srcset=\"http:\/\/www.qualinove.com.br\/site\/wp-content\/uploads\/2026\/02\/Capturar-1.jpg 581w, http:\/\/www.qualinove.com.br\/site\/wp-content\/uploads\/2026\/02\/Capturar-1-300x236.jpg 300w\" sizes=\"auto, (max-width: 581px) 100vw, 581px\" \/><\/figure>\n\n\n\n<p>O PRODIR \u00e9 uma metodologia estruturada de gest\u00e3o e desenvolvimento institucional, concebida para apoiar organiza\u00e7\u00f5es na consolida\u00e7\u00e3o de estruturas mais eficientes, integradas e orientadas \u00e0 gera\u00e7\u00e3o de resultados sustent\u00e1veis.<\/p>\n\n\n\n<p>O programa fortalece a governan\u00e7a institucional por meio do planejamento estrat\u00e9gico participativo, da defini\u00e7\u00e3o clara de responsabilidades e da implanta\u00e7\u00e3o de indicadores de desempenho consistentes. Essa abordagem permite que cada \u00e1rea compreenda seu papel estrat\u00e9gico na entrega de valor \u00e0 sociedade e aos stakeholders.<\/p>\n\n\n\n<p>Ao promover o alinhamento entre pessoas, processos e prop\u00f3sito, o PRODIR eleva o n\u00edvel de maturidade da gest\u00e3o, fomenta uma cultura orientada a resultados e contribui para a transforma\u00e7\u00e3o organizacional cont\u00ednua, com foco em efici\u00eancia, transpar\u00eancia e impacto.<\/p>\n","protected":false},"excerpt":{"rendered":"<p>O PRODIR \u00e9 uma metodologia estruturada de gest\u00e3o e desenvolvimento institucional, concebida para apoiar organiza\u00e7\u00f5es na consolida\u00e7\u00e3o de estruturas mais eficientes, integradas e orientadas \u00e0 gera\u00e7\u00e3o de resultados sustent\u00e1veis. O programa fortalece a governan\u00e7a institucional por meio do planejamento estrat\u00e9gico participativo, da defini\u00e7\u00e3o clara de responsabilidades e da implanta\u00e7\u00e3o de&hellip; <\/p>\n","protected":false},"author":3,"featured_media":0,"parent":0,"menu_order":0,"comment_status":"closed","ping_status":"closed","template":"","meta":{"footnotes":""},"class_list":["post-5265","page","type-page","status-publish","hentry"],"yoast_head":"\n<title>PRODIR (Processo de Distribui\u00e7\u00e3o Respons\u00e1vel) - Qualinove<\/title>\n<meta name=\"robots\" content=\"index, follow, max-snippet:-1, max-image-preview:large, max-video-preview:-1\" \/>\n<link rel=\"canonical\" href=\"http:\/\/www.qualinove.com.br\/site\/prodir-processo-de-distribuicao-responsavel\/\" \/>\n<meta property=\"og:locale\" content=\"pt_BR\" \/>\n<meta property=\"og:type\" content=\"article\" \/>\n<meta property=\"og:title\" content=\"PRODIR (Processo de Distribui\u00e7\u00e3o Respons\u00e1vel) - Qualinove\" \/>\n<meta property=\"og:description\" content=\"O PRODIR \u00e9 uma metodologia estruturada de gest\u00e3o e desenvolvimento institucional, concebida para apoiar organiza\u00e7\u00f5es na consolida\u00e7\u00e3o de estruturas mais eficientes, integradas e orientadas \u00e0 gera\u00e7\u00e3o de resultados sustent\u00e1veis. O programa fortalece a governan\u00e7a institucional por meio do planejamento estrat\u00e9gico participativo, da defini\u00e7\u00e3o clara de responsabilidades e da implanta\u00e7\u00e3o de&hellip;\" \/>\n<meta property=\"og:url\" content=\"http:\/\/www.qualinove.com.br\/site\/prodir-processo-de-distribuicao-responsavel\/\" \/>\n<meta property=\"og:site_name\" content=\"Qualinove\" \/>\n<meta property=\"article:modified_time\" content=\"2026-02-13T13:44:23+00:00\" \/>\n<meta property=\"og:image\" content=\"https:\/\/www.qualinove.com.br\/site\/wp-content\/uploads\/2026\/02\/Capturar-1.jpg\" \/>\n<meta name=\"twitter:card\" content=\"summary_large_image\" \/>\n<meta name=\"twitter:label1\" content=\"Est. reading time\" \/>\n\t<meta name=\"twitter:data1\" content=\"1 minuto\" \/>\n<script type=\"application\/ld+json\" class=\"yoast-schema-graph\">{\"@context\":\"https:\/\/schema.org\",\"@graph\":[{\"@type\":\"WebPage\",\"@id\":\"http:\/\/www.qualinove.com.br\/site\/prodir-processo-de-distribuicao-responsavel\/\",\"url\":\"http:\/\/www.qualinove.com.br\/site\/prodir-processo-de-distribuicao-responsavel\/\",\"name\":\"PRODIR (Processo de Distribui\u00e7\u00e3o Respons\u00e1vel) - Qualinove\",\"isPartOf\":{\"@id\":\"http:\/\/www.qualinove.com.br\/site\/#website\"},\"primaryImageOfPage\":{\"@id\":\"http:\/\/www.qualinove.com.br\/site\/prodir-processo-de-distribuicao-responsavel\/#primaryimage\"},\"image\":{\"@id\":\"http:\/\/www.qualinove.com.br\/site\/prodir-processo-de-distribuicao-responsavel\/#primaryimage\"},\"thumbnailUrl\":\"https:\/\/www.qualinove.com.br\/site\/wp-content\/uploads\/2026\/02\/Capturar-1.jpg\",\"datePublished\":\"2026-02-12T19:00:01+00:00\",\"dateModified\":\"2026-02-13T13:44:23+00:00\",\"breadcrumb\":{\"@id\":\"http:\/\/www.qualinove.com.br\/site\/prodir-processo-de-distribuicao-responsavel\/#breadcrumb\"},\"inLanguage\":\"pt-BR\",\"potentialAction\":[{\"@type\":\"ReadAction\",\"target\":[\"http:\/\/www.qualinove.com.br\/site\/prodir-processo-de-distribuicao-responsavel\/\"]}]},{\"@type\":\"ImageObject\",\"inLanguage\":\"pt-BR\",\"@id\":\"http:\/\/www.qualinove.com.br\/site\/prodir-processo-de-distribuicao-responsavel\/#primaryimage\",\"url\":\"https:\/\/www.qualinove.com.br\/site\/wp-content\/uploads\/2026\/02\/Capturar-1.jpg\",\"contentUrl\":\"https:\/\/www.qualinove.com.br\/site\/wp-content\/uploads\/2026\/02\/Capturar-1.jpg\"},{\"@type\":\"BreadcrumbList\",\"@id\":\"http:\/\/www.qualinove.com.br\/site\/prodir-processo-de-distribuicao-responsavel\/#breadcrumb\",\"itemListElement\":[{\"@type\":\"ListItem\",\"position\":1,\"name\":\"In\u00edcio\",\"item\":\"https:\/\/www.qualinove.com.br\/site\/\"},{\"@type\":\"ListItem\",\"position\":2,\"name\":\"PRODIR (Processo de Distribui\u00e7\u00e3o Respons\u00e1vel)\"}]},{\"@type\":\"WebSite\",\"@id\":\"http:\/\/www.qualinove.com.br\/site\/#website\",\"url\":\"http:\/\/www.qualinove.com.br\/site\/\",\"name\":\"Qualinove\",\"description\":\"Inova\u00e7\u00e3o e Qualidade em Sistemas de Gest\u00e3o\",\"publisher\":{\"@id\":\"http:\/\/www.qualinove.com.br\/site\/#organization\"},\"potentialAction\":[{\"@type\":\"SearchAction\",\"target\":{\"@type\":\"EntryPoint\",\"urlTemplate\":\"http:\/\/www.qualinove.com.br\/site\/?s={search_term_string}\"},\"query-input\":{\"@type\":\"PropertyValueSpecification\",\"valueRequired\":true,\"valueName\":\"search_term_string\"}}],\"inLanguage\":\"pt-BR\"},{\"@type\":\"Organization\",\"@id\":\"http:\/\/www.qualinove.com.br\/site\/#organization\",\"name\":\"Qualinove Assessoria Empresarial\",\"url\":\"http:\/\/www.qualinove.com.br\/site\/\",\"logo\":{\"@type\":\"ImageObject\",\"inLanguage\":\"pt-BR\",\"@id\":\"http:\/\/www.qualinove.com.br\/site\/#\/schema\/logo\/image\/\",\"url\":\"http:\/\/www.qualinove.com.br\/site\/wp-content\/uploads\/2016\/01\/logo_qualinove.png\",\"contentUrl\":\"http:\/\/www.qualinove.com.br\/site\/wp-content\/uploads\/2016\/01\/logo_qualinove.png\",\"width\":200,\"height\":100,\"caption\":\"Qualinove Assessoria Empresarial\"},\"image\":{\"@id\":\"http:\/\/www.qualinove.com.br\/site\/#\/schema\/logo\/image\/\"}}]}<\/script>\n","yoast_head_json":{"title":"PRODIR (Processo de Distribui\u00e7\u00e3o Respons\u00e1vel) - Qualinove","robots":{"index":"index","follow":"follow","max-snippet":"max-snippet:-1","max-image-preview":"max-image-preview:large","max-video-preview":"max-video-preview:-1"},"canonical":"http:\/\/www.qualinove.com.br\/site\/prodir-processo-de-distribuicao-responsavel\/","og_locale":"pt_BR","og_type":"article","og_title":"PRODIR (Processo de Distribui\u00e7\u00e3o Respons\u00e1vel) - Qualinove","og_description":"O PRODIR \u00e9 uma metodologia estruturada de gest\u00e3o e desenvolvimento institucional, concebida para apoiar organiza\u00e7\u00f5es na consolida\u00e7\u00e3o de estruturas mais eficientes, integradas e orientadas \u00e0 gera\u00e7\u00e3o de resultados sustent\u00e1veis. O programa fortalece a governan\u00e7a institucional por meio do planejamento estrat\u00e9gico participativo, da defini\u00e7\u00e3o clara de responsabilidades e da implanta\u00e7\u00e3o de&hellip;","og_url":"http:\/\/www.qualinove.com.br\/site\/prodir-processo-de-distribuicao-responsavel\/","og_site_name":"Qualinove","article_modified_time":"2026-02-13T13:44:23+00:00","og_image":[{"url":"https:\/\/www.qualinove.com.br\/site\/wp-content\/uploads\/2026\/02\/Capturar-1.jpg","type":"","width":"","height":""}],"twitter_card":"summary_large_image","twitter_misc":{"Est. reading time":"1 minuto"},"schema":{"@context":"https:\/\/schema.org","@graph":[{"@type":"WebPage","@id":"http:\/\/www.qualinove.com.br\/site\/prodir-processo-de-distribuicao-responsavel\/","url":"http:\/\/www.qualinove.com.br\/site\/prodir-processo-de-distribuicao-responsavel\/","name":"PRODIR (Processo de Distribui\u00e7\u00e3o Respons\u00e1vel) - Qualinove","isPartOf":{"@id":"http:\/\/www.qualinove.com.br\/site\/#website"},"primaryImageOfPage":{"@id":"http:\/\/www.qualinove.com.br\/site\/prodir-processo-de-distribuicao-responsavel\/#primaryimage"},"image":{"@id":"http:\/\/www.qualinove.com.br\/site\/prodir-processo-de-distribuicao-responsavel\/#primaryimage"},"thumbnailUrl":"https:\/\/www.qualinove.com.br\/site\/wp-content\/uploads\/2026\/02\/Capturar-1.jpg","datePublished":"2026-02-12T19:00:01+00:00","dateModified":"2026-02-13T13:44:23+00:00","breadcrumb":{"@id":"http:\/\/www.qualinove.com.br\/site\/prodir-processo-de-distribuicao-responsavel\/#breadcrumb"},"inLanguage":"pt-BR","potentialAction":[{"@type":"ReadAction","target":["http:\/\/www.qualinove.com.br\/site\/prodir-processo-de-distribuicao-responsavel\/"]}]},{"@type":"ImageObject","inLanguage":"pt-BR","@id":"http:\/\/www.qualinove.com.br\/site\/prodir-processo-de-distribuicao-responsavel\/#primaryimage","url":"https:\/\/www.qualinove.com.br\/site\/wp-content\/uploads\/2026\/02\/Capturar-1.jpg","contentUrl":"https:\/\/www.qualinove.com.br\/site\/wp-content\/uploads\/2026\/02\/Capturar-1.jpg"},{"@type":"BreadcrumbList","@id":"http:\/\/www.qualinove.com.br\/site\/prodir-processo-de-distribuicao-responsavel\/#breadcrumb","itemListElement":[{"@type":"ListItem","position":1,"name":"In\u00edcio","item":"https:\/\/www.qualinove.com.br\/site\/"},{"@type":"ListItem","position":2,"name":"PRODIR (Processo de Distribui\u00e7\u00e3o Respons\u00e1vel)"}]},{"@type":"WebSite","@id":"http:\/\/www.qualinove.com.br\/site\/#website","url":"http:\/\/www.qualinove.com.br\/site\/","name":"Qualinove","description":"Inova\u00e7\u00e3o e Qualidade em Sistemas de Gest\u00e3o","publisher":{"@id":"http:\/\/www.qualinove.com.br\/site\/#organization"},"potentialAction":[{"@type":"SearchAction","target":{"@type":"EntryPoint","urlTemplate":"http:\/\/www.qualinove.com.br\/site\/?s={search_term_string}"},"query-input":{"@type":"PropertyValueSpecification","valueRequired":true,"valueName":"search_term_string"}}],"inLanguage":"pt-BR"},{"@type":"Organization","@id":"http:\/\/www.qualinove.com.br\/site\/#organization","name":"Qualinove Assessoria Empresarial","url":"http:\/\/www.qualinove.com.br\/site\/","logo":{"@type":"ImageObject","inLanguage":"pt-BR","@id":"http:\/\/www.qualinove.com.br\/site\/#\/schema\/logo\/image\/","url":"http:\/\/www.qualinove.com.br\/site\/wp-content\/uploads\/2016\/01\/logo_qualinove.png","contentUrl":"http:\/\/www.qualinove.com.br\/site\/wp-content\/uploads\/2016\/01\/logo_qualinove.png","width":200,"height":100,"caption":"Qualinove Assessoria Empresarial"},"image":{"@id":"http:\/\/www.qualinove.com.br\/site\/#\/schema\/logo\/image\/"}}]}},"_links":{"self":[{"href":"http:\/\/www.qualinove.com.br\/site\/wp-json\/wp\/v2\/pages\/5265","targetHints":{"allow":["GET"]}}],"collection":[{"href":"http:\/\/www.qualinove.com.br\/site\/wp-json\/wp\/v2\/pages"}],"about":[{"href":"http:\/\/www.qualinove.com.br\/site\/wp-json\/wp\/v2\/types\/page"}],"author":[{"embeddable":true,"href":"http:\/\/www.qualinove.com.br\/site\/wp-json\/wp\/v2\/users\/3"}],"replies":[{"embeddable":true,"href":"http:\/\/www.qualinove.com.br\/site\/wp-json\/wp\/v2\/comments?post=5265"}],"version-history":[{"count":2,"href":"http:\/\/www.qualinove.com.br\/site\/wp-json\/wp\/v2\/pages\/5265\/revisions"}],"predecessor-version":[{"id":5270,"href":"http:\/\/www.qualinove.com.br\/site\/wp-json\/wp\/v2\/pages\/5265\/revisions\/5270"}],"wp:attachment":[{"href":"http:\/\/www.qualinove.com.br\/site\/wp-json\/wp\/v2\/media?parent=5265"}],"curies":[{"name":"wp","href":"https:\/\/api.w.org\/{rel}","templated":true}]}}