{"id":5280,"date":"2026-02-12T19:23:04","date_gmt":"2026-02-12T22:23:04","guid":{"rendered":"https:\/\/www.qualinove.com.br\/site\/?page_id=5280"},"modified":"2026-02-13T10:44:13","modified_gmt":"2026-02-13T13:44:13","slug":"certificacao-abvtex-associacao-brasileira-do-varejo-textil","status":"publish","type":"page","link":"http:\/\/www.qualinove.com.br\/site\/certificacao-abvtex-associacao-brasileira-do-varejo-textil\/","title":{"rendered":"ABVTEX (Associa\u00e7\u00e3o Brasileira do Varejo T\u00eaxtil)"},"content":{"rendered":"\n<figure class=\"wp-block-image size-full\"><img loading=\"lazy\" decoding=\"async\" width=\"400\" height=\"249\" src=\"https:\/\/www.qualinove.com.br\/site\/wp-content\/uploads\/2026\/02\/OIP.webp\" alt=\"\" class=\"wp-image-5287\" srcset=\"http:\/\/www.qualinove.com.br\/site\/wp-content\/uploads\/2026\/02\/OIP.webp 400w, http:\/\/www.qualinove.com.br\/site\/wp-content\/uploads\/2026\/02\/OIP-300x187.webp 300w\" sizes=\"auto, (max-width: 400px) 100vw, 400px\" \/><\/figure>\n\n\n\n<p>A Certifica\u00e7\u00e3o ABVTEX (Associa\u00e7\u00e3o Brasileira do Varejo T\u00eaxtil) \u00e9 um programa nacional que estabelece crit\u00e9rios rigorosos para promover conformidade legal, responsabilidade social e sustentabilidade na cadeia produtiva do setor t\u00eaxtil e de confec\u00e7\u00e3o.<\/p>\n\n\n\n<p>Mais do que um requisito comercial, a ABVTEX tornou-se um diferencial competitivo para empresas que desejam fornecer para grandes redes varejistas e operar com transpar\u00eancia, governan\u00e7a e seguran\u00e7a jur\u00eddica.<\/p>\n\n\n\n<p>A Qualinove atua de forma estrat\u00e9gica na implanta\u00e7\u00e3o, adequa\u00e7\u00e3o, manuten\u00e7\u00e3o e prepara\u00e7\u00e3o para auditorias ABVTEX, estruturando processos internos que garantem atendimento integral aos requisitos do programa.<\/p>\n\n\n\n<p>Nossa atua\u00e7\u00e3o contempla:<\/p>\n\n\n\n<ul class=\"wp-block-list\">\n<li>Diagn\u00f3stico inicial de conformidade<\/li>\n\n\n\n<li>Adequa\u00e7\u00e3o documental e estrutural<\/li>\n\n\n\n<li>Implementa\u00e7\u00e3o de controles internos<\/li>\n\n\n\n<li>Orienta\u00e7\u00e3o sobre requisitos trabalhistas e legais<\/li>\n\n\n\n<li>Treinamento de equipes<\/li>\n\n\n\n<li>Simula\u00e7\u00e3o e prepara\u00e7\u00e3o para auditoria<\/li>\n<\/ul>\n\n\n\n<p>Auxiliamos sua empresa a estabelecer pr\u00e1ticas s\u00f3lidas de governan\u00e7a, rela\u00e7\u00f5es de trabalho \u00e9ticas e compromisso ambiental, reduzindo riscos operacionais e assegurando conformidade com as exig\u00eancias do varejo nacional.<\/p>\n\n\n\n<p>O resultado \u00e9 uma organiza\u00e7\u00e3o mais estruturada, apta a integrar cadeias produtivas certificadas e fortalecer sua reputa\u00e7\u00e3o institucional.<\/p>\n","protected":false},"excerpt":{"rendered":"<p>A Certifica\u00e7\u00e3o ABVTEX (Associa\u00e7\u00e3o Brasileira do Varejo T\u00eaxtil) \u00e9 um programa nacional que estabelece crit\u00e9rios rigorosos para promover conformidade legal, responsabilidade social e sustentabilidade na cadeia produtiva do setor t\u00eaxtil e de confec\u00e7\u00e3o. Mais do que um requisito comercial, a ABVTEX tornou-se um diferencial competitivo para empresas que desejam fornecer&hellip; <\/p>\n","protected":false},"author":3,"featured_media":0,"parent":0,"menu_order":0,"comment_status":"closed","ping_status":"closed","template":"","meta":{"footnotes":""},"class_list":["post-5280","page","type-page","status-publish","hentry"],"yoast_head":"\n<title>ABVTEX (Associa\u00e7\u00e3o Brasileira do Varejo T\u00eaxtil) - Qualinove<\/title>\n<meta name=\"robots\" content=\"index, follow, max-snippet:-1, max-image-preview:large, max-video-preview:-1\" \/>\n<link rel=\"canonical\" href=\"http:\/\/www.qualinove.com.br\/site\/certificacao-abvtex-associacao-brasileira-do-varejo-textil\/\" \/>\n<meta property=\"og:locale\" content=\"pt_BR\" \/>\n<meta property=\"og:type\" content=\"article\" \/>\n<meta property=\"og:title\" content=\"ABVTEX (Associa\u00e7\u00e3o Brasileira do Varejo T\u00eaxtil) - Qualinove\" \/>\n<meta property=\"og:description\" content=\"A Certifica\u00e7\u00e3o ABVTEX (Associa\u00e7\u00e3o Brasileira do Varejo T\u00eaxtil) \u00e9 um programa nacional que estabelece crit\u00e9rios rigorosos para promover conformidade legal, responsabilidade social e sustentabilidade na cadeia produtiva do setor t\u00eaxtil e de confec\u00e7\u00e3o. Mais do que um requisito comercial, a ABVTEX tornou-se um diferencial competitivo para empresas que desejam fornecer&hellip;\" \/>\n<meta property=\"og:url\" content=\"http:\/\/www.qualinove.com.br\/site\/certificacao-abvtex-associacao-brasileira-do-varejo-textil\/\" \/>\n<meta property=\"og:site_name\" content=\"Qualinove\" \/>\n<meta property=\"article:modified_time\" content=\"2026-02-13T13:44:13+00:00\" \/>\n<meta property=\"og:image\" content=\"https:\/\/www.qualinove.com.br\/site\/wp-content\/uploads\/2026\/02\/OIP.webp\" \/>\n<meta name=\"twitter:card\" content=\"summary_large_image\" \/>\n<meta name=\"twitter:label1\" content=\"Est. reading time\" \/>\n\t<meta name=\"twitter:data1\" content=\"2 minutos\" \/>\n<script type=\"application\/ld+json\" class=\"yoast-schema-graph\">{\"@context\":\"https:\/\/schema.org\",\"@graph\":[{\"@type\":\"WebPage\",\"@id\":\"http:\/\/www.qualinove.com.br\/site\/certificacao-abvtex-associacao-brasileira-do-varejo-textil\/\",\"url\":\"http:\/\/www.qualinove.com.br\/site\/certificacao-abvtex-associacao-brasileira-do-varejo-textil\/\",\"name\":\"ABVTEX (Associa\u00e7\u00e3o Brasileira do Varejo T\u00eaxtil) - Qualinove\",\"isPartOf\":{\"@id\":\"http:\/\/www.qualinove.com.br\/site\/#website\"},\"primaryImageOfPage\":{\"@id\":\"http:\/\/www.qualinove.com.br\/site\/certificacao-abvtex-associacao-brasileira-do-varejo-textil\/#primaryimage\"},\"image\":{\"@id\":\"http:\/\/www.qualinove.com.br\/site\/certificacao-abvtex-associacao-brasileira-do-varejo-textil\/#primaryimage\"},\"thumbnailUrl\":\"https:\/\/www.qualinove.com.br\/site\/wp-content\/uploads\/2026\/02\/OIP.webp\",\"datePublished\":\"2026-02-12T22:23:04+00:00\",\"dateModified\":\"2026-02-13T13:44:13+00:00\",\"breadcrumb\":{\"@id\":\"http:\/\/www.qualinove.com.br\/site\/certificacao-abvtex-associacao-brasileira-do-varejo-textil\/#breadcrumb\"},\"inLanguage\":\"pt-BR\",\"potentialAction\":[{\"@type\":\"ReadAction\",\"target\":[\"http:\/\/www.qualinove.com.br\/site\/certificacao-abvtex-associacao-brasileira-do-varejo-textil\/\"]}]},{\"@type\":\"ImageObject\",\"inLanguage\":\"pt-BR\",\"@id\":\"http:\/\/www.qualinove.com.br\/site\/certificacao-abvtex-associacao-brasileira-do-varejo-textil\/#primaryimage\",\"url\":\"https:\/\/www.qualinove.com.br\/site\/wp-content\/uploads\/2026\/02\/OIP.webp\",\"contentUrl\":\"https:\/\/www.qualinove.com.br\/site\/wp-content\/uploads\/2026\/02\/OIP.webp\"},{\"@type\":\"BreadcrumbList\",\"@id\":\"http:\/\/www.qualinove.com.br\/site\/certificacao-abvtex-associacao-brasileira-do-varejo-textil\/#breadcrumb\",\"itemListElement\":[{\"@type\":\"ListItem\",\"position\":1,\"name\":\"In\u00edcio\",\"item\":\"https:\/\/www.qualinove.com.br\/site\/\"},{\"@type\":\"ListItem\",\"position\":2,\"name\":\"ABVTEX (Associa\u00e7\u00e3o Brasileira do Varejo T\u00eaxtil)\"}]},{\"@type\":\"WebSite\",\"@id\":\"http:\/\/www.qualinove.com.br\/site\/#website\",\"url\":\"http:\/\/www.qualinove.com.br\/site\/\",\"name\":\"Qualinove\",\"description\":\"Inova\u00e7\u00e3o e Qualidade em Sistemas de Gest\u00e3o\",\"publisher\":{\"@id\":\"http:\/\/www.qualinove.com.br\/site\/#organization\"},\"potentialAction\":[{\"@type\":\"SearchAction\",\"target\":{\"@type\":\"EntryPoint\",\"urlTemplate\":\"http:\/\/www.qualinove.com.br\/site\/?s={search_term_string}\"},\"query-input\":{\"@type\":\"PropertyValueSpecification\",\"valueRequired\":true,\"valueName\":\"search_term_string\"}}],\"inLanguage\":\"pt-BR\"},{\"@type\":\"Organization\",\"@id\":\"http:\/\/www.qualinove.com.br\/site\/#organization\",\"name\":\"Qualinove Assessoria Empresarial\",\"url\":\"http:\/\/www.qualinove.com.br\/site\/\",\"logo\":{\"@type\":\"ImageObject\",\"inLanguage\":\"pt-BR\",\"@id\":\"http:\/\/www.qualinove.com.br\/site\/#\/schema\/logo\/image\/\",\"url\":\"http:\/\/www.qualinove.com.br\/site\/wp-content\/uploads\/2016\/01\/logo_qualinove.png\",\"contentUrl\":\"http:\/\/www.qualinove.com.br\/site\/wp-content\/uploads\/2016\/01\/logo_qualinove.png\",\"width\":200,\"height\":100,\"caption\":\"Qualinove Assessoria Empresarial\"},\"image\":{\"@id\":\"http:\/\/www.qualinove.com.br\/site\/#\/schema\/logo\/image\/\"}}]}<\/script>\n","yoast_head_json":{"title":"ABVTEX (Associa\u00e7\u00e3o Brasileira do Varejo T\u00eaxtil) - Qualinove","robots":{"index":"index","follow":"follow","max-snippet":"max-snippet:-1","max-image-preview":"max-image-preview:large","max-video-preview":"max-video-preview:-1"},"canonical":"http:\/\/www.qualinove.com.br\/site\/certificacao-abvtex-associacao-brasileira-do-varejo-textil\/","og_locale":"pt_BR","og_type":"article","og_title":"ABVTEX (Associa\u00e7\u00e3o Brasileira do Varejo T\u00eaxtil) - Qualinove","og_description":"A Certifica\u00e7\u00e3o ABVTEX (Associa\u00e7\u00e3o Brasileira do Varejo T\u00eaxtil) \u00e9 um programa nacional que estabelece crit\u00e9rios rigorosos para promover conformidade legal, responsabilidade social e sustentabilidade na cadeia produtiva do setor t\u00eaxtil e de confec\u00e7\u00e3o. Mais do que um requisito comercial, a ABVTEX tornou-se um diferencial competitivo para empresas que desejam fornecer&hellip;","og_url":"http:\/\/www.qualinove.com.br\/site\/certificacao-abvtex-associacao-brasileira-do-varejo-textil\/","og_site_name":"Qualinove","article_modified_time":"2026-02-13T13:44:13+00:00","og_image":[{"url":"https:\/\/www.qualinove.com.br\/site\/wp-content\/uploads\/2026\/02\/OIP.webp","type":"","width":"","height":""}],"twitter_card":"summary_large_image","twitter_misc":{"Est. reading time":"2 minutos"},"schema":{"@context":"https:\/\/schema.org","@graph":[{"@type":"WebPage","@id":"http:\/\/www.qualinove.com.br\/site\/certificacao-abvtex-associacao-brasileira-do-varejo-textil\/","url":"http:\/\/www.qualinove.com.br\/site\/certificacao-abvtex-associacao-brasileira-do-varejo-textil\/","name":"ABVTEX (Associa\u00e7\u00e3o Brasileira do Varejo T\u00eaxtil) - Qualinove","isPartOf":{"@id":"http:\/\/www.qualinove.com.br\/site\/#website"},"primaryImageOfPage":{"@id":"http:\/\/www.qualinove.com.br\/site\/certificacao-abvtex-associacao-brasileira-do-varejo-textil\/#primaryimage"},"image":{"@id":"http:\/\/www.qualinove.com.br\/site\/certificacao-abvtex-associacao-brasileira-do-varejo-textil\/#primaryimage"},"thumbnailUrl":"https:\/\/www.qualinove.com.br\/site\/wp-content\/uploads\/2026\/02\/OIP.webp","datePublished":"2026-02-12T22:23:04+00:00","dateModified":"2026-02-13T13:44:13+00:00","breadcrumb":{"@id":"http:\/\/www.qualinove.com.br\/site\/certificacao-abvtex-associacao-brasileira-do-varejo-textil\/#breadcrumb"},"inLanguage":"pt-BR","potentialAction":[{"@type":"ReadAction","target":["http:\/\/www.qualinove.com.br\/site\/certificacao-abvtex-associacao-brasileira-do-varejo-textil\/"]}]},{"@type":"ImageObject","inLanguage":"pt-BR","@id":"http:\/\/www.qualinove.com.br\/site\/certificacao-abvtex-associacao-brasileira-do-varejo-textil\/#primaryimage","url":"https:\/\/www.qualinove.com.br\/site\/wp-content\/uploads\/2026\/02\/OIP.webp","contentUrl":"https:\/\/www.qualinove.com.br\/site\/wp-content\/uploads\/2026\/02\/OIP.webp"},{"@type":"BreadcrumbList","@id":"http:\/\/www.qualinove.com.br\/site\/certificacao-abvtex-associacao-brasileira-do-varejo-textil\/#breadcrumb","itemListElement":[{"@type":"ListItem","position":1,"name":"In\u00edcio","item":"https:\/\/www.qualinove.com.br\/site\/"},{"@type":"ListItem","position":2,"name":"ABVTEX (Associa\u00e7\u00e3o Brasileira do Varejo T\u00eaxtil)"}]},{"@type":"WebSite","@id":"http:\/\/www.qualinove.com.br\/site\/#website","url":"http:\/\/www.qualinove.com.br\/site\/","name":"Qualinove","description":"Inova\u00e7\u00e3o e Qualidade em Sistemas de Gest\u00e3o","publisher":{"@id":"http:\/\/www.qualinove.com.br\/site\/#organization"},"potentialAction":[{"@type":"SearchAction","target":{"@type":"EntryPoint","urlTemplate":"http:\/\/www.qualinove.com.br\/site\/?s={search_term_string}"},"query-input":{"@type":"PropertyValueSpecification","valueRequired":true,"valueName":"search_term_string"}}],"inLanguage":"pt-BR"},{"@type":"Organization","@id":"http:\/\/www.qualinove.com.br\/site\/#organization","name":"Qualinove Assessoria Empresarial","url":"http:\/\/www.qualinove.com.br\/site\/","logo":{"@type":"ImageObject","inLanguage":"pt-BR","@id":"http:\/\/www.qualinove.com.br\/site\/#\/schema\/logo\/image\/","url":"http:\/\/www.qualinove.com.br\/site\/wp-content\/uploads\/2016\/01\/logo_qualinove.png","contentUrl":"http:\/\/www.qualinove.com.br\/site\/wp-content\/uploads\/2016\/01\/logo_qualinove.png","width":200,"height":100,"caption":"Qualinove Assessoria Empresarial"},"image":{"@id":"http:\/\/www.qualinove.com.br\/site\/#\/schema\/logo\/image\/"}}]}},"_links":{"self":[{"href":"http:\/\/www.qualinove.com.br\/site\/wp-json\/wp\/v2\/pages\/5280","targetHints":{"allow":["GET"]}}],"collection":[{"href":"http:\/\/www.qualinove.com.br\/site\/wp-json\/wp\/v2\/pages"}],"about":[{"href":"http:\/\/www.qualinove.com.br\/site\/wp-json\/wp\/v2\/types\/page"}],"author":[{"embeddable":true,"href":"http:\/\/www.qualinove.com.br\/site\/wp-json\/wp\/v2\/users\/3"}],"replies":[{"embeddable":true,"href":"http:\/\/www.qualinove.com.br\/site\/wp-json\/wp\/v2\/comments?post=5280"}],"version-history":[{"count":3,"href":"http:\/\/www.qualinove.com.br\/site\/wp-json\/wp\/v2\/pages\/5280\/revisions"}],"predecessor-version":[{"id":5288,"href":"http:\/\/www.qualinove.com.br\/site\/wp-json\/wp\/v2\/pages\/5280\/revisions\/5288"}],"wp:attachment":[{"href":"http:\/\/www.qualinove.com.br\/site\/wp-json\/wp\/v2\/media?parent=5280"}],"curies":[{"name":"wp","href":"https:\/\/api.w.org\/{rel}","templated":true}]}}