{"id":72,"date":"2016-04-15T00:00:28","date_gmt":"2016-04-15T03:00:28","guid":{"rendered":"http:\/\/www.qualinove.com.br\/site\/?page_id=72"},"modified":"2026-02-23T14:20:42","modified_gmt":"2026-02-23T17:20:42","slug":"a-empresa","status":"publish","type":"page","link":"http:\/\/www.qualinove.com.br\/site\/a-empresa\/","title":{"rendered":"A Empresa"},"content":{"rendered":"<p><img loading=\"lazy\" decoding=\"async\" class=\"alignnone size-full wp-image-340\" src=\"http:\/\/www.qualinove.com.br\/site\/wp-content\/uploads\/2016\/04\/qualinove-banner.jpg\" alt=\"Qualinove Banner\" width=\"1600\" height=\"400\" srcset=\"http:\/\/www.qualinove.com.br\/site\/wp-content\/uploads\/2016\/04\/qualinove-banner.jpg 1600w, http:\/\/www.qualinove.com.br\/site\/wp-content\/uploads\/2016\/04\/qualinove-banner-300x75.jpg 300w, http:\/\/www.qualinove.com.br\/site\/wp-content\/uploads\/2016\/04\/qualinove-banner-768x192.jpg 768w, http:\/\/www.qualinove.com.br\/site\/wp-content\/uploads\/2016\/04\/qualinove-banner-1024x256.jpg 1024w\" sizes=\"auto, (max-width: 1600px) 100vw, 1600px\" \/><\/p>\n<h2>Quem somos<\/h2>\n<p>A Qualinove Assessoria Empresarial foi criada em 2009 a partir da experi\u00eancia de uma Qu\u00edmica, que vislumbrou no mercado a necessidade e possibilidade de compartilhar seus conhecimentos pr\u00e1ticos de Sistema de Gest\u00e3o Integrado.<\/p>\n<p>O diferencial da Qualinove \u00e9 que ao inv\u00e9s de simplesmente indicar caminhos e solu\u00e7\u00f5es, trabalhamos dia a dia ao lado de nossos clientes construindo, implantando e acompanhando melhorias.<\/p>\n<p>Hoje a Qualinove conta com profissionais capacitados para aux\u00edlio e treinamento de colaboradores, podendo proporcionar para seus clientes gest\u00e3o na \u00e1rea operacional, de pessoas e de qualidade.<\/p>\n<h2><strong>Pol\u00edtica do Sistema de Gest\u00e3o da Qualidade<\/strong><\/h2>\n<p>A Qualinove Assessoria se compromete com os seguintes compromissos em seu Sistema de Gest\u00e3o da Qualidade definido a seguinte Pol\u00edtica da Qualidade:<\/p>\n<p>Atender de forma personalizada seus clientes que buscam por assessoria, consultoria e treinamentos em sistemas de gest\u00e3o de normas certific\u00e1veis, requisitos legais, internos ou gest\u00e3o financeira com foco na melhoria cont\u00ednua de sua equipe e sistem\u00e1ticas.<\/p>\n<p>Cumprir os requisitos legais e normativos aplic\u00e1veis \u00e0 cada organiza\u00e7\u00e3o na busca constante de conhecimento e atualiza\u00e7\u00e3o para que as necessidades e expectativas dos clientes sejam atendidas.<\/p>\n<p>Ser l\u00edder na presta\u00e7\u00e3o de servi\u00e7os presenciais e \/ ou online na regi\u00e3o Sudeste do Brasil com \u00e9tica, transpar\u00eancia, comprometimento e dedica\u00e7\u00e3o, garantindo a confidencialidade das informa\u00e7\u00f5es de nossos clientes.<\/p>\n<p>Revis\u00e3o 00 14\/10\/2022<\/p>\n<p><a href=\"http:\/\/www.qualinove.com.br\/site\/wp-content\/uploads\/2026\/02\/Certificado-ISO-9001-valido-ate-14.02.2029-1.pdf\" target=\"_blank\" rel=\"noopener\">Certificado ISO 9001:2015<\/a><\/p>\n\n\n<p><\/p>\n","protected":false},"excerpt":{"rendered":"<p>Quem somos A Qualinove Assessoria Empresarial foi criada em 2009 a partir da experi\u00eancia de uma Qu\u00edmica, que vislumbrou no mercado a necessidade e possibilidade de compartilhar seus conhecimentos pr\u00e1ticos de Sistema de Gest\u00e3o Integrado. O diferencial da Qualinove \u00e9 que ao inv\u00e9s de simplesmente indicar caminhos e solu\u00e7\u00f5es, trabalhamos&hellip; <\/p>\n","protected":false},"author":1,"featured_media":277,"parent":0,"menu_order":0,"comment_status":"closed","ping_status":"closed","template":"","meta":{"footnotes":""},"class_list":["post-72","page","type-page","status-publish","has-post-thumbnail","hentry"],"yoast_head":"\n<title>A Empresa - Qualinove<\/title>\n<meta name=\"robots\" content=\"index, follow, max-snippet:-1, max-image-preview:large, max-video-preview:-1\" \/>\n<link rel=\"canonical\" href=\"http:\/\/www.qualinove.com.br\/site\/a-empresa\/\" \/>\n<meta property=\"og:locale\" content=\"pt_BR\" \/>\n<meta property=\"og:type\" content=\"article\" \/>\n<meta property=\"og:title\" content=\"A Empresa - Qualinove\" \/>\n<meta property=\"og:description\" content=\"Quem somos A Qualinove Assessoria Empresarial foi criada em 2009 a partir da experi\u00eancia de uma Qu\u00edmica, que vislumbrou no mercado a necessidade e possibilidade de compartilhar seus conhecimentos pr\u00e1ticos de Sistema de Gest\u00e3o Integrado. O diferencial da Qualinove \u00e9 que ao inv\u00e9s de simplesmente indicar caminhos e solu\u00e7\u00f5es, trabalhamos&hellip;\" \/>\n<meta property=\"og:url\" content=\"http:\/\/www.qualinove.com.br\/site\/a-empresa\/\" \/>\n<meta property=\"og:site_name\" content=\"Qualinove\" \/>\n<meta property=\"article:modified_time\" content=\"2026-02-23T17:20:42+00:00\" \/>\n<meta property=\"og:image\" content=\"http:\/\/www.qualinove.com.br\/site\/wp-content\/uploads\/2016\/01\/qualinove-logo-frase.png\" \/>\n\t<meta property=\"og:image:width\" content=\"299\" \/>\n\t<meta property=\"og:image:height\" content=\"150\" \/>\n\t<meta property=\"og:image:type\" content=\"image\/png\" \/>\n<meta name=\"twitter:card\" content=\"summary_large_image\" \/>\n<meta name=\"twitter:label1\" content=\"Est. reading time\" \/>\n\t<meta name=\"twitter:data1\" content=\"2 minutos\" \/>\n<script type=\"application\/ld+json\" class=\"yoast-schema-graph\">{\"@context\":\"https:\/\/schema.org\",\"@graph\":[{\"@type\":\"WebPage\",\"@id\":\"http:\/\/www.qualinove.com.br\/site\/a-empresa\/\",\"url\":\"http:\/\/www.qualinove.com.br\/site\/a-empresa\/\",\"name\":\"A Empresa - Qualinove\",\"isPartOf\":{\"@id\":\"http:\/\/www.qualinove.com.br\/site\/#website\"},\"primaryImageOfPage\":{\"@id\":\"http:\/\/www.qualinove.com.br\/site\/a-empresa\/#primaryimage\"},\"image\":{\"@id\":\"http:\/\/www.qualinove.com.br\/site\/a-empresa\/#primaryimage\"},\"thumbnailUrl\":\"http:\/\/www.qualinove.com.br\/site\/wp-content\/uploads\/2016\/01\/qualinove-logo-frase.png\",\"datePublished\":\"2016-04-15T03:00:28+00:00\",\"dateModified\":\"2026-02-23T17:20:42+00:00\",\"breadcrumb\":{\"@id\":\"http:\/\/www.qualinove.com.br\/site\/a-empresa\/#breadcrumb\"},\"inLanguage\":\"pt-BR\",\"potentialAction\":[{\"@type\":\"ReadAction\",\"target\":[\"http:\/\/www.qualinove.com.br\/site\/a-empresa\/\"]}]},{\"@type\":\"ImageObject\",\"inLanguage\":\"pt-BR\",\"@id\":\"http:\/\/www.qualinove.com.br\/site\/a-empresa\/#primaryimage\",\"url\":\"http:\/\/www.qualinove.com.br\/site\/wp-content\/uploads\/2016\/01\/qualinove-logo-frase.png\",\"contentUrl\":\"http:\/\/www.qualinove.com.br\/site\/wp-content\/uploads\/2016\/01\/qualinove-logo-frase.png\",\"width\":299,\"height\":150,\"caption\":\"qualinove logo\"},{\"@type\":\"BreadcrumbList\",\"@id\":\"http:\/\/www.qualinove.com.br\/site\/a-empresa\/#breadcrumb\",\"itemListElement\":[{\"@type\":\"ListItem\",\"position\":1,\"name\":\"In\u00edcio\",\"item\":\"https:\/\/www.qualinove.com.br\/site\/\"},{\"@type\":\"ListItem\",\"position\":2,\"name\":\"A Empresa\"}]},{\"@type\":\"WebSite\",\"@id\":\"http:\/\/www.qualinove.com.br\/site\/#website\",\"url\":\"http:\/\/www.qualinove.com.br\/site\/\",\"name\":\"Qualinove\",\"description\":\"Inova\u00e7\u00e3o e Qualidade em Sistemas de Gest\u00e3o\",\"publisher\":{\"@id\":\"http:\/\/www.qualinove.com.br\/site\/#organization\"},\"potentialAction\":[{\"@type\":\"SearchAction\",\"target\":{\"@type\":\"EntryPoint\",\"urlTemplate\":\"http:\/\/www.qualinove.com.br\/site\/?s={search_term_string}\"},\"query-input\":{\"@type\":\"PropertyValueSpecification\",\"valueRequired\":true,\"valueName\":\"search_term_string\"}}],\"inLanguage\":\"pt-BR\"},{\"@type\":\"Organization\",\"@id\":\"http:\/\/www.qualinove.com.br\/site\/#organization\",\"name\":\"Qualinove Assessoria Empresarial\",\"url\":\"http:\/\/www.qualinove.com.br\/site\/\",\"logo\":{\"@type\":\"ImageObject\",\"inLanguage\":\"pt-BR\",\"@id\":\"http:\/\/www.qualinove.com.br\/site\/#\/schema\/logo\/image\/\",\"url\":\"http:\/\/www.qualinove.com.br\/site\/wp-content\/uploads\/2016\/01\/logo_qualinove.png\",\"contentUrl\":\"http:\/\/www.qualinove.com.br\/site\/wp-content\/uploads\/2016\/01\/logo_qualinove.png\",\"width\":200,\"height\":100,\"caption\":\"Qualinove Assessoria Empresarial\"},\"image\":{\"@id\":\"http:\/\/www.qualinove.com.br\/site\/#\/schema\/logo\/image\/\"}}]}<\/script>\n","yoast_head_json":{"title":"A Empresa - Qualinove","robots":{"index":"index","follow":"follow","max-snippet":"max-snippet:-1","max-image-preview":"max-image-preview:large","max-video-preview":"max-video-preview:-1"},"canonical":"http:\/\/www.qualinove.com.br\/site\/a-empresa\/","og_locale":"pt_BR","og_type":"article","og_title":"A Empresa - Qualinove","og_description":"Quem somos A Qualinove Assessoria Empresarial foi criada em 2009 a partir da experi\u00eancia de uma Qu\u00edmica, que vislumbrou no mercado a necessidade e possibilidade de compartilhar seus conhecimentos pr\u00e1ticos de Sistema de Gest\u00e3o Integrado. O diferencial da Qualinove \u00e9 que ao inv\u00e9s de simplesmente indicar caminhos e solu\u00e7\u00f5es, trabalhamos&hellip;","og_url":"http:\/\/www.qualinove.com.br\/site\/a-empresa\/","og_site_name":"Qualinove","article_modified_time":"2026-02-23T17:20:42+00:00","og_image":[{"width":299,"height":150,"url":"http:\/\/www.qualinove.com.br\/site\/wp-content\/uploads\/2016\/01\/qualinove-logo-frase.png","type":"image\/png"}],"twitter_card":"summary_large_image","twitter_misc":{"Est. reading time":"2 minutos"},"schema":{"@context":"https:\/\/schema.org","@graph":[{"@type":"WebPage","@id":"http:\/\/www.qualinove.com.br\/site\/a-empresa\/","url":"http:\/\/www.qualinove.com.br\/site\/a-empresa\/","name":"A Empresa - Qualinove","isPartOf":{"@id":"http:\/\/www.qualinove.com.br\/site\/#website"},"primaryImageOfPage":{"@id":"http:\/\/www.qualinove.com.br\/site\/a-empresa\/#primaryimage"},"image":{"@id":"http:\/\/www.qualinove.com.br\/site\/a-empresa\/#primaryimage"},"thumbnailUrl":"http:\/\/www.qualinove.com.br\/site\/wp-content\/uploads\/2016\/01\/qualinove-logo-frase.png","datePublished":"2016-04-15T03:00:28+00:00","dateModified":"2026-02-23T17:20:42+00:00","breadcrumb":{"@id":"http:\/\/www.qualinove.com.br\/site\/a-empresa\/#breadcrumb"},"inLanguage":"pt-BR","potentialAction":[{"@type":"ReadAction","target":["http:\/\/www.qualinove.com.br\/site\/a-empresa\/"]}]},{"@type":"ImageObject","inLanguage":"pt-BR","@id":"http:\/\/www.qualinove.com.br\/site\/a-empresa\/#primaryimage","url":"http:\/\/www.qualinove.com.br\/site\/wp-content\/uploads\/2016\/01\/qualinove-logo-frase.png","contentUrl":"http:\/\/www.qualinove.com.br\/site\/wp-content\/uploads\/2016\/01\/qualinove-logo-frase.png","width":299,"height":150,"caption":"qualinove logo"},{"@type":"BreadcrumbList","@id":"http:\/\/www.qualinove.com.br\/site\/a-empresa\/#breadcrumb","itemListElement":[{"@type":"ListItem","position":1,"name":"In\u00edcio","item":"https:\/\/www.qualinove.com.br\/site\/"},{"@type":"ListItem","position":2,"name":"A Empresa"}]},{"@type":"WebSite","@id":"http:\/\/www.qualinove.com.br\/site\/#website","url":"http:\/\/www.qualinove.com.br\/site\/","name":"Qualinove","description":"Inova\u00e7\u00e3o e Qualidade em Sistemas de Gest\u00e3o","publisher":{"@id":"http:\/\/www.qualinove.com.br\/site\/#organization"},"potentialAction":[{"@type":"SearchAction","target":{"@type":"EntryPoint","urlTemplate":"http:\/\/www.qualinove.com.br\/site\/?s={search_term_string}"},"query-input":{"@type":"PropertyValueSpecification","valueRequired":true,"valueName":"search_term_string"}}],"inLanguage":"pt-BR"},{"@type":"Organization","@id":"http:\/\/www.qualinove.com.br\/site\/#organization","name":"Qualinove Assessoria Empresarial","url":"http:\/\/www.qualinove.com.br\/site\/","logo":{"@type":"ImageObject","inLanguage":"pt-BR","@id":"http:\/\/www.qualinove.com.br\/site\/#\/schema\/logo\/image\/","url":"http:\/\/www.qualinove.com.br\/site\/wp-content\/uploads\/2016\/01\/logo_qualinove.png","contentUrl":"http:\/\/www.qualinove.com.br\/site\/wp-content\/uploads\/2016\/01\/logo_qualinove.png","width":200,"height":100,"caption":"Qualinove Assessoria Empresarial"},"image":{"@id":"http:\/\/www.qualinove.com.br\/site\/#\/schema\/logo\/image\/"}}]}},"_links":{"self":[{"href":"http:\/\/www.qualinove.com.br\/site\/wp-json\/wp\/v2\/pages\/72","targetHints":{"allow":["GET"]}}],"collection":[{"href":"http:\/\/www.qualinove.com.br\/site\/wp-json\/wp\/v2\/pages"}],"about":[{"href":"http:\/\/www.qualinove.com.br\/site\/wp-json\/wp\/v2\/types\/page"}],"author":[{"embeddable":true,"href":"http:\/\/www.qualinove.com.br\/site\/wp-json\/wp\/v2\/users\/1"}],"replies":[{"embeddable":true,"href":"http:\/\/www.qualinove.com.br\/site\/wp-json\/wp\/v2\/comments?post=72"}],"version-history":[{"count":24,"href":"http:\/\/www.qualinove.com.br\/site\/wp-json\/wp\/v2\/pages\/72\/revisions"}],"predecessor-version":[{"id":5346,"href":"http:\/\/www.qualinove.com.br\/site\/wp-json\/wp\/v2\/pages\/72\/revisions\/5346"}],"wp:featuredmedia":[{"embeddable":true,"href":"http:\/\/www.qualinove.com.br\/site\/wp-json\/wp\/v2\/media\/277"}],"wp:attachment":[{"href":"http:\/\/www.qualinove.com.br\/site\/wp-json\/wp\/v2\/media?parent=72"}],"curies":[{"name":"wp","href":"https:\/\/api.w.org\/{rel}","templated":true}]}}